{"id":91411,"date":"2026-01-29T00:02:35","date_gmt":"2026-01-28T23:02:35","guid":{"rendered":"https:\/\/interiorposter.com\/?post_type=product&#038;p=91411"},"modified":"2026-03-19T01:03:41","modified_gmt":"2026-03-19T00:03:41","slug":"plakat-warszawa-panorama-starego-miasta-i-skyline","status":"publish","type":"product","link":"https:\/\/interiorposter.com\/pl\/product\/plakat-warszawa-panorama-starego-miasta-i-skyline\/","title":{"rendered":"Plakat Warszawa panorama Starego Miasta i skyline"},"content":{"rendered":"<p>Ten fotograficzny plakat pokazuje Warszaw\u0119 w wyj\u0105tkowym uj\u0119ciu, gdzie historyczne Stare Miasto spotyka si\u0119 z nowoczesnym skyline wie\u017cowc\u00f3w. Na pierwszym planie wida\u0107 g\u0119st\u0105 zabudow\u0119 z czerwonymi dachami i charakterystyczn\u0105 architektur\u0119, a w tle dynamiczn\u0105 lini\u0119 miasta, kt\u00f3ra dodaje energii i wielkomiejskiego stylu. Kolorystyka jest ciep\u0142a i kontrastowa: ceglane czerwienie, be\u017ce i kremy kamienic prze\u0142amane ch\u0142odnym b\u0142\u0119kitem nieba oraz stalowymi tonami nowoczesnych budynk\u00f3w. To idealna grafika na \u015bcian\u0119 do salonu, biura lub przedpokoju, \u015bwietnie wygl\u0105da te\u017c w sypialni, hotelu i restauracji, gdzie chcesz podkre\u015bli\u0107 miejski charakter wn\u0119trza. Je\u015bli szukasz obrazu do salonu, kt\u00f3ry \u0142\u0105czy klasyk\u0119 z nowoczesno\u015bci\u0105 i przyci\u0105ga wzrok bez przesady, ten plakat b\u0119dzie mocnym, a jednocze\u015bnie eleganckim akcentem.<\/p>\n","protected":false},"excerpt":{"rendered":"<p>Plakat Warszawa: Stare Miasto z czerwonymi dachami i nowoczesny skyline w tle, ciep\u0142e barwy i miejski charakter do salonu lub biura.<\/p>\n","protected":false},"featured_media":145476,"comment_status":"open","ping_status":"closed","template":"","meta":[],"product_brand":[],"product_cat":[88,110,76,137,122,107,73,91,85,70],"product_tag":[706,188],"class_list":{"0":"post-91411","1":"product","2":"type-product","3":"status-publish","4":"has-post-thumbnail","6":"product_cat-biuro","7":"product_cat-fotografia","8":"product_cat-hotel-pl","9":"product_cat-krajobrazy","10":"product_cat-miasta-i-mosty","11":"product_cat-nowoczesne","12":"product_cat-przedpokoj","13":"product_cat-restauracja","14":"product_cat-salon","15":"product_cat-sypialnia","16":"product_tag-pionowy","17":"product_tag-wielokolorowy","19":"first","20":"instock","21":"taxable","22":"shipping-taxable","23":"purchasable","24":"product-type-variable","25":"has-default-attributes"},"aioseo_notices":[],"_links":{"self":[{"href":"https:\/\/interiorposter.com\/pl\/wp-json\/wp\/v2\/product\/91411","targetHints":{"allow":["GET"]}}],"collection":[{"href":"https:\/\/interiorposter.com\/pl\/wp-json\/wp\/v2\/product"}],"about":[{"href":"https:\/\/interiorposter.com\/pl\/wp-json\/wp\/v2\/types\/product"}],"replies":[{"embeddable":true,"href":"https:\/\/interiorposter.com\/pl\/wp-json\/wp\/v2\/comments?post=91411"}],"wp:featuredmedia":[{"embeddable":true,"href":"https:\/\/interiorposter.com\/pl\/wp-json\/wp\/v2\/media\/145476"}],"wp:attachment":[{"href":"https:\/\/interiorposter.com\/pl\/wp-json\/wp\/v2\/media?parent=91411"}],"wp:term":[{"taxonomy":"product_brand","embeddable":true,"href":"https:\/\/interiorposter.com\/pl\/wp-json\/wp\/v2\/product_brand?post=91411"},{"taxonomy":"product_cat","embeddable":true,"href":"https:\/\/interiorposter.com\/pl\/wp-json\/wp\/v2\/product_cat?post=91411"},{"taxonomy":"product_tag","embeddable":true,"href":"https:\/\/interiorposter.com\/pl\/wp-json\/wp\/v2\/product_tag?post=91411"}],"curies":[{"name":"wp","href":"https:\/\/api.w.org\/{rel}","templated":true}]}}