{"id":68443,"date":"2025-11-12T01:26:57","date_gmt":"2025-11-12T00:26:57","guid":{"rendered":"https:\/\/interiorposter.com\/?post_type=product&#038;p=68443"},"modified":"2026-03-19T01:22:48","modified_gmt":"2026-03-19T00:22:48","slug":"plakat-zlote-dmuchawce-glamour-z-efektem-swiatla","status":"publish","type":"product","link":"https:\/\/interiorposter.com\/pl\/product\/plakat-zlote-dmuchawce-glamour-z-efektem-swiatla\/","title":{"rendered":"Plakat z\u0142ote dmuchawce glamour z efektem \u015bwiat\u0142a"},"content":{"rendered":"<p>Elegancka kompozycja z trzema puszystymi dmuchawcami w z\u0142otych akcentach na jasnym tle wprowadza do wn\u0119trza lekko\u015b\u0107 i luksusowy blask. Delikatne linie \u0142odyg i subtelne roz\u015bwietlenia buduj\u0105 wra\u017cenie harmonii, a przy tym przyci\u0105gaj\u0105 wzrok jak bi\u017cuteryjny detal w aran\u017cacji. To \u015bwietna propozycja jako obraz do salonu i stylowa grafika na \u015bcianie, kt\u00f3ra podnosi poziom wystroju bez nadmiaru. Plakat sprawdzi si\u0119 te\u017c w sypialni, przedpokoju oraz biurze, a w hotelu lub restauracji doda przestrzeni klasy i spokojnej elegancji. Kolorystyka jasna z odcieniami z\u0142ota pasuje do bieli, be\u017cy, czerni i marmuru, pi\u0119knie wsp\u00f3\u0142gra r\u00f3wnie\u017c ze z\u0142otymi dodatkami i mi\u0119kkimi tkaninami.<\/p>\n","protected":false},"excerpt":{"rendered":"<p>Z\u0142ote dmuchawce na jasnym tle w stylu glamour. Subtelny plakat, kt\u00f3ry roz\u015bwietla salon lub sypialni\u0119 i dodaje wn\u0119trzu elegancji.<\/p>\n","protected":false},"featured_media":68465,"comment_status":"open","ping_status":"closed","template":"","meta":[],"product_brand":[],"product_cat":[88,101,76,291,140,104,107,73,91,125,85,70,209],"product_tag":[276,706,188],"class_list":{"0":"post-68443","1":"product","2":"type-product","3":"status-publish","4":"has-post-thumbnail","6":"product_cat-biuro","7":"product_cat-glamour-pl","8":"product_cat-hotel-pl","9":"product_cat-ilustracje","10":"product_cat-makro-pl","11":"product_cat-minimalistyczne","12":"product_cat-nowoczesne","13":"product_cat-przedpokoj","14":"product_cat-restauracja","15":"product_cat-rosliny-i-kwiaty","16":"product_cat-salon","17":"product_cat-sypialnia","18":"product_cat-sztuka-koncepcyjna","19":"product_tag-jasne","20":"product_tag-pionowy","21":"product_tag-wielokolorowy","23":"first","24":"instock","25":"taxable","26":"shipping-taxable","27":"purchasable","28":"product-type-variable","29":"has-default-attributes"},"aioseo_notices":[],"_links":{"self":[{"href":"https:\/\/interiorposter.com\/pl\/wp-json\/wp\/v2\/product\/68443","targetHints":{"allow":["GET"]}}],"collection":[{"href":"https:\/\/interiorposter.com\/pl\/wp-json\/wp\/v2\/product"}],"about":[{"href":"https:\/\/interiorposter.com\/pl\/wp-json\/wp\/v2\/types\/product"}],"replies":[{"embeddable":true,"href":"https:\/\/interiorposter.com\/pl\/wp-json\/wp\/v2\/comments?post=68443"}],"wp:featuredmedia":[{"embeddable":true,"href":"https:\/\/interiorposter.com\/pl\/wp-json\/wp\/v2\/media\/68465"}],"wp:attachment":[{"href":"https:\/\/interiorposter.com\/pl\/wp-json\/wp\/v2\/media?parent=68443"}],"wp:term":[{"taxonomy":"product_brand","embeddable":true,"href":"https:\/\/interiorposter.com\/pl\/wp-json\/wp\/v2\/product_brand?post=68443"},{"taxonomy":"product_cat","embeddable":true,"href":"https:\/\/interiorposter.com\/pl\/wp-json\/wp\/v2\/product_cat?post=68443"},{"taxonomy":"product_tag","embeddable":true,"href":"https:\/\/interiorposter.com\/pl\/wp-json\/wp\/v2\/product_tag?post=68443"}],"curies":[{"name":"wp","href":"https:\/\/api.w.org\/{rel}","templated":true}]}}