{"id":62917,"date":"2025-06-23T11:59:27","date_gmt":"2025-06-23T09:59:27","guid":{"rendered":"https:\/\/interiorposter.com\/?post_type=product&#038;p=62917"},"modified":"2026-03-19T01:14:34","modified_gmt":"2026-03-19T00:14:34","slug":"nowoczesny-obraz-na-plotnie-kwiaty-w-odcieniach-brazu-i-pomaranczy-elegancka-abstrakcja-do-salonu-i-sypialni","status":"publish","type":"product","link":"https:\/\/interiorposter.com\/pl\/product\/nowoczesny-obraz-na-plotnie-kwiaty-w-odcieniach-brazu-i-pomaranczy-elegancka-abstrakcja-do-salonu-i-sypialni\/","title":{"rendered":"Abstrakcyjne kwiaty i muzyka \u2013 obraz na p\u0142\u00f3tnie"},"content":{"rendered":"<p>Ten nowoczesny obraz na p\u0142\u00f3tnie to niezwyk\u0142e po\u0142\u0105czenie kwiatowego pi\u0119kna i subtelnej abstrakcji. Dominuj\u0105ce motywy przypominaj\u0105 r\u00f3\u017ce \u2013 jednak ukazane s\u0105 w nietypowej, niemal dekoracyjnej formie, jakby zosta\u0142y uformowane z papieru lub delikatnego lukru. Ich kszta\u0142ty s\u0105 schematyczne, ale jednocze\u015bnie niezwykle wyraziste, co nadaje ca\u0142ej kompozycji wyj\u0105tkowego charakteru.<\/p>\n<p>Kolorystyka obrazu utrzymana jest w ciep\u0142ych, g\u0142\u0119bokich tonacjach br\u0105zu i pomara\u0144czy z domieszk\u0105 czerwieni i innych akcent\u00f3w kolorystycznych. Przeplataj\u0105 si\u0119 tu zar\u00f3wno ciemniejsze fragmenty, jak i ja\u015bniejsze detale, tworz\u0105c harmonijn\u0105 i nieco tajemnicz\u0105 atmosfer\u0119. T\u0142o zdobi\u0105 abstrakcyjne linie, kszta\u0142ty przypominaj\u0105ce li\u015bcie oraz uproszczone sylwetki kwiat\u00f3w w stylu rumiank\u00f3w, co jeszcze bardziej podkre\u015bla nowoczesny i artystyczny charakter dzie\u0142a.<\/p>\n<p>Obraz ten doskonale sprawdzi si\u0119 w wielu wn\u0119trzach \u2013 od przytulnych sypialni, przez eleganckie salony, a\u017c po nowoczesne biura czy korytarze. Jego spokojna, ale wyrazista kolorystyka sprawia, \u017ce wprowadza do pomieszczenia poczucie harmonii, ciep\u0142a i wyrafinowania. To idealna propozycja dla os\u00f3b, kt\u00f3re szukaj\u0105 czego\u015b wi\u0119cej ni\u017c klasycznej dekoracji \u2013 czego\u015b, co wzbudza emocje i przyci\u0105ga uwag\u0119.<\/p>\n","protected":false},"excerpt":{"rendered":"<p>Elegancki obraz z kwiatowym motywem w ciep\u0142ych odcieniach br\u0105zu i pomara\u0144czy. Doskona\u0142y wyb\u00f3r do salonu, sypialni lub biura \u2013 wnosi spok\u00f3j, styl i nut\u0119 nowoczesnej abstrakcji.<\/p>\n","protected":false},"featured_media":64128,"comment_status":"open","ping_status":"closed","template":"","meta":[],"product_brand":[],"product_cat":[97,88,76,291,107,73,125,85,70,209],"product_tag":[701,188],"class_list":{"0":"post-62917","1":"product","2":"type-product","3":"status-publish","4":"has-post-thumbnail","6":"product_cat-abstrakcja","7":"product_cat-biuro","8":"product_cat-hotel-pl","9":"product_cat-ilustracje","10":"product_cat-nowoczesne","11":"product_cat-przedpokoj","12":"product_cat-rosliny-i-kwiaty","13":"product_cat-salon","14":"product_cat-sypialnia","15":"product_cat-sztuka-koncepcyjna","16":"product_tag-poziomy","17":"product_tag-wielokolorowy","19":"first","20":"instock","21":"taxable","22":"shipping-taxable","23":"purchasable","24":"product-type-variable","25":"has-default-attributes"},"aioseo_notices":[],"_links":{"self":[{"href":"https:\/\/interiorposter.com\/pl\/wp-json\/wp\/v2\/product\/62917","targetHints":{"allow":["GET"]}}],"collection":[{"href":"https:\/\/interiorposter.com\/pl\/wp-json\/wp\/v2\/product"}],"about":[{"href":"https:\/\/interiorposter.com\/pl\/wp-json\/wp\/v2\/types\/product"}],"replies":[{"embeddable":true,"href":"https:\/\/interiorposter.com\/pl\/wp-json\/wp\/v2\/comments?post=62917"}],"wp:featuredmedia":[{"embeddable":true,"href":"https:\/\/interiorposter.com\/pl\/wp-json\/wp\/v2\/media\/64128"}],"wp:attachment":[{"href":"https:\/\/interiorposter.com\/pl\/wp-json\/wp\/v2\/media?parent=62917"}],"wp:term":[{"taxonomy":"product_brand","embeddable":true,"href":"https:\/\/interiorposter.com\/pl\/wp-json\/wp\/v2\/product_brand?post=62917"},{"taxonomy":"product_cat","embeddable":true,"href":"https:\/\/interiorposter.com\/pl\/wp-json\/wp\/v2\/product_cat?post=62917"},{"taxonomy":"product_tag","embeddable":true,"href":"https:\/\/interiorposter.com\/pl\/wp-json\/wp\/v2\/product_tag?post=62917"}],"curies":[{"name":"wp","href":"https:\/\/api.w.org\/{rel}","templated":true}]}}