{"id":62545,"date":"2025-12-16T23:45:48","date_gmt":"2025-12-16T22:45:48","guid":{"rendered":"https:\/\/interiorposter.com\/?post_type=product&#038;p=62545"},"modified":"2026-03-19T01:12:52","modified_gmt":"2026-03-19T00:12:52","slug":"malarski-obraz-na-plotnie-zaglowki-o-zachodzie-slonca","status":"publish","type":"product","link":"https:\/\/interiorposter.com\/pl\/product\/malarski-obraz-na-plotnie-zaglowki-o-zachodzie-slonca\/","title":{"rendered":"Obraz na p\u0142\u00f3tnie \u017bagl\u00f3wki o zachodzie s\u0142o\u0144ca w stylu malarskim"},"content":{"rendered":"<p>Ten malarski obraz na p\u0142\u00f3tnie, wykonywany jako obraz drukowany na p\u0142\u00f3tnie, przenosi do ciep\u0142ego, nadmorskiego wieczoru, kiedy s\u0142o\u0144ce mi\u0119kko rozlewa si\u0119 po horyzoncie i zamienia wod\u0119 w z\u0142ot\u0105 tafl\u0119. W centrum kompozycji stoj\u0105 dwie \u017cagl\u00f3wki zacumowane blisko siebie: jedna w miodowo-br\u0105zowych tonach, druga z wyrazistym, kobaltowym akcentem kad\u0142uba. Swobodne, dynamiczne poci\u0105gni\u0119cia p\u0119dzla i subtelne rozmycia tworz\u0105 \u015bwietliste refleksy na powierzchni morza, a mewy na tle nieba dodaj\u0105 scenie lekko\u015bci i poczucia ruchu. Kolorystyka jest zdecydowanie ciep\u0142a i jasna: dominuj\u0105 \u017c\u00f3\u0142cie, pomara\u0144cze oraz czerwienie, prze\u0142amane ch\u0142odnym b\u0142\u0119kitem i biel\u0105. Dzi\u0119ki temu obraz roz\u015bwietla przestrze\u0144, ociepla wn\u0119trze i buduje atmosfer\u0119 wakacyjnego spokoju.<\/p>\n<p>To doskona\u0142y obraz do salonu, je\u015bli chcesz doda\u0107 aran\u017cacji energii i \u015bwiat\u0142a, pi\u0119knie prezentuje si\u0119 nad sof\u0105, komod\u0105 lub w strefie jadalnianej. W sypialni pomo\u017ce stworzy\u0107 koj\u0105cy klimat i wprowadzi delikatn\u0105 nut\u0119 marze\u0144 o podr\u00f3\u017cy. W przedpokoju zadzia\u0142a jak jasne, optymistyczne powitanie, a w biurze przypomni o r\u00f3wnowadze i przestrzeni do oddechu w ci\u0105gu intensywnego dnia. Ten motyw sprawdzi si\u0119 r\u00f3wnie\u017c w hotelu oraz restauracji, szczeg\u00f3lnie w przestrzeniach inspirowanych morzem, przyci\u0105ga wzrok, a jednocze\u015bnie nie przyt\u0142acza.<\/p>\n<p>Je\u015bli szukasz obraz\u00f3w na \u015bcian\u0119 do salonu, kt\u00f3re \u0142\u0105cz\u0105 nowoczesn\u0105 lekko\u015b\u0107 z malarsk\u0105 ekspresj\u0105, ta marynistyczna scena b\u0119dzie \u015bwietnym wyborem. Pasuje do wn\u0119trz nowoczesnych i skandynawskich, a tak\u017ce do bardziej klasycznych aran\u017cacji, kt\u00f3rym chcesz doda\u0107 odrobiny koloru. Ten ladny obraz na p\u0142\u00f3tnie tworzy efekt ma\u0142ej podr\u00f3\u017cy: ociepla przestrze\u0144, optycznie j\u0105 otwiera i sprawia, \u017ce grafika na \u015bcianie staje si\u0119 mocnym, dekoracyjnym akcentem.<\/p>\n","protected":false},"excerpt":{"rendered":"<p>Malarski obraz na p\u0142\u00f3tnie z \u017cagl\u00f3wkami w z\u0142otym zachodzie s\u0142o\u0144ca. Ciep\u0142e barwy i kobaltowy akcent roz\u015bwietl\u0105 salon, sypialni\u0119, biuro, hotel lub restauracj\u0119.<\/p>\n","protected":false},"featured_media":140188,"comment_status":"open","ping_status":"closed","template":"","meta":[],"product_brand":[],"product_cat":[88,76,137,82,299,143,270,73,91,85,70],"product_tag":[701,188],"class_list":{"0":"post-62545","1":"product","2":"type-product","3":"status-publish","4":"has-post-thumbnail","6":"product_cat-biuro","7":"product_cat-hotel-pl","8":"product_cat-krajobrazy","9":"product_cat-kuchnia","10":"product_cat-malarskie","11":"product_cat-morze-i-wybrzeze","12":"product_cat-vehicles-pl","13":"product_cat-przedpokoj","14":"product_cat-restauracja","15":"product_cat-salon","16":"product_cat-sypialnia","17":"product_tag-poziomy","18":"product_tag-wielokolorowy","20":"first","21":"instock","22":"taxable","23":"shipping-taxable","24":"purchasable","25":"product-type-variable","26":"has-default-attributes"},"aioseo_notices":[],"_links":{"self":[{"href":"https:\/\/interiorposter.com\/pl\/wp-json\/wp\/v2\/product\/62545","targetHints":{"allow":["GET"]}}],"collection":[{"href":"https:\/\/interiorposter.com\/pl\/wp-json\/wp\/v2\/product"}],"about":[{"href":"https:\/\/interiorposter.com\/pl\/wp-json\/wp\/v2\/types\/product"}],"replies":[{"embeddable":true,"href":"https:\/\/interiorposter.com\/pl\/wp-json\/wp\/v2\/comments?post=62545"}],"wp:featuredmedia":[{"embeddable":true,"href":"https:\/\/interiorposter.com\/pl\/wp-json\/wp\/v2\/media\/140188"}],"wp:attachment":[{"href":"https:\/\/interiorposter.com\/pl\/wp-json\/wp\/v2\/media?parent=62545"}],"wp:term":[{"taxonomy":"product_brand","embeddable":true,"href":"https:\/\/interiorposter.com\/pl\/wp-json\/wp\/v2\/product_brand?post=62545"},{"taxonomy":"product_cat","embeddable":true,"href":"https:\/\/interiorposter.com\/pl\/wp-json\/wp\/v2\/product_cat?post=62545"},{"taxonomy":"product_tag","embeddable":true,"href":"https:\/\/interiorposter.com\/pl\/wp-json\/wp\/v2\/product_tag?post=62545"}],"curies":[{"name":"wp","href":"https:\/\/api.w.org\/{rel}","templated":true}]}}