{"id":59011,"date":"2025-11-21T10:54:12","date_gmt":"2025-11-21T09:54:12","guid":{"rendered":"https:\/\/interiorposter.com\/?post_type=product&#038;p=59011"},"modified":"2026-03-19T01:13:33","modified_gmt":"2026-03-19T00:13:33","slug":"obraz-na-plotnie-jelen-w-porannej-mgle-elegancka-dekoracja-salonu","status":"publish","type":"product","link":"https:\/\/interiorposter.com\/pl\/product\/obraz-na-plotnie-jelen-w-porannej-mgle-elegancka-dekoracja-salonu\/","title":{"rendered":"Obraz na p\u0142\u00f3tnie Jele\u0144 na polanie o \u015bwicie"},"content":{"rendered":"<p>Wprowad\u017a do wn\u0119trza spok\u00f3j natury i si\u0142\u0119 dzikiej przyrody. Ten obraz na p\u0142\u00f3tnie przedstawia dumnego jelenia z imponuj\u0105cym poro\u017cem na jesiennej polanie, w mi\u0119kkim \u015bwietle poranka. Kolorystyka jest ciep\u0142a i naturalna: z\u0142ote i rdzawe tony ro\u015blin przeplataj\u0105 si\u0119 z zieleni\u0105 oraz br\u0105zami sier\u015bci, a delikatna mg\u0142a w tle dodaje g\u0142\u0119bi i nastroju. To pi\u0119kny obraz do salonu, sypialni lub przedpokoju, \u015bwietnie sprawdzi si\u0119 te\u017c w biurze, hotelu czy restauracji, gdzie chcesz stworzy\u0107 przytuln\u0105, eleganck\u0105 atmosfer\u0119. Dekoracja na \u015bcian\u0119, kt\u00f3ra przyci\u0105ga wzrok i uspokaja.<\/p>\n","protected":false},"excerpt":{"rendered":"<p>Obraz na p\u0142\u00f3tnie z jeleniem na jesiennej polanie o \u015bwicie. Ciep\u0142e barwy, lekka mg\u0142a i klimat natury do salonu, sypialni i biura.<\/p>\n","protected":false},"featured_media":139247,"comment_status":"open","ping_status":"closed","template":"","meta":[],"product_brand":[],"product_cat":[88,110,76,137,73,91,85,113,70,256],"product_tag":[701,188],"class_list":{"0":"post-59011","1":"product","2":"type-product","3":"status-publish","4":"has-post-thumbnail","6":"product_cat-biuro","7":"product_cat-fotografia","8":"product_cat-hotel-pl","9":"product_cat-krajobrazy","10":"product_cat-przedpokoj","11":"product_cat-restauracja","12":"product_cat-salon","13":"product_cat-skandynawskie","14":"product_cat-sypialnia","15":"product_cat-zwierzeta-i-natura","16":"product_tag-poziomy","17":"product_tag-wielokolorowy","19":"first","20":"instock","21":"taxable","22":"shipping-taxable","23":"purchasable","24":"product-type-variable","25":"has-default-attributes"},"aioseo_notices":[],"_links":{"self":[{"href":"https:\/\/interiorposter.com\/pl\/wp-json\/wp\/v2\/product\/59011","targetHints":{"allow":["GET"]}}],"collection":[{"href":"https:\/\/interiorposter.com\/pl\/wp-json\/wp\/v2\/product"}],"about":[{"href":"https:\/\/interiorposter.com\/pl\/wp-json\/wp\/v2\/types\/product"}],"replies":[{"embeddable":true,"href":"https:\/\/interiorposter.com\/pl\/wp-json\/wp\/v2\/comments?post=59011"}],"wp:featuredmedia":[{"embeddable":true,"href":"https:\/\/interiorposter.com\/pl\/wp-json\/wp\/v2\/media\/139247"}],"wp:attachment":[{"href":"https:\/\/interiorposter.com\/pl\/wp-json\/wp\/v2\/media?parent=59011"}],"wp:term":[{"taxonomy":"product_brand","embeddable":true,"href":"https:\/\/interiorposter.com\/pl\/wp-json\/wp\/v2\/product_brand?post=59011"},{"taxonomy":"product_cat","embeddable":true,"href":"https:\/\/interiorposter.com\/pl\/wp-json\/wp\/v2\/product_cat?post=59011"},{"taxonomy":"product_tag","embeddable":true,"href":"https:\/\/interiorposter.com\/pl\/wp-json\/wp\/v2\/product_tag?post=59011"}],"curies":[{"name":"wp","href":"https:\/\/api.w.org\/{rel}","templated":true}]}}