{"id":58157,"date":"2026-02-17T04:48:45","date_gmt":"2026-02-17T03:48:45","guid":{"rendered":"https:\/\/interiorposter.com\/?post_type=product&#038;p=58157"},"modified":"2026-03-19T00:59:50","modified_gmt":"2026-03-18T23:59:50","slug":"obraz-na-plotnie-biale-konie-nad-morzem-o-zachodzie","status":"publish","type":"product","link":"https:\/\/interiorposter.com\/pl\/product\/obraz-na-plotnie-biale-konie-nad-morzem-o-zachodzie\/","title":{"rendered":"Obraz na p\u0142\u00f3tnie bia\u0142e konie nad morzem o zachodzie"},"content":{"rendered":"<p>Ten obraz na p\u0142\u00f3tnie zachwyca energi\u0105 i naturalnym pi\u0119knem. Bia\u0142e konie galopuj\u0105ce w p\u0142ytkiej wodzie tworz\u0105 dynamiczn\u0105 scen\u0119, kt\u00f3ra od razu o\u017cywia wn\u0119trze i dodaje mu przestrzeni. Fotograficzny styl \u0142\u0105czy elegancj\u0119 z dzik\u0105 swobod\u0105, idealnie pasuj\u0105c do nowoczesnych aran\u017cacji i wn\u0119trz inspirowanych natur\u0105. Kolorystyka jest ciep\u0142a i \u015bwietlista, z odcieniami z\u0142ota i brzoskwiniowego nieba, prze\u0142amanymi ch\u0142odnym b\u0142\u0119kitem morza oraz biel\u0105 sylwetek. To \u015bwietny obraz do salonu, sypialni, biura i przedpokoju, a tak\u017ce do hotelu lub restauracji, gdzie ma robi\u0107 wra\u017cenie. Doskona\u0142y wyb\u00f3r, je\u015bli szukasz obrazu na \u015bcian\u0119, kt\u00f3ry przyci\u0105ga spojrzenia i budzi emocje.<\/p>\n","protected":false},"excerpt":{"rendered":"<p>Obraz na p\u0142\u00f3tnie z bia\u0142ymi ko\u0144mi galopuj\u0105cymi w wodzie. Ciep\u0142y zach\u00f3d s\u0142o\u0144ca i b\u0142\u0119kit morza tworz\u0105 efektown\u0105 dekoracj\u0119 do salonu.<\/p>\n","protected":false},"featured_media":58226,"comment_status":"open","ping_status":"closed","template":"","meta":[],"product_brand":[],"product_cat":[88,110,76,137,143,73,91,85,70,256],"product_tag":[701,188],"class_list":{"0":"post-58157","1":"product","2":"type-product","3":"status-publish","4":"has-post-thumbnail","6":"product_cat-biuro","7":"product_cat-fotografia","8":"product_cat-hotel-pl","9":"product_cat-krajobrazy","10":"product_cat-morze-i-wybrzeze","11":"product_cat-przedpokoj","12":"product_cat-restauracja","13":"product_cat-salon","14":"product_cat-sypialnia","15":"product_cat-zwierzeta-i-natura","16":"product_tag-poziomy","17":"product_tag-wielokolorowy","19":"first","20":"instock","21":"taxable","22":"shipping-taxable","23":"purchasable","24":"product-type-variable","25":"has-default-attributes"},"aioseo_notices":[],"_links":{"self":[{"href":"https:\/\/interiorposter.com\/pl\/wp-json\/wp\/v2\/product\/58157","targetHints":{"allow":["GET"]}}],"collection":[{"href":"https:\/\/interiorposter.com\/pl\/wp-json\/wp\/v2\/product"}],"about":[{"href":"https:\/\/interiorposter.com\/pl\/wp-json\/wp\/v2\/types\/product"}],"replies":[{"embeddable":true,"href":"https:\/\/interiorposter.com\/pl\/wp-json\/wp\/v2\/comments?post=58157"}],"wp:featuredmedia":[{"embeddable":true,"href":"https:\/\/interiorposter.com\/pl\/wp-json\/wp\/v2\/media\/58226"}],"wp:attachment":[{"href":"https:\/\/interiorposter.com\/pl\/wp-json\/wp\/v2\/media?parent=58157"}],"wp:term":[{"taxonomy":"product_brand","embeddable":true,"href":"https:\/\/interiorposter.com\/pl\/wp-json\/wp\/v2\/product_brand?post=58157"},{"taxonomy":"product_cat","embeddable":true,"href":"https:\/\/interiorposter.com\/pl\/wp-json\/wp\/v2\/product_cat?post=58157"},{"taxonomy":"product_tag","embeddable":true,"href":"https:\/\/interiorposter.com\/pl\/wp-json\/wp\/v2\/product_tag?post=58157"}],"curies":[{"name":"wp","href":"https:\/\/api.w.org\/{rel}","templated":true}]}}