{"id":57878,"date":"2026-02-17T03:37:06","date_gmt":"2026-02-17T02:37:06","guid":{"rendered":"https:\/\/interiorposter.com\/?post_type=product&#038;p=57878"},"modified":"2026-03-19T01:00:03","modified_gmt":"2026-03-19T00:00:03","slug":"obraz-na-plotnie-uroczy-kociak-w-pastelach-do-salonu","status":"publish","type":"product","link":"https:\/\/interiorposter.com\/pl\/product\/obraz-na-plotnie-uroczy-kociak-w-pastelach-do-salonu\/","title":{"rendered":"Obraz na p\u0142\u00f3tnie uroczy kociak w pastelach do salonu"},"content":{"rendered":"<p>Ten subtelny obraz na p\u0142\u00f3tnie z kociakiem wnosi do wn\u0119trza spok\u00f3j i ciep\u0142o. Delikatny kadr, mi\u0119kkie futerko i czyste, b\u0142\u0119kitne spojrzenie buduj\u0105 przytulny klimat, kt\u00f3ry \u0142atwo pokochasz. Pastelowa paleta pudrowego r\u00f3\u017cu, be\u017cu, bieli i szaro\u015bci pi\u0119knie rozja\u015bnia przestrze\u0144 i pasuje do jasnych, skandynawskich aran\u017cacji. To \u015bwietny obraz do salonu, sypialni, przedpokoju, biura, a tak\u017ce do hotelu czy przytulnej restauracji jako grafika na \u015bcian\u0119. Idealny wyb\u00f3r, gdy chcesz doda\u0107 wn\u0119trzu lekko\u015bci i pozytywnych emocji.<\/p>\n","protected":false},"excerpt":{"rendered":"<p>Obraz na p\u0142\u00f3tnie z uroczym kociakiem w pastelach. Pudrowy r\u00f3\u017c, be\u017c i szaro\u015bci rozja\u015bni\u0105 salon lub sypialni\u0119 i dodadz\u0105 wn\u0119trzu ciep\u0142a.<\/p>\n","protected":false},"featured_media":147460,"comment_status":"open","ping_status":"closed","template":"","meta":[],"product_brand":[],"product_cat":[88,110,76,82,140,107,73,91,85,113,70,256],"product_tag":[279,701,188],"class_list":{"0":"post-57878","1":"product","2":"type-product","3":"status-publish","4":"has-post-thumbnail","6":"product_cat-biuro","7":"product_cat-fotografia","8":"product_cat-hotel-pl","9":"product_cat-kuchnia","10":"product_cat-makro-pl","11":"product_cat-nowoczesne","12":"product_cat-przedpokoj","13":"product_cat-restauracja","14":"product_cat-salon","15":"product_cat-skandynawskie","16":"product_cat-sypialnia","17":"product_cat-zwierzeta-i-natura","18":"product_tag-pastelowe","19":"product_tag-poziomy","20":"product_tag-wielokolorowy","22":"first","23":"instock","24":"taxable","25":"shipping-taxable","26":"purchasable","27":"product-type-variable","28":"has-default-attributes"},"aioseo_notices":[],"_links":{"self":[{"href":"https:\/\/interiorposter.com\/pl\/wp-json\/wp\/v2\/product\/57878","targetHints":{"allow":["GET"]}}],"collection":[{"href":"https:\/\/interiorposter.com\/pl\/wp-json\/wp\/v2\/product"}],"about":[{"href":"https:\/\/interiorposter.com\/pl\/wp-json\/wp\/v2\/types\/product"}],"replies":[{"embeddable":true,"href":"https:\/\/interiorposter.com\/pl\/wp-json\/wp\/v2\/comments?post=57878"}],"wp:featuredmedia":[{"embeddable":true,"href":"https:\/\/interiorposter.com\/pl\/wp-json\/wp\/v2\/media\/147460"}],"wp:attachment":[{"href":"https:\/\/interiorposter.com\/pl\/wp-json\/wp\/v2\/media?parent=57878"}],"wp:term":[{"taxonomy":"product_brand","embeddable":true,"href":"https:\/\/interiorposter.com\/pl\/wp-json\/wp\/v2\/product_brand?post=57878"},{"taxonomy":"product_cat","embeddable":true,"href":"https:\/\/interiorposter.com\/pl\/wp-json\/wp\/v2\/product_cat?post=57878"},{"taxonomy":"product_tag","embeddable":true,"href":"https:\/\/interiorposter.com\/pl\/wp-json\/wp\/v2\/product_tag?post=57878"}],"curies":[{"name":"wp","href":"https:\/\/api.w.org\/{rel}","templated":true}]}}