{"id":51906,"date":"2025-12-26T23:23:36","date_gmt":"2025-12-26T22:23:36","guid":{"rendered":"https:\/\/interiorposter.com\/?post_type=product&#038;p=51906"},"modified":"2026-02-14T20:11:56","modified_gmt":"2026-02-14T19:11:56","slug":"kawa-i-ziarna-na-drewnie-tryptyk-obraz-na-plotnie","status":"publish","type":"product","link":"https:\/\/interiorposter.com\/pl\/product\/kawa-i-ziarna-na-drewnie-tryptyk-obraz-na-plotnie\/","title":{"rendered":"Obraz na p\u0142\u00f3tnie Kawa i ziarna na drewnie tryptyk"},"content":{"rendered":"<p>Ten tryptyk ma ciep\u0142y, kawiarniany klimat, kt\u00f3ry od razu kojarzy si\u0119 z chwil\u0105 dla siebie. Na trzech panelach wida\u0107 fili\u017cank\u0119 \u015bwie\u017co zaparzonej kawy z delikatn\u0105 piank\u0105, rozsypane ziarna oraz jutowy worek, z kt\u00f3rego wysypuje si\u0119 aromatyczna kawa. Ca\u0142o\u015b\u0107 jest osadzona na surowym, drewnianym blacie, a subtelna para unosz\u0105ca si\u0119 nad fili\u017cank\u0105 dodaje scenie \u017cycia i naturalno\u015bci. Podzia\u0142 na trzy cz\u0119\u015bci sprawia, \u017ce kompozycja wygl\u0105da nowocze\u015bnie i lekko, a jednocze\u015bnie \u015bwietnie eksponuje faktury: przetarcia drewna, splot juty i po\u0142ysk ziaren.<\/p>\n<p>Kolorystyka jest ciemna, g\u0142\u0119boka i bardzo przytulna. Dominuj\u0105 br\u0105zy i karmelowe odcienie kawy, prze\u0142amane be\u017cem porcelany oraz szaro\u015bciami starego drewna. Taki obraz na \u015bcian\u0119 idealnie pasuje do kuchni i jadalni, w strefie ekspresu, nad sto\u0142em, przy wyspie kuchennej lub w k\u0105ciku \u015bniadaniowym. W restauracji, kawiarni i hotelu podkre\u015bli temat miejsca i stworzy domow\u0105 atmosfer\u0119, kt\u00f3ra zach\u0119ca, by zosta\u0107 na d\u0142u\u017cej. W salonie b\u0119dzie dobrze wygl\u0105da\u0142 w aran\u017cacjach z drewnem, be\u017cami i ciep\u0142ym o\u015bwietleniem, a w biurze doda dyskretnego charakteru bez rozpraszania. To r\u00f3wnie\u017c dobry wyb\u00f3r do przedpokoju, je\u015bli chcesz, by wn\u0119trze od wej\u015bcia by\u0142o przyjazne i ciep\u0142e w odbiorze.<\/p>\n<p>Je\u015bli szukasz obraz\u00f3w na \u015bcian\u0119, kt\u00f3re s\u0105 proste, ale maj\u0105 wyrazisty temat i sporo detalu, ten obraz na p\u0142\u00f3tnie b\u0119dzie trafiony. \u0141atwo zestawisz go z czarnymi dodatkami, metalem, ceg\u0142\u0105 i betonem, dlatego pasuje tak\u017ce do stylu industrialnego i nowoczesnego. Obraz dost\u0119pny jest w 4 rozmiarach, a do wyboru s\u0105 dwa rodzaje p\u0142\u00f3tna: Canvas oraz Canvas Naturalny.<\/p>\n","protected":false},"excerpt":{"rendered":"<p>Tryptyk z fili\u017cank\u0105 kawy, ziarnami i jutowym workiem na drewnianym tle. Obraz na p\u0142\u00f3tnie do kuchni i kawiarni, ciep\u0142e br\u0105zy, naturalne faktury i przytulny klimat.<\/p>\n","protected":false},"featured_media":141459,"comment_status":"open","ping_status":"closed","template":"","meta":[],"product_brand":[],"product_cat":[88,110,76,82,140,107,73,91,85,128],"product_tag":[531,188],"class_list":{"0":"post-51906","1":"product","2":"type-product","3":"status-publish","4":"has-post-thumbnail","6":"product_cat-biuro","7":"product_cat-fotografia","8":"product_cat-hotel-pl","9":"product_cat-kuchnia","10":"product_cat-makro-pl","11":"product_cat-nowoczesne","12":"product_cat-przedpokoj","13":"product_cat-restauracja","14":"product_cat-salon","15":"product_cat-zywnosc","16":"product_tag-obraz-wieloczesciowy","17":"product_tag-wielokolorowy","19":"first","20":"instock","21":"taxable","22":"shipping-taxable","23":"purchasable","24":"product-type-variable","25":"has-default-attributes"},"aioseo_notices":[],"_links":{"self":[{"href":"https:\/\/interiorposter.com\/pl\/wp-json\/wp\/v2\/product\/51906","targetHints":{"allow":["GET"]}}],"collection":[{"href":"https:\/\/interiorposter.com\/pl\/wp-json\/wp\/v2\/product"}],"about":[{"href":"https:\/\/interiorposter.com\/pl\/wp-json\/wp\/v2\/types\/product"}],"replies":[{"embeddable":true,"href":"https:\/\/interiorposter.com\/pl\/wp-json\/wp\/v2\/comments?post=51906"}],"wp:featuredmedia":[{"embeddable":true,"href":"https:\/\/interiorposter.com\/pl\/wp-json\/wp\/v2\/media\/141459"}],"wp:attachment":[{"href":"https:\/\/interiorposter.com\/pl\/wp-json\/wp\/v2\/media?parent=51906"}],"wp:term":[{"taxonomy":"product_brand","embeddable":true,"href":"https:\/\/interiorposter.com\/pl\/wp-json\/wp\/v2\/product_brand?post=51906"},{"taxonomy":"product_cat","embeddable":true,"href":"https:\/\/interiorposter.com\/pl\/wp-json\/wp\/v2\/product_cat?post=51906"},{"taxonomy":"product_tag","embeddable":true,"href":"https:\/\/interiorposter.com\/pl\/wp-json\/wp\/v2\/product_tag?post=51906"}],"curies":[{"name":"wp","href":"https:\/\/api.w.org\/{rel}","templated":true}]}}