{"id":498376,"date":"2026-05-09T22:04:26","date_gmt":"2026-05-09T20:04:26","guid":{"rendered":"https:\/\/interiorposter.com\/?post_type=product&#038;p=498376"},"modified":"2026-05-09T22:04:28","modified_gmt":"2026-05-09T20:04:28","slug":"obraz-na-plotnie-vincent-van-gogh-reprodukcja-drzewo-morwowe","status":"publish","type":"product","link":"https:\/\/interiorposter.com\/pl\/product\/obraz-na-plotnie-vincent-van-gogh-reprodukcja-drzewo-morwowe\/","title":{"rendered":"Obraz na p\u0142\u00f3tnie Vincent van Gogh reprodukcja Drzewo morwowe"},"content":{"rendered":"<p>Obraz drukowany na p\u0142\u00f3tnie przedstawia reprodukcj\u0119 dzie\u0142a Vincenta van Gogha Drzewo morwowe. Ekspresyjne poci\u0105gni\u0119cia p\u0119dzla, intensywna \u017c\u00f3\u0142\u0107 korony i g\u0142\u0119boki b\u0142\u0119kit t\u0142a tworz\u0105 kompozycj\u0119 pe\u0142n\u0105 \u015bwiat\u0142a, ruchu i artystycznej energii. To elegancki obraz na p\u0142\u00f3tnie do salonu, sypialni, biura, hotelu lub przedpokoju, idealny dla mi\u0142o\u015bnik\u00f3w klasyki, malarstwa i wyj\u0105tkowych dekoracji \u015bciennych. Uk\u0142ad kolorystyczny jest wielokolorowy, z mocnymi akcentami \u017c\u00f3\u0142ci, niebieskiego, zieleni i bieli.<\/p>\n","protected":false},"excerpt":{"rendered":"<p>Reprodukcja Drzewo morwowe Vincenta van Gogha drukowana na p\u0142\u00f3tnie. Artystyczny obraz do salonu, sypialni lub biura.<\/p>\n","protected":false},"featured_media":498378,"comment_status":"closed","ping_status":"closed","template":"","meta":[],"product_brand":[],"product_cat":[88,76,137,299,73,125,85,70,209],"product_tag":[1302,696,701,188],"class_list":{"0":"post-498376","1":"product","2":"type-product","3":"status-publish","4":"has-post-thumbnail","6":"product_cat-biuro","7":"product_cat-hotel-pl","8":"product_cat-krajobrazy","9":"product_cat-malarskie","10":"product_cat-przedpokoj","11":"product_cat-rosliny-i-kwiaty","12":"product_cat-salon","13":"product_cat-sypialnia","14":"product_cat-sztuka-koncepcyjna","15":"product_tag-drzewo","16":"product_tag-nowoczesne-obrazy","17":"product_tag-poziomy","18":"product_tag-wielokolorowy","19":"pa_size-finishing-30x20-standard","20":"pa_size-finishing-30x20-na-ptnie-woskim","21":"pa_size-finishing-30x20-premium-print","22":"pa_size-finishing-30x20-akustyczny","23":"pa_size-finishing-60x40-standard","24":"pa_size-finishing-60x40-na-ptnie-woskim","25":"pa_size-finishing-60x40-premium-print","26":"pa_size-finishing-60x40-akustyczny","27":"pa_size-finishing-60x40-w-ramie-drewnianej-naturalnej","28":"pa_size-finishing-60x40-w-ramie-drewnianej-czarnej","29":"pa_size-finishing-90x60-standard","30":"pa_size-finishing-90x60-na-ptnie-woskim","31":"pa_size-finishing-90x60-premium-print","32":"pa_size-finishing-90x60-akustyczny","33":"pa_size-finishing-90x60-w-ramie-drewnianej-naturalnej","34":"pa_size-finishing-90x60-w-ramie-drewnianej-czarnej","35":"pa_size-finishing-120x80-standard","36":"pa_size-finishing-120x80-na-ptnie-woskim","37":"pa_size-finishing-120x80-premium-print","38":"pa_size-finishing-120x80-akustyczny","39":"pa_size-finishing-120x80-w-ramie-drewnianej-naturalnej","40":"pa_size-finishing-120x80-w-ramie-drewnianej-czarnej","42":"first","43":"instock","44":"purchasable","45":"product-type-variable","46":"has-default-attributes"},"aioseo_notices":[],"_links":{"self":[{"href":"https:\/\/interiorposter.com\/pl\/wp-json\/wp\/v2\/product\/498376","targetHints":{"allow":["GET"]}}],"collection":[{"href":"https:\/\/interiorposter.com\/pl\/wp-json\/wp\/v2\/product"}],"about":[{"href":"https:\/\/interiorposter.com\/pl\/wp-json\/wp\/v2\/types\/product"}],"replies":[{"embeddable":true,"href":"https:\/\/interiorposter.com\/pl\/wp-json\/wp\/v2\/comments?post=498376"}],"wp:featuredmedia":[{"embeddable":true,"href":"https:\/\/interiorposter.com\/pl\/wp-json\/wp\/v2\/media\/498378"}],"wp:attachment":[{"href":"https:\/\/interiorposter.com\/pl\/wp-json\/wp\/v2\/media?parent=498376"}],"wp:term":[{"taxonomy":"product_brand","embeddable":true,"href":"https:\/\/interiorposter.com\/pl\/wp-json\/wp\/v2\/product_brand?post=498376"},{"taxonomy":"product_cat","embeddable":true,"href":"https:\/\/interiorposter.com\/pl\/wp-json\/wp\/v2\/product_cat?post=498376"},{"taxonomy":"product_tag","embeddable":true,"href":"https:\/\/interiorposter.com\/pl\/wp-json\/wp\/v2\/product_tag?post=498376"}],"curies":[{"name":"wp","href":"https:\/\/api.w.org\/{rel}","templated":true}]}}