{"id":44017,"date":"2026-01-26T23:51:26","date_gmt":"2026-01-26T22:51:26","guid":{"rendered":"https:\/\/interiorposter.com\/?post_type=product&#038;p=44017"},"modified":"2026-03-19T01:00:50","modified_gmt":"2026-03-19T00:00:50","slug":"kolorowa-mapa-swiata-obraz-na-plotnie-w-stylu-akwarelowym","status":"publish","type":"product","link":"https:\/\/interiorposter.com\/pl\/product\/kolorowa-mapa-swiata-obraz-na-plotnie-w-stylu-akwarelowym\/","title":{"rendered":"Kolorowa mapa \u015bwiata obraz na p\u0142\u00f3tnie w stylu akwarelowym"},"content":{"rendered":"<p>Kolorowa mapa \u015bwiata jako obraz na p\u0142\u00f3tnie wnosi do wn\u0119trza lekko\u015b\u0107 i pozytywn\u0105 atmosfer\u0119. Kontynenty uk\u0142adaj\u0105 si\u0119 w barwn\u0105 kompozycj\u0119: b\u0142\u0119kity, \u017c\u00f3\u0142cie, zielenie, czerwienie i r\u00f3\u017c na jasnym tle, z efektem dynamicznych rozprysk\u00f3w, dzi\u0119ki czemu dekoracja pi\u0119knie o\u017cywia przestrze\u0144, nie przyt\u0142aczaj\u0105c aran\u017cacji. To \u015bwietny obraz do salonu, kt\u00f3ry pasuje tak\u017ce do biura, sypialni, przedpokoju, hotelu i restauracji. Sprawdza si\u0119 szczeg\u00f3lnie w stylu nowoczesnym, minimalistycznym i skandynawskim, podkre\u015blaj\u0105c pasj\u0119 do podr\u00f3\u017cy i dodaj\u0105c \u015bcianie wyrazistej energii.<\/p>\n","protected":false},"excerpt":{"rendered":"<p>Kolorowa mapa \u015bwiata obraz na p\u0142\u00f3tnie z efektem rozprysk\u00f3w. Nowoczesna dekoracja na \u015bcian\u0119 do salonu i biura, kt\u00f3ra o\u017cywia wn\u0119trze podr\u00f3\u017cniczym klimatem.<\/p>\n","protected":false},"featured_media":144522,"comment_status":"open","ping_status":"closed","template":"","meta":[],"product_brand":[],"product_cat":[88,76,291,299,302,104,107,73,91,85,113,70,209],"product_tag":[701,188],"class_list":{"0":"post-44017","1":"product","2":"type-product","3":"status-publish","4":"has-post-thumbnail","6":"product_cat-biuro","7":"product_cat-hotel-pl","8":"product_cat-ilustracje","9":"product_cat-malarskie","10":"product_cat-mapy-pl","11":"product_cat-minimalistyczne","12":"product_cat-nowoczesne","13":"product_cat-przedpokoj","14":"product_cat-restauracja","15":"product_cat-salon","16":"product_cat-skandynawskie","17":"product_cat-sypialnia","18":"product_cat-sztuka-koncepcyjna","19":"product_tag-poziomy","20":"product_tag-wielokolorowy","22":"first","23":"instock","24":"taxable","25":"shipping-taxable","26":"purchasable","27":"product-type-variable","28":"has-default-attributes"},"aioseo_notices":[],"_links":{"self":[{"href":"https:\/\/interiorposter.com\/pl\/wp-json\/wp\/v2\/product\/44017","targetHints":{"allow":["GET"]}}],"collection":[{"href":"https:\/\/interiorposter.com\/pl\/wp-json\/wp\/v2\/product"}],"about":[{"href":"https:\/\/interiorposter.com\/pl\/wp-json\/wp\/v2\/types\/product"}],"replies":[{"embeddable":true,"href":"https:\/\/interiorposter.com\/pl\/wp-json\/wp\/v2\/comments?post=44017"}],"wp:featuredmedia":[{"embeddable":true,"href":"https:\/\/interiorposter.com\/pl\/wp-json\/wp\/v2\/media\/144522"}],"wp:attachment":[{"href":"https:\/\/interiorposter.com\/pl\/wp-json\/wp\/v2\/media?parent=44017"}],"wp:term":[{"taxonomy":"product_brand","embeddable":true,"href":"https:\/\/interiorposter.com\/pl\/wp-json\/wp\/v2\/product_brand?post=44017"},{"taxonomy":"product_cat","embeddable":true,"href":"https:\/\/interiorposter.com\/pl\/wp-json\/wp\/v2\/product_cat?post=44017"},{"taxonomy":"product_tag","embeddable":true,"href":"https:\/\/interiorposter.com\/pl\/wp-json\/wp\/v2\/product_tag?post=44017"}],"curies":[{"name":"wp","href":"https:\/\/api.w.org\/{rel}","templated":true}]}}