{"id":43738,"date":"2026-01-26T23:07:57","date_gmt":"2026-01-26T22:07:57","guid":{"rendered":"https:\/\/interiorposter.com\/?post_type=product&#038;p=43738"},"modified":"2026-03-19T01:00:57","modified_gmt":"2026-03-19T00:00:57","slug":"mapa-swiata-czarno-biala-na-plotnie-industrialna","status":"publish","type":"product","link":"https:\/\/interiorposter.com\/pl\/product\/mapa-swiata-czarno-biala-na-plotnie-industrialna\/","title":{"rendered":"Mapa \u015bwiata czarno bia\u0142a na p\u0142\u00f3tnie industrialna"},"content":{"rendered":"<p>Surowa mapa \u015bwiata na p\u0142\u00f3tnie przyci\u0105ga spojrzenia mocnym kontrastem czerni i szaro\u015bci oraz betonow\u0105 faktur\u0105 t\u0142a. To nowoczesny obraz do salonu, kt\u00f3ry nada wn\u0119trzu charakteru i podkre\u015bli pasj\u0119 do podr\u00f3\u017cy, biznesu lub geografii. Sprawdzi si\u0119 jako grafika na \u015bcianie w salonie, biurze, sypialni, przedpokoju, hotelu i restauracji, szczeg\u00f3lnie w aran\u017cacjach industrialnych i minimalistycznych. Monochromatyczna paleta u\u0142atwia \u0142\u0105czenie z drewnem, metalem i jasnymi meblami, tworz\u0105c sp\u00f3jn\u0105, eleganck\u0105 kompozycj\u0119.<\/p>\n","protected":false},"excerpt":{"rendered":"<p>Monochromatyczna mapa \u015bwiata na p\u0142\u00f3tnie z betonow\u0105 faktur\u0105. Industrialny akcent do salonu, biura lub hotelu, kt\u00f3ry dodaje wn\u0119trzu charakteru i podr\u00f3\u017cniczej energii.<\/p>\n","protected":false},"featured_media":144404,"comment_status":"open","ping_status":"closed","template":"","meta":[],"product_brand":[],"product_cat":[88,76,134,302,104,107,73,91,85,70],"product_tag":[701,182],"class_list":{"0":"post-43738","1":"product","2":"type-product","3":"status-publish","4":"has-post-thumbnail","6":"product_cat-biuro","7":"product_cat-hotel-pl","8":"product_cat-industrialne","9":"product_cat-mapy-pl","10":"product_cat-minimalistyczne","11":"product_cat-nowoczesne","12":"product_cat-przedpokoj","13":"product_cat-restauracja","14":"product_cat-salon","15":"product_cat-sypialnia","16":"product_tag-poziomy","17":"product_tag-szary","19":"first","20":"instock","21":"taxable","22":"shipping-taxable","23":"purchasable","24":"product-type-variable","25":"has-default-attributes"},"aioseo_notices":[],"_links":{"self":[{"href":"https:\/\/interiorposter.com\/pl\/wp-json\/wp\/v2\/product\/43738","targetHints":{"allow":["GET"]}}],"collection":[{"href":"https:\/\/interiorposter.com\/pl\/wp-json\/wp\/v2\/product"}],"about":[{"href":"https:\/\/interiorposter.com\/pl\/wp-json\/wp\/v2\/types\/product"}],"replies":[{"embeddable":true,"href":"https:\/\/interiorposter.com\/pl\/wp-json\/wp\/v2\/comments?post=43738"}],"wp:featuredmedia":[{"embeddable":true,"href":"https:\/\/interiorposter.com\/pl\/wp-json\/wp\/v2\/media\/144404"}],"wp:attachment":[{"href":"https:\/\/interiorposter.com\/pl\/wp-json\/wp\/v2\/media?parent=43738"}],"wp:term":[{"taxonomy":"product_brand","embeddable":true,"href":"https:\/\/interiorposter.com\/pl\/wp-json\/wp\/v2\/product_brand?post=43738"},{"taxonomy":"product_cat","embeddable":true,"href":"https:\/\/interiorposter.com\/pl\/wp-json\/wp\/v2\/product_cat?post=43738"},{"taxonomy":"product_tag","embeddable":true,"href":"https:\/\/interiorposter.com\/pl\/wp-json\/wp\/v2\/product_tag?post=43738"}],"curies":[{"name":"wp","href":"https:\/\/api.w.org\/{rel}","templated":true}]}}