{"id":435193,"date":"2026-04-04T07:40:04","date_gmt":"2026-04-04T05:40:04","guid":{"rendered":"https:\/\/interiorposter.com\/?post_type=product&#038;p=435193"},"modified":"2026-05-10T23:12:47","modified_gmt":"2026-05-10T21:12:47","slug":"obraz-na-plotnie-subtelne-liscie-w-stylu-vintage","status":"publish","type":"product","link":"https:\/\/interiorposter.com\/pl\/product\/obraz-na-plotnie-subtelne-liscie-w-stylu-vintage\/","title":{"rendered":"Obraz na p\u0142\u00f3tnie subtelne li\u015bcie w stylu vintage"},"content":{"rendered":"<p>Obraz na p\u0142\u00f3tnie z delikatnymi li\u015b\u0107mi w stylu vintage zachwyca spokojem, lekko\u015bci\u0105 i naturaln\u0105 elegancj\u0105. Transparentne formy, mi\u0119kkie przej\u015bcia tonalne oraz postarzone t\u0142o tworz\u0105 kompozycj\u0119 subteln\u0105, dekoracyjn\u0105 i bardzo stylow\u0105. To pi\u0119kny obraz na \u015bcian\u0119 do salonu, sypialni, biura, hotelu lub przedpokoju, szczeg\u00f3lnie do wn\u0119trz minimalistycznych, skandynawskich, nowoczesnych i inspirowanych natur\u0105. Taka dekoracja wprowadza do przestrzeni harmoni\u0119, ciep\u0142o i wyciszaj\u0105cy klimat. Uk\u0142ad kolorystyczny jest jasny i szary, z akcentami be\u017cu, br\u0105zu, grafitu i z\u0142amanej bieli.<\/p>\n","protected":false},"excerpt":{"rendered":"<p>Subtelny obraz na p\u0142\u00f3tnie z transparentnymi li\u015b\u0107mi w stylu vintage. Elegancka dekoracja do salonu, sypialni, biura lub hotelu.<\/p>\n","protected":false},"featured_media":435195,"comment_status":"closed","ping_status":"closed","template":"","meta":[],"product_brand":[],"product_cat":[88,76,291,104,107,73,125,85,113,70],"product_tag":[696,701,182],"class_list":{"0":"post-435193","1":"product","2":"type-product","3":"status-publish","4":"has-post-thumbnail","6":"product_cat-biuro","7":"product_cat-hotel-pl","8":"product_cat-ilustracje","9":"product_cat-minimalistyczne","10":"product_cat-nowoczesne","11":"product_cat-przedpokoj","12":"product_cat-rosliny-i-kwiaty","13":"product_cat-salon","14":"product_cat-skandynawskie","15":"product_cat-sypialnia","16":"product_tag-nowoczesne-obrazy","17":"product_tag-poziomy","18":"product_tag-szary","19":"pa_size-finishing-30x20-standard","20":"pa_size-finishing-30x20-na-ptnie-woskim","21":"pa_size-finishing-30x20-premium-print","22":"pa_size-finishing-30x20-akustyczny","23":"pa_size-finishing-60x40-standard","24":"pa_size-finishing-60x40-na-ptnie-woskim","25":"pa_size-finishing-60x40-premium-print","26":"pa_size-finishing-60x40-akustyczny","27":"pa_size-finishing-60x40-w-ramie-drewnianej-naturalnej","28":"pa_size-finishing-60x40-w-ramie-drewnianej-czarnej","29":"pa_size-finishing-90x60-standard","30":"pa_size-finishing-90x60-na-ptnie-woskim","31":"pa_size-finishing-90x60-premium-print","32":"pa_size-finishing-90x60-akustyczny","33":"pa_size-finishing-90x60-w-ramie-drewnianej-naturalnej","34":"pa_size-finishing-90x60-w-ramie-drewnianej-czarnej","35":"pa_size-finishing-120x80-standard","36":"pa_size-finishing-120x80-na-ptnie-woskim","37":"pa_size-finishing-120x80-premium-print","38":"pa_size-finishing-120x80-akustyczny","39":"pa_size-finishing-120x80-w-ramie-drewnianej-naturalnej","40":"pa_size-finishing-120x80-w-ramie-drewnianej-czarnej","42":"first","43":"instock","44":"purchasable","45":"product-type-variable","46":"has-default-attributes"},"aioseo_notices":[],"_links":{"self":[{"href":"https:\/\/interiorposter.com\/pl\/wp-json\/wp\/v2\/product\/435193","targetHints":{"allow":["GET"]}}],"collection":[{"href":"https:\/\/interiorposter.com\/pl\/wp-json\/wp\/v2\/product"}],"about":[{"href":"https:\/\/interiorposter.com\/pl\/wp-json\/wp\/v2\/types\/product"}],"replies":[{"embeddable":true,"href":"https:\/\/interiorposter.com\/pl\/wp-json\/wp\/v2\/comments?post=435193"}],"wp:featuredmedia":[{"embeddable":true,"href":"https:\/\/interiorposter.com\/pl\/wp-json\/wp\/v2\/media\/435195"}],"wp:attachment":[{"href":"https:\/\/interiorposter.com\/pl\/wp-json\/wp\/v2\/media?parent=435193"}],"wp:term":[{"taxonomy":"product_brand","embeddable":true,"href":"https:\/\/interiorposter.com\/pl\/wp-json\/wp\/v2\/product_brand?post=435193"},{"taxonomy":"product_cat","embeddable":true,"href":"https:\/\/interiorposter.com\/pl\/wp-json\/wp\/v2\/product_cat?post=435193"},{"taxonomy":"product_tag","embeddable":true,"href":"https:\/\/interiorposter.com\/pl\/wp-json\/wp\/v2\/product_tag?post=435193"}],"curies":[{"name":"wp","href":"https:\/\/api.w.org\/{rel}","templated":true}]}}