{"id":433553,"date":"2026-04-04T07:00:03","date_gmt":"2026-04-04T05:00:03","guid":{"rendered":"https:\/\/interiorposter.com\/?post_type=product&#038;p=433553"},"modified":"2026-05-10T23:07:01","modified_gmt":"2026-05-10T21:07:01","slug":"obraz-na-plotnie-abstrakcyjne-galezie-w-szarosci","status":"publish","type":"product","link":"https:\/\/interiorposter.com\/pl\/product\/obraz-na-plotnie-abstrakcyjne-galezie-w-szarosci\/","title":{"rendered":"Obraz na p\u0142\u00f3tnie abstrakcyjne ga\u0142\u0119zie w szaro\u015bci"},"content":{"rendered":"<p>Obraz na p\u0142\u00f3tnie z motywem czarnych, rozga\u0142\u0119zionych konar\u00f3w na jasnym tle przyci\u0105ga uwag\u0119 nowoczesn\u0105 prostot\u0105 i wyrazist\u0105 form\u0105. Dynamiczny rysunek ga\u0142\u0119zi tworzy dekoracj\u0119 pe\u0142n\u0105 charakteru, a jednocze\u015bnie zachowuje elegancki i stonowany wygl\u0105d. To \u015bwietny wyb\u00f3r do salonu, sypialni, biura, hotelu lub przedpokoju, szczeg\u00f3lnie do wn\u0119trz minimalistycznych, nowoczesnych i skandynawskich. Taki obraz na \u015bcian\u0119 pi\u0119knie podkre\u015bla aran\u017cacj\u0119, dodaje jej g\u0142\u0119bi i wprowadza artystyczny akcent bez przyt\u0142aczania przestrzeni. Uk\u0142ad kolorystyczny jest jasny i szary, z mocnym kontrastem czerni, bieli oraz delikatnych odcieni grafitu.<\/p>\n","protected":false},"excerpt":{"rendered":"<p>Obraz na p\u0142\u00f3tnie z abstrakcyjnym motywem ga\u0142\u0119zi w czerni i bieli. Stylowa dekoracja do salonu, sypialni, biura lub hotelu.<\/p>\n","protected":false},"featured_media":433555,"comment_status":"closed","ping_status":"closed","template":"","meta":[],"product_brand":[],"product_cat":[97,88,76,291,104,107,73,125,85,113,70],"product_tag":[1302,276,696,701,182],"class_list":{"0":"post-433553","1":"product","2":"type-product","3":"status-publish","4":"has-post-thumbnail","6":"product_cat-abstrakcja","7":"product_cat-biuro","8":"product_cat-hotel-pl","9":"product_cat-ilustracje","10":"product_cat-minimalistyczne","11":"product_cat-nowoczesne","12":"product_cat-przedpokoj","13":"product_cat-rosliny-i-kwiaty","14":"product_cat-salon","15":"product_cat-skandynawskie","16":"product_cat-sypialnia","17":"product_tag-drzewo","18":"product_tag-jasne","19":"product_tag-nowoczesne-obrazy","20":"product_tag-poziomy","21":"product_tag-szary","22":"pa_size-finishing-30x20-standard","23":"pa_size-finishing-30x20-na-ptnie-woskim","24":"pa_size-finishing-30x20-premium-print","25":"pa_size-finishing-30x20-akustyczny","26":"pa_size-finishing-60x40-standard","27":"pa_size-finishing-60x40-na-ptnie-woskim","28":"pa_size-finishing-60x40-premium-print","29":"pa_size-finishing-60x40-akustyczny","30":"pa_size-finishing-60x40-w-ramie-drewnianej-naturalnej","31":"pa_size-finishing-60x40-w-ramie-drewnianej-czarnej","32":"pa_size-finishing-90x60-standard","33":"pa_size-finishing-90x60-na-ptnie-woskim","34":"pa_size-finishing-90x60-premium-print","35":"pa_size-finishing-90x60-akustyczny","36":"pa_size-finishing-90x60-w-ramie-drewnianej-naturalnej","37":"pa_size-finishing-90x60-w-ramie-drewnianej-czarnej","38":"pa_size-finishing-120x80-standard","39":"pa_size-finishing-120x80-na-ptnie-woskim","40":"pa_size-finishing-120x80-premium-print","41":"pa_size-finishing-120x80-akustyczny","42":"pa_size-finishing-120x80-w-ramie-drewnianej-naturalnej","43":"pa_size-finishing-120x80-w-ramie-drewnianej-czarnej","45":"first","46":"instock","47":"purchasable","48":"product-type-variable","49":"has-default-attributes"},"aioseo_notices":[],"_links":{"self":[{"href":"https:\/\/interiorposter.com\/pl\/wp-json\/wp\/v2\/product\/433553","targetHints":{"allow":["GET"]}}],"collection":[{"href":"https:\/\/interiorposter.com\/pl\/wp-json\/wp\/v2\/product"}],"about":[{"href":"https:\/\/interiorposter.com\/pl\/wp-json\/wp\/v2\/types\/product"}],"replies":[{"embeddable":true,"href":"https:\/\/interiorposter.com\/pl\/wp-json\/wp\/v2\/comments?post=433553"}],"wp:featuredmedia":[{"embeddable":true,"href":"https:\/\/interiorposter.com\/pl\/wp-json\/wp\/v2\/media\/433555"}],"wp:attachment":[{"href":"https:\/\/interiorposter.com\/pl\/wp-json\/wp\/v2\/media?parent=433553"}],"wp:term":[{"taxonomy":"product_brand","embeddable":true,"href":"https:\/\/interiorposter.com\/pl\/wp-json\/wp\/v2\/product_brand?post=433553"},{"taxonomy":"product_cat","embeddable":true,"href":"https:\/\/interiorposter.com\/pl\/wp-json\/wp\/v2\/product_cat?post=433553"},{"taxonomy":"product_tag","embeddable":true,"href":"https:\/\/interiorposter.com\/pl\/wp-json\/wp\/v2\/product_tag?post=433553"}],"curies":[{"name":"wp","href":"https:\/\/api.w.org\/{rel}","templated":true}]}}