{"id":433027,"date":"2026-04-04T06:40:04","date_gmt":"2026-04-04T04:40:04","guid":{"rendered":"https:\/\/interiorposter.com\/?post_type=product&#038;p=433027"},"modified":"2026-05-11T03:03:45","modified_gmt":"2026-05-11T01:03:45","slug":"obraz-na-plotnie-tajemnicze-drzewo-w-szarosci","status":"publish","type":"product","link":"https:\/\/interiorposter.com\/pl\/product\/obraz-na-plotnie-tajemnicze-drzewo-w-szarosci\/","title":{"rendered":"Obraz na p\u0142\u00f3tnie tajemnicze drzewo w szaro\u015bci"},"content":{"rendered":"<p>Obraz na p\u0142\u00f3tnie z ciemnym, roz\u0142o\u017cystym drzewem w odcieniach szaro\u015bci tworzy dekoracj\u0119 pe\u0142n\u0105 nastroju, g\u0142\u0119bi i artystycznej ekspresji. Mi\u0119kkie przej\u015bcia tonalne, malarskie rozmycia oraz wij\u0105ce si\u0119 ga\u0142\u0119zie nadaj\u0105 kompozycji tajemniczy, elegancki charakter. To efektowny obraz na \u015bcian\u0119 do salonu, sypialni, biura, hotelu lub przedpokoju, szczeg\u00f3lnie do wn\u0119trz nowoczesnych, minimalistycznych, industrialnych i artystycznych. Dekoracja pi\u0119knie podkre\u015bla aran\u017cacj\u0119, dodaj\u0105c jej wyrazisto\u015bci i spokojnej dramaturgii. Uk\u0142ad kolorystyczny jest ciemny i szary, z dominacj\u0105 czerni, grafitu, bieli oraz srebrzystych ton\u00f3w.<\/p>\n","protected":false},"excerpt":{"rendered":"<p>Nastrojowy obraz na p\u0142\u00f3tnie z tajemniczym drzewem w szaro\u015bci. Elegancka dekoracja do salonu, sypialni lub biura.<\/p>\n","protected":false},"featured_media":433029,"comment_status":"closed","ping_status":"closed","template":"","meta":[],"product_brand":[],"product_cat":[97,88,76,134,299,104,107,73,125,85,70],"product_tag":[273,1302,696,701,182],"class_list":{"0":"post-433027","1":"product","2":"type-product","3":"status-publish","4":"has-post-thumbnail","6":"product_cat-abstrakcja","7":"product_cat-biuro","8":"product_cat-hotel-pl","9":"product_cat-industrialne","10":"product_cat-malarskie","11":"product_cat-minimalistyczne","12":"product_cat-nowoczesne","13":"product_cat-przedpokoj","14":"product_cat-rosliny-i-kwiaty","15":"product_cat-salon","16":"product_cat-sypialnia","17":"product_tag-dark-pl","18":"product_tag-drzewo","19":"product_tag-nowoczesne-obrazy","20":"product_tag-poziomy","21":"product_tag-szary","22":"pa_size-finishing-30x20-standard","23":"pa_size-finishing-30x20-na-ptnie-woskim","24":"pa_size-finishing-30x20-premium-print","25":"pa_size-finishing-30x20-akustyczny","26":"pa_size-finishing-60x40-standard","27":"pa_size-finishing-60x40-na-ptnie-woskim","28":"pa_size-finishing-60x40-premium-print","29":"pa_size-finishing-60x40-akustyczny","30":"pa_size-finishing-60x40-w-ramie-drewnianej-naturalnej","31":"pa_size-finishing-60x40-w-ramie-drewnianej-czarnej","32":"pa_size-finishing-90x60-standard","33":"pa_size-finishing-90x60-na-ptnie-woskim","34":"pa_size-finishing-90x60-premium-print","35":"pa_size-finishing-90x60-akustyczny","36":"pa_size-finishing-90x60-w-ramie-drewnianej-naturalnej","37":"pa_size-finishing-90x60-w-ramie-drewnianej-czarnej","38":"pa_size-finishing-120x80-standard","39":"pa_size-finishing-120x80-na-ptnie-woskim","40":"pa_size-finishing-120x80-premium-print","41":"pa_size-finishing-120x80-akustyczny","42":"pa_size-finishing-120x80-w-ramie-drewnianej-naturalnej","43":"pa_size-finishing-120x80-w-ramie-drewnianej-czarnej","45":"first","46":"instock","47":"purchasable","48":"product-type-variable","49":"has-default-attributes"},"aioseo_notices":[],"_links":{"self":[{"href":"https:\/\/interiorposter.com\/pl\/wp-json\/wp\/v2\/product\/433027","targetHints":{"allow":["GET"]}}],"collection":[{"href":"https:\/\/interiorposter.com\/pl\/wp-json\/wp\/v2\/product"}],"about":[{"href":"https:\/\/interiorposter.com\/pl\/wp-json\/wp\/v2\/types\/product"}],"replies":[{"embeddable":true,"href":"https:\/\/interiorposter.com\/pl\/wp-json\/wp\/v2\/comments?post=433027"}],"wp:featuredmedia":[{"embeddable":true,"href":"https:\/\/interiorposter.com\/pl\/wp-json\/wp\/v2\/media\/433029"}],"wp:attachment":[{"href":"https:\/\/interiorposter.com\/pl\/wp-json\/wp\/v2\/media?parent=433027"}],"wp:term":[{"taxonomy":"product_brand","embeddable":true,"href":"https:\/\/interiorposter.com\/pl\/wp-json\/wp\/v2\/product_brand?post=433027"},{"taxonomy":"product_cat","embeddable":true,"href":"https:\/\/interiorposter.com\/pl\/wp-json\/wp\/v2\/product_cat?post=433027"},{"taxonomy":"product_tag","embeddable":true,"href":"https:\/\/interiorposter.com\/pl\/wp-json\/wp\/v2\/product_tag?post=433027"}],"curies":[{"name":"wp","href":"https:\/\/api.w.org\/{rel}","templated":true}]}}