{"id":430199,"date":"2026-04-04T05:25:03","date_gmt":"2026-04-04T03:25:03","guid":{"rendered":"https:\/\/interiorposter.com\/?post_type=product&#038;p=430199"},"modified":"2026-05-11T03:13:28","modified_gmt":"2026-05-11T01:13:28","slug":"obraz-na-plotnie-zlote-liscie-palmy","status":"publish","type":"product","link":"https:\/\/interiorposter.com\/pl\/product\/obraz-na-plotnie-zlote-liscie-palmy\/","title":{"rendered":"Obraz na p\u0142\u00f3tnie z\u0142ote li\u015bcie palmy"},"content":{"rendered":"<p>Obraz na p\u0142\u00f3tnie ze z\u0142otymi li\u015b\u0107mi palmy na jasnym tle to dekoracja pe\u0142na lekko\u015bci, elegancji i nowoczesnego uroku. Smuk\u0142e linie li\u015bci tworz\u0105 subtelny, rytmiczny wz\u00f3r, kt\u00f3ry pi\u0119knie roz\u015bwietla wn\u0119trze i dodaje mu wyrafinowanego charakteru. To idealny obraz do salonu, sypialni, biura, hotelu, restauracji lub przedpokoju, szczeg\u00f3lnie do aran\u017cacji glamour, minimalistycznych, nowoczesnych i inspirowanych natur\u0105. Uk\u0142ad kolorystyczny jest jasny, z dominacj\u0105 bieli, z\u0142ota, be\u017cu oraz ciep\u0142ych piaskowych ton\u00f3w.<\/p>\n","protected":false},"excerpt":{"rendered":"<p>Elegancki obraz na p\u0142\u00f3tnie ze z\u0142otymi li\u015b\u0107mi palmy na jasnym tle. Stylowa dekoracja do salonu, sypialni lub biura.<\/p>\n","protected":false},"featured_media":430201,"comment_status":"closed","ping_status":"closed","template":"","meta":[],"product_brand":[],"product_cat":[88,101,76,291,104,107,73,91,125,85,70],"product_tag":[276,696,706],"class_list":{"0":"post-430199","1":"product","2":"type-product","3":"status-publish","4":"has-post-thumbnail","6":"product_cat-biuro","7":"product_cat-glamour-pl","8":"product_cat-hotel-pl","9":"product_cat-ilustracje","10":"product_cat-minimalistyczne","11":"product_cat-nowoczesne","12":"product_cat-przedpokoj","13":"product_cat-restauracja","14":"product_cat-rosliny-i-kwiaty","15":"product_cat-salon","16":"product_cat-sypialnia","17":"product_tag-jasne","18":"product_tag-nowoczesne-obrazy","19":"product_tag-pionowy","20":"pa_size-finishing-20x30-standard","21":"pa_size-finishing-20x30-na-ptnie-woskim","22":"pa_size-finishing-20x30-premium-print","23":"pa_size-finishing-20x30-akustyczny","24":"pa_size-finishing-40x60-standard","25":"pa_size-finishing-40x60-na-ptnie-woskim","26":"pa_size-finishing-40x60-premium-print","27":"pa_size-finishing-40x60-akustyczny","28":"pa_size-finishing-40x60-w-ramie-drewnianej-naturalnej","29":"pa_size-finishing-40x60-w-ramie-drewnianej-czarnej","30":"pa_size-finishing-60x90-standard","31":"pa_size-finishing-60x90-na-ptnie-woskim","32":"pa_size-finishing-60x90-premium-print","33":"pa_size-finishing-60x90-akustyczny","34":"pa_size-finishing-60x90-w-ramie-drewnianej-naturalnej","35":"pa_size-finishing-60x90-w-ramie-drewnianej-czarnej","36":"pa_size-finishing-80x120-standard","37":"pa_size-finishing-80x120-na-ptnie-woskim","38":"pa_size-finishing-80x120-premium-print","39":"pa_size-finishing-80x120-akustyczny","40":"pa_size-finishing-80x120-w-ramie-drewnianej-naturalnej","41":"pa_size-finishing-80x120-w-ramie-drewnianej-czarnej","43":"first","44":"instock","45":"product-type-variable","46":"has-default-attributes"},"aioseo_notices":[],"_links":{"self":[{"href":"https:\/\/interiorposter.com\/pl\/wp-json\/wp\/v2\/product\/430199","targetHints":{"allow":["GET"]}}],"collection":[{"href":"https:\/\/interiorposter.com\/pl\/wp-json\/wp\/v2\/product"}],"about":[{"href":"https:\/\/interiorposter.com\/pl\/wp-json\/wp\/v2\/types\/product"}],"replies":[{"embeddable":true,"href":"https:\/\/interiorposter.com\/pl\/wp-json\/wp\/v2\/comments?post=430199"}],"wp:featuredmedia":[{"embeddable":true,"href":"https:\/\/interiorposter.com\/pl\/wp-json\/wp\/v2\/media\/430201"}],"wp:attachment":[{"href":"https:\/\/interiorposter.com\/pl\/wp-json\/wp\/v2\/media?parent=430199"}],"wp:term":[{"taxonomy":"product_brand","embeddable":true,"href":"https:\/\/interiorposter.com\/pl\/wp-json\/wp\/v2\/product_brand?post=430199"},{"taxonomy":"product_cat","embeddable":true,"href":"https:\/\/interiorposter.com\/pl\/wp-json\/wp\/v2\/product_cat?post=430199"},{"taxonomy":"product_tag","embeddable":true,"href":"https:\/\/interiorposter.com\/pl\/wp-json\/wp\/v2\/product_tag?post=430199"}],"curies":[{"name":"wp","href":"https:\/\/api.w.org\/{rel}","templated":true}]}}