{"id":424465,"date":"2026-04-04T03:05:04","date_gmt":"2026-04-04T01:05:04","guid":{"rendered":"https:\/\/interiorposter.com\/?post_type=product&#038;p=424465"},"modified":"2026-04-04T21:56:52","modified_gmt":"2026-04-04T19:56:52","slug":"obraz-na-plotnie-mglisty-las-w-bezach-i-brazach","status":"publish","type":"product","link":"https:\/\/interiorposter.com\/pl\/product\/obraz-na-plotnie-mglisty-las-w-bezach-i-brazach\/","title":{"rendered":"Obraz na p\u0142\u00f3tnie Mglisty las w be\u017cach i br\u0105zach"},"content":{"rendered":"<p>Obraz na p\u0142\u00f3tnie z motywem mglistego lasu zachwyca subteln\u0105 atmosfer\u0105 spokoju i naturaln\u0105 elegancj\u0105. Delikatnie przenikaj\u0105ce si\u0119 drzewa, trawy i mi\u0119kkie \u015bwiat\u0142o tworz\u0105 kompozycj\u0119, kt\u00f3ra wprowadza do wn\u0119trza harmoni\u0119 oraz wra\u017cenie lekko\u015bci. Be\u017cowo br\u0105zowa paleta z nut\u0105 szaro\u015bci sprawia, \u017ce obraz \u015bwietnie odnajduje si\u0119 w salonie, sypialni, przedpokoju, biurze, hotelu lub restauracji. To doskona\u0142y wyb\u00f3r dla os\u00f3b, kt\u00f3re szukaj\u0105 stylowej dekoracji na \u015bcian\u0119, \u0142\u0105cz\u0105cej natur\u0119 z ponadczasowym charakterem. Taki obraz do salonu pi\u0119knie ociepla aran\u017cacj\u0119 i pomaga stworzy\u0107 przytuln\u0105, wyciszaj\u0105c\u0105 przestrze\u0144.<\/p>\n","protected":false},"excerpt":{"rendered":"<p>Subtelny obraz na p\u0142\u00f3tnie z motywem mglistego lasu w be\u017cach, br\u0105zach i szaro\u015bciach. Elegancka dekoracja do salonu, sypialni lub biura, kt\u00f3ra wnosi spok\u00f3j i naturalny klimat.<\/p>\n","protected":false},"featured_media":424467,"comment_status":"closed","ping_status":"closed","template":"","meta":[],"product_brand":[],"product_cat":[88,110,76,137,299,107,73,91,125,85,113,70,256],"product_tag":[696,701,188],"class_list":{"0":"post-424465","1":"product","2":"type-product","3":"status-publish","4":"has-post-thumbnail","6":"product_cat-biuro","7":"product_cat-fotografia","8":"product_cat-hotel-pl","9":"product_cat-krajobrazy","10":"product_cat-malarskie","11":"product_cat-nowoczesne","12":"product_cat-przedpokoj","13":"product_cat-restauracja","14":"product_cat-rosliny-i-kwiaty","15":"product_cat-salon","16":"product_cat-skandynawskie","17":"product_cat-sypialnia","18":"product_cat-zwierzeta-i-natura","19":"product_tag-nowoczesne-obrazy","20":"product_tag-poziomy","21":"product_tag-wielokolorowy","22":"pa_size-finishing-30x20-standard","23":"pa_size-finishing-30x20-na-ptnie-woskim","24":"pa_size-finishing-30x20-premium-print","25":"pa_size-finishing-30x20-akustyczny","26":"pa_size-finishing-60x40-standard","27":"pa_size-finishing-60x40-na-ptnie-woskim","28":"pa_size-finishing-60x40-premium-print","29":"pa_size-finishing-60x40-akustyczny","30":"pa_size-finishing-60x40-w-ramie-drewnianej-naturalnej","31":"pa_size-finishing-60x40-w-ramie-drewnianej-czarnej","32":"pa_size-finishing-90x60-standard","33":"pa_size-finishing-90x60-na-ptnie-woskim","34":"pa_size-finishing-90x60-premium-print","35":"pa_size-finishing-90x60-akustyczny","36":"pa_size-finishing-90x60-w-ramie-drewnianej-naturalnej","37":"pa_size-finishing-90x60-w-ramie-drewnianej-czarnej","38":"pa_size-finishing-120x80-standard","39":"pa_size-finishing-120x80-na-ptnie-woskim","40":"pa_size-finishing-120x80-premium-print","41":"pa_size-finishing-120x80-akustyczny","42":"pa_size-finishing-120x80-w-ramie-drewnianej-naturalnej","43":"pa_size-finishing-120x80-w-ramie-drewnianej-czarnej","45":"first","46":"instock","47":"purchasable","48":"product-type-variable","49":"has-default-attributes"},"aioseo_notices":[],"_links":{"self":[{"href":"https:\/\/interiorposter.com\/pl\/wp-json\/wp\/v2\/product\/424465","targetHints":{"allow":["GET"]}}],"collection":[{"href":"https:\/\/interiorposter.com\/pl\/wp-json\/wp\/v2\/product"}],"about":[{"href":"https:\/\/interiorposter.com\/pl\/wp-json\/wp\/v2\/types\/product"}],"replies":[{"embeddable":true,"href":"https:\/\/interiorposter.com\/pl\/wp-json\/wp\/v2\/comments?post=424465"}],"wp:featuredmedia":[{"embeddable":true,"href":"https:\/\/interiorposter.com\/pl\/wp-json\/wp\/v2\/media\/424467"}],"wp:attachment":[{"href":"https:\/\/interiorposter.com\/pl\/wp-json\/wp\/v2\/media?parent=424465"}],"wp:term":[{"taxonomy":"product_brand","embeddable":true,"href":"https:\/\/interiorposter.com\/pl\/wp-json\/wp\/v2\/product_brand?post=424465"},{"taxonomy":"product_cat","embeddable":true,"href":"https:\/\/interiorposter.com\/pl\/wp-json\/wp\/v2\/product_cat?post=424465"},{"taxonomy":"product_tag","embeddable":true,"href":"https:\/\/interiorposter.com\/pl\/wp-json\/wp\/v2\/product_tag?post=424465"}],"curies":[{"name":"wp","href":"https:\/\/api.w.org\/{rel}","templated":true}]}}