{"id":415746,"date":"2026-04-03T22:05:03","date_gmt":"2026-04-03T20:05:03","guid":{"rendered":"https:\/\/interiorposter.com\/?post_type=product&#038;p=415746"},"modified":"2026-05-10T23:30:55","modified_gmt":"2026-05-10T21:30:55","slug":"obraz-na-plotnie-kwiaty-w-swietlistej-bieli","status":"publish","type":"product","link":"https:\/\/interiorposter.com\/pl\/product\/obraz-na-plotnie-kwiaty-w-swietlistej-bieli\/","title":{"rendered":"Obraz na p\u0142\u00f3tnie kwiaty w \u015bwietlistej bieli"},"content":{"rendered":"<p>Obraz na p\u0142\u00f3tnie z transparentnymi kwiatami w uj\u0119ciu makro zachwyca delikatno\u015bci\u0105, elegancj\u0105 i wyj\u0105tkow\u0105 lekko\u015bci\u0105. A\u017curowa struktura p\u0142atk\u00f3w, subtelne detale oraz kontrast czerni i bieli tworz\u0105 kompozycj\u0119 nowoczesn\u0105, spokojn\u0105 i bardzo stylow\u0105. To pi\u0119kny obraz na \u015bcian\u0119 do salonu, sypialni, biura, hotelu lub przedpokoju, szczeg\u00f3lnie do wn\u0119trz minimalistycznych, skandynawskich, nowoczesnych i glamour. Dekoracja dodaje przestrzeni klasy, nie przyt\u0142acza aran\u017cacji i \u015bwietnie sprawdza si\u0119 jako elegancki akcent \u015bcienny. Uk\u0142ad kolorystyczny jest jasny i szary, z dominacj\u0105 bieli, czerni oraz odcieni grafitu.<\/p>\n","protected":false},"excerpt":{"rendered":"<p>Elegancki obraz na p\u0142\u00f3tnie z transparentnymi kwiatami w uj\u0119ciu makro. Subtelna dekoracja do salonu, sypialni lub biura.<\/p>\n","protected":false},"featured_media":415748,"comment_status":"closed","ping_status":"closed","template":"","meta":[],"product_brand":[],"product_cat":[88,110,101,76,140,104,107,73,125,85,113,70],"product_tag":[276,696,706,182],"class_list":{"0":"post-415746","1":"product","2":"type-product","3":"status-publish","4":"has-post-thumbnail","6":"product_cat-biuro","7":"product_cat-fotografia","8":"product_cat-glamour-pl","9":"product_cat-hotel-pl","10":"product_cat-makro-pl","11":"product_cat-minimalistyczne","12":"product_cat-nowoczesne","13":"product_cat-przedpokoj","14":"product_cat-rosliny-i-kwiaty","15":"product_cat-salon","16":"product_cat-skandynawskie","17":"product_cat-sypialnia","18":"product_tag-jasne","19":"product_tag-nowoczesne-obrazy","20":"product_tag-pionowy","21":"product_tag-szary","22":"pa_size-finishing-20x30-standard","23":"pa_size-finishing-20x30-na-ptnie-woskim","24":"pa_size-finishing-20x30-premium-print","25":"pa_size-finishing-20x30-akustyczny","26":"pa_size-finishing-40x60-standard","27":"pa_size-finishing-40x60-na-ptnie-woskim","28":"pa_size-finishing-40x60-premium-print","29":"pa_size-finishing-40x60-akustyczny","30":"pa_size-finishing-40x60-w-ramie-drewnianej-naturalnej","31":"pa_size-finishing-40x60-w-ramie-drewnianej-czarnej","32":"pa_size-finishing-60x90-standard","33":"pa_size-finishing-60x90-na-ptnie-woskim","34":"pa_size-finishing-60x90-premium-print","35":"pa_size-finishing-60x90-akustyczny","36":"pa_size-finishing-60x90-w-ramie-drewnianej-naturalnej","37":"pa_size-finishing-60x90-w-ramie-drewnianej-czarnej","38":"pa_size-finishing-80x120-standard","39":"pa_size-finishing-80x120-na-ptnie-woskim","40":"pa_size-finishing-80x120-premium-print","41":"pa_size-finishing-80x120-akustyczny","42":"pa_size-finishing-80x120-w-ramie-drewnianej-naturalnej","43":"pa_size-finishing-80x120-w-ramie-drewnianej-czarnej","45":"first","46":"instock","47":"purchasable","48":"product-type-variable","49":"has-default-attributes"},"aioseo_notices":[],"_links":{"self":[{"href":"https:\/\/interiorposter.com\/pl\/wp-json\/wp\/v2\/product\/415746","targetHints":{"allow":["GET"]}}],"collection":[{"href":"https:\/\/interiorposter.com\/pl\/wp-json\/wp\/v2\/product"}],"about":[{"href":"https:\/\/interiorposter.com\/pl\/wp-json\/wp\/v2\/types\/product"}],"replies":[{"embeddable":true,"href":"https:\/\/interiorposter.com\/pl\/wp-json\/wp\/v2\/comments?post=415746"}],"wp:featuredmedia":[{"embeddable":true,"href":"https:\/\/interiorposter.com\/pl\/wp-json\/wp\/v2\/media\/415748"}],"wp:attachment":[{"href":"https:\/\/interiorposter.com\/pl\/wp-json\/wp\/v2\/media?parent=415746"}],"wp:term":[{"taxonomy":"product_brand","embeddable":true,"href":"https:\/\/interiorposter.com\/pl\/wp-json\/wp\/v2\/product_brand?post=415746"},{"taxonomy":"product_cat","embeddable":true,"href":"https:\/\/interiorposter.com\/pl\/wp-json\/wp\/v2\/product_cat?post=415746"},{"taxonomy":"product_tag","embeddable":true,"href":"https:\/\/interiorposter.com\/pl\/wp-json\/wp\/v2\/product_tag?post=415746"}],"curies":[{"name":"wp","href":"https:\/\/api.w.org\/{rel}","templated":true}]}}