{"id":411146,"date":"2026-04-03T18:19:30","date_gmt":"2026-04-03T16:19:30","guid":{"rendered":"https:\/\/interiorposter.com\/?post_type=product&#038;p=411146"},"modified":"2026-05-10T23:22:35","modified_gmt":"2026-05-10T21:22:35","slug":"obraz-na-plotnie-zolte-kwiaty-w-lekkiej-abstrakcji","status":"publish","type":"product","link":"https:\/\/interiorposter.com\/pl\/product\/obraz-na-plotnie-zolte-kwiaty-w-lekkiej-abstrakcji\/","title":{"rendered":"Obraz na p\u0142\u00f3tnie \u017c\u00f3\u0142te kwiaty w lekkiej abstrakcji"},"content":{"rendered":"<p>Obraz na p\u0142\u00f3tnie z \u017c\u00f3\u0142tymi kwiatami w subtelnej, abstrakcyjnej ods\u0142onie wprowadza do wn\u0119trza \u015bwiat\u0142o, lekko\u015b\u0107 i pogodny nastr\u00f3j. Delikatne poci\u0105gni\u0119cia, rozmyte t\u0142o oraz smuk\u0142e czarne \u0142odygi tworz\u0105 kompozycj\u0119 eleganck\u0105, \u015bwie\u017c\u0105 i pe\u0142n\u0105 artystycznego uroku. To pi\u0119kny obraz na \u015bcian\u0119 do salonu, sypialni, biura, hotelu, restauracji lub przedpokoju, szczeg\u00f3lnie do aran\u017cacji nowoczesnych, minimalistycznych i skandynawskich. Uk\u0142ad kolorystyczny jest jasny, z akcentami \u017c\u00f3\u0142ci, bieli, szaro\u015bci i czerni.<\/p>\n","protected":false},"excerpt":{"rendered":"<p>Jasny obraz na p\u0142\u00f3tnie z \u017c\u00f3\u0142tymi kwiatami w lekkiej abstrakcji. Elegancka dekoracja do salonu, sypialni lub biura.<\/p>\n","protected":false},"featured_media":411148,"comment_status":"closed","ping_status":"closed","template":"","meta":[],"product_brand":[],"product_cat":[97,88,76,299,104,107,73,91,125,85,113,70],"product_tag":[276,696,701,182,188],"class_list":{"0":"post-411146","1":"product","2":"type-product","3":"status-publish","4":"has-post-thumbnail","6":"product_cat-abstrakcja","7":"product_cat-biuro","8":"product_cat-hotel-pl","9":"product_cat-malarskie","10":"product_cat-minimalistyczne","11":"product_cat-nowoczesne","12":"product_cat-przedpokoj","13":"product_cat-restauracja","14":"product_cat-rosliny-i-kwiaty","15":"product_cat-salon","16":"product_cat-skandynawskie","17":"product_cat-sypialnia","18":"product_tag-jasne","19":"product_tag-nowoczesne-obrazy","20":"product_tag-poziomy","21":"product_tag-szary","22":"product_tag-wielokolorowy","23":"pa_size-finishing-30x20-standard","24":"pa_size-finishing-30x20-na-ptnie-woskim","25":"pa_size-finishing-30x20-premium-print","26":"pa_size-finishing-30x20-akustyczny","27":"pa_size-finishing-60x40-standard","28":"pa_size-finishing-60x40-na-ptnie-woskim","29":"pa_size-finishing-60x40-premium-print","30":"pa_size-finishing-60x40-akustyczny","31":"pa_size-finishing-60x40-w-ramie-drewnianej-naturalnej","32":"pa_size-finishing-60x40-w-ramie-drewnianej-czarnej","33":"pa_size-finishing-90x60-standard","34":"pa_size-finishing-90x60-na-ptnie-woskim","35":"pa_size-finishing-90x60-premium-print","36":"pa_size-finishing-90x60-akustyczny","37":"pa_size-finishing-90x60-w-ramie-drewnianej-naturalnej","38":"pa_size-finishing-90x60-w-ramie-drewnianej-czarnej","39":"pa_size-finishing-120x80-standard","40":"pa_size-finishing-120x80-na-ptnie-woskim","41":"pa_size-finishing-120x80-premium-print","42":"pa_size-finishing-120x80-akustyczny","43":"pa_size-finishing-120x80-w-ramie-drewnianej-naturalnej","44":"pa_size-finishing-120x80-w-ramie-drewnianej-czarnej","46":"first","47":"instock","48":"purchasable","49":"product-type-variable","50":"has-default-attributes"},"aioseo_notices":[],"_links":{"self":[{"href":"https:\/\/interiorposter.com\/pl\/wp-json\/wp\/v2\/product\/411146","targetHints":{"allow":["GET"]}}],"collection":[{"href":"https:\/\/interiorposter.com\/pl\/wp-json\/wp\/v2\/product"}],"about":[{"href":"https:\/\/interiorposter.com\/pl\/wp-json\/wp\/v2\/types\/product"}],"replies":[{"embeddable":true,"href":"https:\/\/interiorposter.com\/pl\/wp-json\/wp\/v2\/comments?post=411146"}],"wp:featuredmedia":[{"embeddable":true,"href":"https:\/\/interiorposter.com\/pl\/wp-json\/wp\/v2\/media\/411148"}],"wp:attachment":[{"href":"https:\/\/interiorposter.com\/pl\/wp-json\/wp\/v2\/media?parent=411146"}],"wp:term":[{"taxonomy":"product_brand","embeddable":true,"href":"https:\/\/interiorposter.com\/pl\/wp-json\/wp\/v2\/product_brand?post=411146"},{"taxonomy":"product_cat","embeddable":true,"href":"https:\/\/interiorposter.com\/pl\/wp-json\/wp\/v2\/product_cat?post=411146"},{"taxonomy":"product_tag","embeddable":true,"href":"https:\/\/interiorposter.com\/pl\/wp-json\/wp\/v2\/product_tag?post=411146"}],"curies":[{"name":"wp","href":"https:\/\/api.w.org\/{rel}","templated":true}]}}