{"id":410075,"date":"2026-04-03T10:21:43","date_gmt":"2026-04-03T08:21:43","guid":{"rendered":"https:\/\/interiorposter.com\/?post_type=product&#038;p=410075"},"modified":"2026-04-04T01:19:17","modified_gmt":"2026-04-03T23:19:17","slug":"obraz-na-plotnie-makro-dmuchawca-w-blekitnych-tonach","status":"publish","type":"product","link":"https:\/\/interiorposter.com\/pl\/product\/obraz-na-plotnie-makro-dmuchawca-w-blekitnych-tonach\/","title":{"rendered":"Obraz na p\u0142\u00f3tnie Makro dmuchawca w b\u0142\u0119kitnych tonach"},"content":{"rendered":"<p>Delikatny obraz na p\u0142\u00f3tnie z makro uj\u0119ciem dmuchawca zachwyca lekko\u015bci\u0105, subtelno\u015bci\u0105 i eleganckim detalem inspirowanym natur\u0105. Zwiewne nasiona ukazane w du\u017cym zbli\u017ceniu tworz\u0105 wyj\u0105tkow\u0105 kompozycj\u0119, kt\u00f3ra wprowadza do wn\u0119trza spok\u00f3j, \u015bwie\u017co\u015b\u0107 i harmonijny nastr\u00f3j. Ch\u0142odna kolorystyka oparta na odcieniach b\u0142\u0119kitu, bieli i mi\u0119kkich be\u017cach sprawia, \u017ce obraz doskonale prezentuje si\u0119 jako obraz do salonu, sypialni, biura, hotelu lub przedpokoju. To stylowa dekoracja \u015bcienna do wn\u0119trz nowoczesnych, minimalistycznych i skandynawskich, kt\u00f3ra dodaje przestrzeni lekko\u015bci oraz ponadczasowej elegancji.<\/p>\n","protected":false},"excerpt":{"rendered":"<p>Subtelny obraz na p\u0142\u00f3tnie z makro uj\u0119ciem dmuchawca w b\u0142\u0119kitnej kolorystyce. Elegancka dekoracja do salonu, sypialni, biura i jasnych nowoczesnych wn\u0119trz.<\/p>\n","protected":false},"featured_media":410077,"comment_status":"closed","ping_status":"closed","template":"","meta":[],"product_brand":[],"product_cat":[88,110,76,140,104,107,73,125,85,113,70],"product_tag":[696,279,706,188],"class_list":{"0":"post-410075","1":"product","2":"type-product","3":"status-publish","4":"has-post-thumbnail","6":"product_cat-biuro","7":"product_cat-fotografia","8":"product_cat-hotel-pl","9":"product_cat-makro-pl","10":"product_cat-minimalistyczne","11":"product_cat-nowoczesne","12":"product_cat-przedpokoj","13":"product_cat-rosliny-i-kwiaty","14":"product_cat-salon","15":"product_cat-skandynawskie","16":"product_cat-sypialnia","17":"product_tag-nowoczesne-obrazy","18":"product_tag-pastelowe","19":"product_tag-pionowy","20":"product_tag-wielokolorowy","21":"pa_size-finishing-20x30-standard","22":"pa_size-finishing-20x30-na-ptnie-woskim","23":"pa_size-finishing-20x30-premium-print","24":"pa_size-finishing-20x30-akustyczny","25":"pa_size-finishing-40x60-standard","26":"pa_size-finishing-40x60-na-ptnie-woskim","27":"pa_size-finishing-40x60-premium-print","28":"pa_size-finishing-40x60-akustyczny","29":"pa_size-finishing-40x60-w-ramie-drewnianej-naturalnej","30":"pa_size-finishing-40x60-w-ramie-drewnianej-czarnej","31":"pa_size-finishing-60x90-standard","32":"pa_size-finishing-60x90-na-ptnie-woskim","33":"pa_size-finishing-60x90-premium-print","34":"pa_size-finishing-60x90-akustyczny","35":"pa_size-finishing-60x90-w-ramie-drewnianej-naturalnej","36":"pa_size-finishing-60x90-w-ramie-drewnianej-czarnej","37":"pa_size-finishing-80x120-standard","38":"pa_size-finishing-80x120-na-ptnie-woskim","39":"pa_size-finishing-80x120-premium-print","40":"pa_size-finishing-80x120-akustyczny","41":"pa_size-finishing-80x120-w-ramie-drewnianej-naturalnej","42":"pa_size-finishing-80x120-w-ramie-drewnianej-czarnej","44":"first","45":"instock","46":"purchasable","47":"product-type-variable","48":"has-default-attributes"},"aioseo_notices":[],"_links":{"self":[{"href":"https:\/\/interiorposter.com\/pl\/wp-json\/wp\/v2\/product\/410075","targetHints":{"allow":["GET"]}}],"collection":[{"href":"https:\/\/interiorposter.com\/pl\/wp-json\/wp\/v2\/product"}],"about":[{"href":"https:\/\/interiorposter.com\/pl\/wp-json\/wp\/v2\/types\/product"}],"replies":[{"embeddable":true,"href":"https:\/\/interiorposter.com\/pl\/wp-json\/wp\/v2\/comments?post=410075"}],"wp:featuredmedia":[{"embeddable":true,"href":"https:\/\/interiorposter.com\/pl\/wp-json\/wp\/v2\/media\/410077"}],"wp:attachment":[{"href":"https:\/\/interiorposter.com\/pl\/wp-json\/wp\/v2\/media?parent=410075"}],"wp:term":[{"taxonomy":"product_brand","embeddable":true,"href":"https:\/\/interiorposter.com\/pl\/wp-json\/wp\/v2\/product_brand?post=410075"},{"taxonomy":"product_cat","embeddable":true,"href":"https:\/\/interiorposter.com\/pl\/wp-json\/wp\/v2\/product_cat?post=410075"},{"taxonomy":"product_tag","embeddable":true,"href":"https:\/\/interiorposter.com\/pl\/wp-json\/wp\/v2\/product_tag?post=410075"}],"curies":[{"name":"wp","href":"https:\/\/api.w.org\/{rel}","templated":true}]}}