{"id":408777,"date":"2026-04-03T09:16:57","date_gmt":"2026-04-03T07:16:57","guid":{"rendered":"https:\/\/interiorposter.com\/?post_type=product&#038;p=408777"},"modified":"2026-04-04T01:24:35","modified_gmt":"2026-04-03T23:24:35","slug":"obraz-na-plotnie-orchidea-w-kremowej-harmonii","status":"publish","type":"product","link":"https:\/\/interiorposter.com\/pl\/product\/obraz-na-plotnie-orchidea-w-kremowej-harmonii\/","title":{"rendered":"Obraz na p\u0142\u00f3tnie Orchidea w kremowej harmonii"},"content":{"rendered":"<p>Zmys\u0142owy obraz na p\u0142\u00f3tnie z orchide\u0105 w du\u017cym zbli\u017ceniu zachwyca subteln\u0105 form\u0105 i eleganckim detalem. Delikatne p\u0142atki w odcieniach bieli, kremu i ciep\u0142ych be\u017c\u00f3w tworz\u0105 lekk\u0105, harmonijn\u0105 kompozycj\u0119, kt\u00f3ra wnosi do wn\u0119trza spok\u00f3j, \u015bwie\u017co\u015b\u0107 i wyrafinowany styl. To pi\u0119kny obraz do salonu, sypialni, hotelu, biura lub przedpokoju, idealny do aran\u017cacji nowoczesnych, minimalistycznych, skandynawskich i glamour. Kwiatowy motyw z dekoracyjnym \u015brodkiem przyci\u0105ga wzrok, a jasna pastelowa kolorystyka sprawia, \u017ce obraz na \u015bcian\u0119 subtelnie roz\u015bwietla przestrze\u0144 i dodaje jej eleganckiego charakteru.<\/p>\n","protected":false},"excerpt":{"rendered":"<p>Jasny obraz na p\u0142\u00f3tnie z orchide\u0105 w kremowych i bia\u0142ych tonach. Subtelna, elegancka dekoracja do salonu, sypialni, biura i stylowych jasnych wn\u0119trz.<\/p>\n","protected":false},"featured_media":408779,"comment_status":"closed","ping_status":"closed","template":"","meta":[],"product_brand":[],"product_cat":[88,110,101,76,140,104,107,73,125,85,70],"product_tag":[276,696,279,706],"class_list":{"0":"post-408777","1":"product","2":"type-product","3":"status-publish","4":"has-post-thumbnail","6":"product_cat-biuro","7":"product_cat-fotografia","8":"product_cat-glamour-pl","9":"product_cat-hotel-pl","10":"product_cat-makro-pl","11":"product_cat-minimalistyczne","12":"product_cat-nowoczesne","13":"product_cat-przedpokoj","14":"product_cat-rosliny-i-kwiaty","15":"product_cat-salon","16":"product_cat-sypialnia","17":"product_tag-jasne","18":"product_tag-nowoczesne-obrazy","19":"product_tag-pastelowe","20":"product_tag-pionowy","21":"pa_size-finishing-20x30-standard","22":"pa_size-finishing-20x30-na-ptnie-woskim","23":"pa_size-finishing-20x30-premium-print","24":"pa_size-finishing-20x30-akustyczny","25":"pa_size-finishing-40x60-standard","26":"pa_size-finishing-40x60-na-ptnie-woskim","27":"pa_size-finishing-40x60-premium-print","28":"pa_size-finishing-40x60-akustyczny","29":"pa_size-finishing-40x60-w-ramie-drewnianej-naturalnej","30":"pa_size-finishing-40x60-w-ramie-drewnianej-czarnej","31":"pa_size-finishing-60x90-standard","32":"pa_size-finishing-60x90-na-ptnie-woskim","33":"pa_size-finishing-60x90-premium-print","34":"pa_size-finishing-60x90-akustyczny","35":"pa_size-finishing-60x90-w-ramie-drewnianej-naturalnej","36":"pa_size-finishing-60x90-w-ramie-drewnianej-czarnej","37":"pa_size-finishing-80x120-standard","38":"pa_size-finishing-80x120-na-ptnie-woskim","39":"pa_size-finishing-80x120-premium-print","40":"pa_size-finishing-80x120-akustyczny","41":"pa_size-finishing-80x120-w-ramie-drewnianej-naturalnej","42":"pa_size-finishing-80x120-w-ramie-drewnianej-czarnej","44":"first","45":"instock","46":"purchasable","47":"product-type-variable","48":"has-default-attributes"},"aioseo_notices":[],"_links":{"self":[{"href":"https:\/\/interiorposter.com\/pl\/wp-json\/wp\/v2\/product\/408777","targetHints":{"allow":["GET"]}}],"collection":[{"href":"https:\/\/interiorposter.com\/pl\/wp-json\/wp\/v2\/product"}],"about":[{"href":"https:\/\/interiorposter.com\/pl\/wp-json\/wp\/v2\/types\/product"}],"replies":[{"embeddable":true,"href":"https:\/\/interiorposter.com\/pl\/wp-json\/wp\/v2\/comments?post=408777"}],"wp:featuredmedia":[{"embeddable":true,"href":"https:\/\/interiorposter.com\/pl\/wp-json\/wp\/v2\/media\/408779"}],"wp:attachment":[{"href":"https:\/\/interiorposter.com\/pl\/wp-json\/wp\/v2\/media?parent=408777"}],"wp:term":[{"taxonomy":"product_brand","embeddable":true,"href":"https:\/\/interiorposter.com\/pl\/wp-json\/wp\/v2\/product_brand?post=408777"},{"taxonomy":"product_cat","embeddable":true,"href":"https:\/\/interiorposter.com\/pl\/wp-json\/wp\/v2\/product_cat?post=408777"},{"taxonomy":"product_tag","embeddable":true,"href":"https:\/\/interiorposter.com\/pl\/wp-json\/wp\/v2\/product_tag?post=408777"}],"curies":[{"name":"wp","href":"https:\/\/api.w.org\/{rel}","templated":true}]}}