{"id":408558,"date":"2026-04-03T09:11:58","date_gmt":"2026-04-03T07:11:58","guid":{"rendered":"https:\/\/interiorposter.com\/?post_type=product&#038;p=408558"},"modified":"2026-04-04T01:13:30","modified_gmt":"2026-04-03T23:13:30","slug":"obraz-na-plotnie-magnolia-w-jasnej-elegancji","status":"publish","type":"product","link":"https:\/\/interiorposter.com\/pl\/product\/obraz-na-plotnie-magnolia-w-jasnej-elegancji\/","title":{"rendered":"Obraz na p\u0142\u00f3tnie Magnolia w jasnej elegancji"},"content":{"rendered":"<p>Elegancki obraz na p\u0142\u00f3tnie z magnoli\u0105 w du\u017cym zbli\u017ceniu zachwyca subtelno\u015bci\u0105 i ponadczasowym urokiem kwiatowej kompozycji. Delikatne p\u0142atki w jasnych odcieniach bieli, kremu i pudrowego r\u00f3\u017cu tworz\u0105 harmonijn\u0105 dekoracj\u0119, kt\u00f3ra wnosi do wn\u0119trza lekko\u015b\u0107, \u015bwie\u017co\u015b\u0107 i spokojny nastr\u00f3j. To wyj\u0105tkowy obraz do salonu, sypialni, hotelu, przedpokoju lub biura, idealny do aran\u017cacji nowoczesnych, glamour, minimalistycznych i skandynawskich. Kwiatowy motyw w eleganckim wydaniu pi\u0119knie podkre\u015bla styl przestrzeni i sprawia, \u017ce \u015bciana zyskuje wyrafinowany, dekoracyjny akcent.<\/p>\n","protected":false},"excerpt":{"rendered":"<p>Jasny obraz na p\u0142\u00f3tnie z magnoli\u0105 w delikatnych odcieniach bieli i pudrowego r\u00f3\u017cu. Stylowa dekoracja do salonu, sypialni, biura i eleganckich nowoczesnych wn\u0119trz.<\/p>\n","protected":false},"featured_media":408560,"comment_status":"closed","ping_status":"closed","template":"","meta":[],"product_brand":[],"product_cat":[88,110,101,76,140,104,107,73,125,85,113,70],"product_tag":[276,696,279,706],"class_list":{"0":"post-408558","1":"product","2":"type-product","3":"status-publish","4":"has-post-thumbnail","6":"product_cat-biuro","7":"product_cat-fotografia","8":"product_cat-glamour-pl","9":"product_cat-hotel-pl","10":"product_cat-makro-pl","11":"product_cat-minimalistyczne","12":"product_cat-nowoczesne","13":"product_cat-przedpokoj","14":"product_cat-rosliny-i-kwiaty","15":"product_cat-salon","16":"product_cat-skandynawskie","17":"product_cat-sypialnia","18":"product_tag-jasne","19":"product_tag-nowoczesne-obrazy","20":"product_tag-pastelowe","21":"product_tag-pionowy","22":"pa_size-finishing-20x30-standard","23":"pa_size-finishing-20x30-na-ptnie-woskim","24":"pa_size-finishing-20x30-premium-print","25":"pa_size-finishing-20x30-akustyczny","26":"pa_size-finishing-40x60-standard","27":"pa_size-finishing-40x60-na-ptnie-woskim","28":"pa_size-finishing-40x60-premium-print","29":"pa_size-finishing-40x60-akustyczny","30":"pa_size-finishing-40x60-w-ramie-drewnianej-naturalnej","31":"pa_size-finishing-40x60-w-ramie-drewnianej-czarnej","32":"pa_size-finishing-60x90-standard","33":"pa_size-finishing-60x90-na-ptnie-woskim","34":"pa_size-finishing-60x90-premium-print","35":"pa_size-finishing-60x90-akustyczny","36":"pa_size-finishing-60x90-w-ramie-drewnianej-naturalnej","37":"pa_size-finishing-60x90-w-ramie-drewnianej-czarnej","38":"pa_size-finishing-80x120-standard","39":"pa_size-finishing-80x120-na-ptnie-woskim","40":"pa_size-finishing-80x120-premium-print","41":"pa_size-finishing-80x120-akustyczny","42":"pa_size-finishing-80x120-w-ramie-drewnianej-naturalnej","43":"pa_size-finishing-80x120-w-ramie-drewnianej-czarnej","45":"first","46":"instock","47":"purchasable","48":"product-type-variable","49":"has-default-attributes"},"aioseo_notices":[],"_links":{"self":[{"href":"https:\/\/interiorposter.com\/pl\/wp-json\/wp\/v2\/product\/408558","targetHints":{"allow":["GET"]}}],"collection":[{"href":"https:\/\/interiorposter.com\/pl\/wp-json\/wp\/v2\/product"}],"about":[{"href":"https:\/\/interiorposter.com\/pl\/wp-json\/wp\/v2\/types\/product"}],"replies":[{"embeddable":true,"href":"https:\/\/interiorposter.com\/pl\/wp-json\/wp\/v2\/comments?post=408558"}],"wp:featuredmedia":[{"embeddable":true,"href":"https:\/\/interiorposter.com\/pl\/wp-json\/wp\/v2\/media\/408560"}],"wp:attachment":[{"href":"https:\/\/interiorposter.com\/pl\/wp-json\/wp\/v2\/media?parent=408558"}],"wp:term":[{"taxonomy":"product_brand","embeddable":true,"href":"https:\/\/interiorposter.com\/pl\/wp-json\/wp\/v2\/product_brand?post=408558"},{"taxonomy":"product_cat","embeddable":true,"href":"https:\/\/interiorposter.com\/pl\/wp-json\/wp\/v2\/product_cat?post=408558"},{"taxonomy":"product_tag","embeddable":true,"href":"https:\/\/interiorposter.com\/pl\/wp-json\/wp\/v2\/product_tag?post=408558"}],"curies":[{"name":"wp","href":"https:\/\/api.w.org\/{rel}","templated":true}]}}