{"id":407479,"date":"2026-04-03T08:47:41","date_gmt":"2026-04-03T06:47:41","guid":{"rendered":"https:\/\/interiorposter.com\/?post_type=product&#038;p=407479"},"modified":"2026-04-04T00:57:41","modified_gmt":"2026-04-03T22:57:41","slug":"obraz-na-plotnie-szyszka-w-zimowej-aurze","status":"publish","type":"product","link":"https:\/\/interiorposter.com\/pl\/product\/obraz-na-plotnie-szyszka-w-zimowej-aurze\/","title":{"rendered":"Obraz na p\u0142\u00f3tnie Szyszka w zimowej aurze"},"content":{"rendered":"<p>Klimatyczny obraz na p\u0142\u00f3tnie z motywem szyszki otulonej \u015bniegiem wprowadza do wn\u0119trza ciep\u0142o, spok\u00f3j i wyj\u0105tkowy nastr\u00f3j inspirowany natur\u0105. Uj\u0119cie pe\u0142ne drobnych detali oraz mi\u0119kkie \u015bwiat\u0142o tworz\u0105 efekt przytulnej, eleganckiej dekoracji, kt\u00f3ra \u015bwietnie sprawdzi si\u0119 jako obraz do salonu, sypialni, przedpokoju, hotelu lub biura. Ciemniejsze t\u0142o zestawione z biel\u0105 \u015bniegu i ciep\u0142ymi br\u0105zami nadaje kompozycji g\u0142\u0119bi oraz subtelnego kontrastu. To obraz na \u015bcian\u0119 idealny do wn\u0119trz nowoczesnych, skandynawskich i naturalnych, kt\u00f3ry pi\u0119knie podkre\u015bla spokojny charakter przestrzeni i dodaje jej stylowego akcentu.<\/p>\n","protected":false},"excerpt":{"rendered":"<p>Nastrojowy obraz na p\u0142\u00f3tnie z zimow\u0105 szyszk\u0105 i delikatnym \u015bniegiem. Stylowa dekoracja do salonu, sypialni, biura i wn\u0119trz inspirowanych natur\u0105.<\/p>\n","protected":false},"featured_media":407481,"comment_status":"closed","ping_status":"closed","template":"","meta":[],"product_brand":[],"product_cat":[88,110,76,140,104,107,73,125,85,113,70],"product_tag":[273,696,706,188],"class_list":{"0":"post-407479","1":"product","2":"type-product","3":"status-publish","4":"has-post-thumbnail","6":"product_cat-biuro","7":"product_cat-fotografia","8":"product_cat-hotel-pl","9":"product_cat-makro-pl","10":"product_cat-minimalistyczne","11":"product_cat-nowoczesne","12":"product_cat-przedpokoj","13":"product_cat-rosliny-i-kwiaty","14":"product_cat-salon","15":"product_cat-skandynawskie","16":"product_cat-sypialnia","17":"product_tag-dark-pl","18":"product_tag-nowoczesne-obrazy","19":"product_tag-pionowy","20":"product_tag-wielokolorowy","21":"pa_size-finishing-20x30-standard","22":"pa_size-finishing-20x30-na-ptnie-woskim","23":"pa_size-finishing-20x30-premium-print","24":"pa_size-finishing-20x30-akustyczny","25":"pa_size-finishing-40x60-standard","26":"pa_size-finishing-40x60-na-ptnie-woskim","27":"pa_size-finishing-40x60-premium-print","28":"pa_size-finishing-40x60-akustyczny","29":"pa_size-finishing-40x60-w-ramie-drewnianej-naturalnej","30":"pa_size-finishing-40x60-w-ramie-drewnianej-czarnej","31":"pa_size-finishing-60x90-standard","32":"pa_size-finishing-60x90-na-ptnie-woskim","33":"pa_size-finishing-60x90-premium-print","34":"pa_size-finishing-60x90-akustyczny","35":"pa_size-finishing-60x90-w-ramie-drewnianej-naturalnej","36":"pa_size-finishing-60x90-w-ramie-drewnianej-czarnej","37":"pa_size-finishing-80x120-standard","38":"pa_size-finishing-80x120-na-ptnie-woskim","39":"pa_size-finishing-80x120-premium-print","40":"pa_size-finishing-80x120-akustyczny","41":"pa_size-finishing-80x120-w-ramie-drewnianej-naturalnej","42":"pa_size-finishing-80x120-w-ramie-drewnianej-czarnej","44":"first","45":"instock","46":"purchasable","47":"product-type-variable","48":"has-default-attributes"},"aioseo_notices":[],"_links":{"self":[{"href":"https:\/\/interiorposter.com\/pl\/wp-json\/wp\/v2\/product\/407479","targetHints":{"allow":["GET"]}}],"collection":[{"href":"https:\/\/interiorposter.com\/pl\/wp-json\/wp\/v2\/product"}],"about":[{"href":"https:\/\/interiorposter.com\/pl\/wp-json\/wp\/v2\/types\/product"}],"replies":[{"embeddable":true,"href":"https:\/\/interiorposter.com\/pl\/wp-json\/wp\/v2\/comments?post=407479"}],"wp:featuredmedia":[{"embeddable":true,"href":"https:\/\/interiorposter.com\/pl\/wp-json\/wp\/v2\/media\/407481"}],"wp:attachment":[{"href":"https:\/\/interiorposter.com\/pl\/wp-json\/wp\/v2\/media?parent=407479"}],"wp:term":[{"taxonomy":"product_brand","embeddable":true,"href":"https:\/\/interiorposter.com\/pl\/wp-json\/wp\/v2\/product_brand?post=407479"},{"taxonomy":"product_cat","embeddable":true,"href":"https:\/\/interiorposter.com\/pl\/wp-json\/wp\/v2\/product_cat?post=407479"},{"taxonomy":"product_tag","embeddable":true,"href":"https:\/\/interiorposter.com\/pl\/wp-json\/wp\/v2\/product_tag?post=407479"}],"curies":[{"name":"wp","href":"https:\/\/api.w.org\/{rel}","templated":true}]}}