{"id":407260,"date":"2026-04-03T08:42:40","date_gmt":"2026-04-03T06:42:40","guid":{"rendered":"https:\/\/interiorposter.com\/?post_type=product&#038;p=407260"},"modified":"2026-04-04T01:20:03","modified_gmt":"2026-04-03T23:20:03","slug":"obraz-na-plotnie-biale-dynie-w-subtelnej-kompozycji","status":"publish","type":"product","link":"https:\/\/interiorposter.com\/pl\/product\/obraz-na-plotnie-biale-dynie-w-subtelnej-kompozycji\/","title":{"rendered":"Obraz na p\u0142\u00f3tnie Bia\u0142e dynie w subtelnej kompozycji"},"content":{"rendered":"<p>Stylowy obraz na p\u0142\u00f3tnie z motywem bia\u0142ych dy\u0144 zachwyca prostot\u0105, lekko\u015bci\u0105 i modnym, naturalnym charakterem. Jasna kompozycja oparta na odcieniach bieli, kremu i delikatnych be\u017c\u00f3w wprowadza do wn\u0119trza spok\u00f3j oraz eleganck\u0105 harmoni\u0119. To doskona\u0142y obraz do salonu, kuchni, jadalni, restauracji, hotelu lub przedpokoju, gdzie liczy si\u0119 przytulny klimat i estetyczne wyko\u0144czenie \u015bciany. Ro\u015blinny motyw w nowoczesnym, minimalistycznym uj\u0119ciu \u015bwietnie wsp\u00f3\u0142gra z aran\u017cacjami skandynawskimi, naturalnymi i nowoczesnymi. To dekoracja na \u015bcian\u0119, kt\u00f3ra ociepla przestrze\u0144 i dodaje jej wyj\u0105tkowego, stylowego akcentu.<\/p>\n","protected":false},"excerpt":{"rendered":"<p>Jasny obraz na p\u0142\u00f3tnie z bia\u0142ymi dyniami to subtelna dekoracja do salonu, kuchni i restauracji. Naturalna kolorystyka pi\u0119knie podkre\u015bla spokojny charakter wn\u0119trza.<\/p>\n","protected":false},"featured_media":407262,"comment_status":"closed","ping_status":"closed","template":"","meta":[],"product_brand":[],"product_cat":[110,76,82,140,104,107,73,91,125,85,113,128],"product_tag":[276,696,279,706],"class_list":{"0":"post-407260","1":"product","2":"type-product","3":"status-publish","4":"has-post-thumbnail","6":"product_cat-fotografia","7":"product_cat-hotel-pl","8":"product_cat-kuchnia","9":"product_cat-makro-pl","10":"product_cat-minimalistyczne","11":"product_cat-nowoczesne","12":"product_cat-przedpokoj","13":"product_cat-restauracja","14":"product_cat-rosliny-i-kwiaty","15":"product_cat-salon","16":"product_cat-skandynawskie","17":"product_cat-zywnosc","18":"product_tag-jasne","19":"product_tag-nowoczesne-obrazy","20":"product_tag-pastelowe","21":"product_tag-pionowy","22":"pa_size-finishing-20x30-standard","23":"pa_size-finishing-20x30-na-ptnie-woskim","24":"pa_size-finishing-20x30-premium-print","25":"pa_size-finishing-20x30-akustyczny","26":"pa_size-finishing-40x60-standard","27":"pa_size-finishing-40x60-na-ptnie-woskim","28":"pa_size-finishing-40x60-premium-print","29":"pa_size-finishing-40x60-akustyczny","30":"pa_size-finishing-40x60-w-ramie-drewnianej-naturalnej","31":"pa_size-finishing-40x60-w-ramie-drewnianej-czarnej","32":"pa_size-finishing-60x90-standard","33":"pa_size-finishing-60x90-na-ptnie-woskim","34":"pa_size-finishing-60x90-premium-print","35":"pa_size-finishing-60x90-akustyczny","36":"pa_size-finishing-60x90-w-ramie-drewnianej-naturalnej","37":"pa_size-finishing-60x90-w-ramie-drewnianej-czarnej","38":"pa_size-finishing-80x120-standard","39":"pa_size-finishing-80x120-na-ptnie-woskim","40":"pa_size-finishing-80x120-premium-print","41":"pa_size-finishing-80x120-akustyczny","42":"pa_size-finishing-80x120-w-ramie-drewnianej-naturalnej","43":"pa_size-finishing-80x120-w-ramie-drewnianej-czarnej","45":"first","46":"instock","47":"purchasable","48":"product-type-variable","49":"has-default-attributes"},"aioseo_notices":[],"_links":{"self":[{"href":"https:\/\/interiorposter.com\/pl\/wp-json\/wp\/v2\/product\/407260","targetHints":{"allow":["GET"]}}],"collection":[{"href":"https:\/\/interiorposter.com\/pl\/wp-json\/wp\/v2\/product"}],"about":[{"href":"https:\/\/interiorposter.com\/pl\/wp-json\/wp\/v2\/types\/product"}],"replies":[{"embeddable":true,"href":"https:\/\/interiorposter.com\/pl\/wp-json\/wp\/v2\/comments?post=407260"}],"wp:featuredmedia":[{"embeddable":true,"href":"https:\/\/interiorposter.com\/pl\/wp-json\/wp\/v2\/media\/407262"}],"wp:attachment":[{"href":"https:\/\/interiorposter.com\/pl\/wp-json\/wp\/v2\/media?parent=407260"}],"wp:term":[{"taxonomy":"product_brand","embeddable":true,"href":"https:\/\/interiorposter.com\/pl\/wp-json\/wp\/v2\/product_brand?post=407260"},{"taxonomy":"product_cat","embeddable":true,"href":"https:\/\/interiorposter.com\/pl\/wp-json\/wp\/v2\/product_cat?post=407260"},{"taxonomy":"product_tag","embeddable":true,"href":"https:\/\/interiorposter.com\/pl\/wp-json\/wp\/v2\/product_tag?post=407260"}],"curies":[{"name":"wp","href":"https:\/\/api.w.org\/{rel}","templated":true}]}}