{"id":406822,"date":"2026-04-03T08:32:53","date_gmt":"2026-04-03T06:32:53","guid":{"rendered":"https:\/\/interiorposter.com\/?post_type=product&#038;p=406822"},"modified":"2026-04-04T01:19:48","modified_gmt":"2026-04-03T23:19:48","slug":"obraz-na-plotnie-biale-frezje-w-minimalistycznej-odslonie","status":"publish","type":"product","link":"https:\/\/interiorposter.com\/pl\/product\/obraz-na-plotnie-biale-frezje-w-minimalistycznej-odslonie\/","title":{"rendered":"Obraz na p\u0142\u00f3tnie Bia\u0142e frezje w minimalistycznej ods\u0142onie"},"content":{"rendered":"<p>Subtelny obraz na p\u0142\u00f3tnie z bia\u0142ymi frezjami to elegancka dekoracja, kt\u00f3ra wnosi do wn\u0119trza spok\u00f3j, \u015bwie\u017co\u015b\u0107 i ponadczasowy styl. Delikatne kwiaty ukazane na jasnym, neutralnym tle doskonale podkre\u015blaj\u0105 lekko\u015b\u0107 kompozycji, dzi\u0119ki czemu obraz \u015bwietnie odnajduje si\u0119 jako obraz do salonu, sypialni, przedpokoju, hotelu, biura, a tak\u017ce restauracji. Jasna, stonowana kolorystyka z przewag\u0105 bieli, kremu i naturalnej zieleni sprzyja harmonijnej aran\u017cacji i pasuje do nowoczesnych, skandynawskich oraz minimalistycznych wn\u0119trz. To obraz na \u015bcian\u0119 dla os\u00f3b, kt\u00f3re ceni\u0105 estetyk\u0119, delikatno\u015b\u0107 i kwiatowe motywy w eleganckim wydaniu.<\/p>\n","protected":false},"excerpt":{"rendered":"<p>Jasny obraz na p\u0142\u00f3tnie z bia\u0142ymi frezjami na neutralnym tle. Stylowa i subtelna dekoracja do salonu, sypialni, biura i wn\u0119trz minimalistycznych.<\/p>\n","protected":false},"featured_media":406824,"comment_status":"closed","ping_status":"closed","template":"","meta":[],"product_brand":[],"product_cat":[88,110,76,140,104,107,73,91,125,85,113,70],"product_tag":[276,696,279,706],"class_list":{"0":"post-406822","1":"product","2":"type-product","3":"status-publish","4":"has-post-thumbnail","6":"product_cat-biuro","7":"product_cat-fotografia","8":"product_cat-hotel-pl","9":"product_cat-makro-pl","10":"product_cat-minimalistyczne","11":"product_cat-nowoczesne","12":"product_cat-przedpokoj","13":"product_cat-restauracja","14":"product_cat-rosliny-i-kwiaty","15":"product_cat-salon","16":"product_cat-skandynawskie","17":"product_cat-sypialnia","18":"product_tag-jasne","19":"product_tag-nowoczesne-obrazy","20":"product_tag-pastelowe","21":"product_tag-pionowy","22":"pa_size-finishing-20x30-standard","23":"pa_size-finishing-20x30-na-ptnie-woskim","24":"pa_size-finishing-20x30-premium-print","25":"pa_size-finishing-20x30-akustyczny","26":"pa_size-finishing-40x60-standard","27":"pa_size-finishing-40x60-na-ptnie-woskim","28":"pa_size-finishing-40x60-premium-print","29":"pa_size-finishing-40x60-akustyczny","30":"pa_size-finishing-40x60-w-ramie-drewnianej-naturalnej","31":"pa_size-finishing-40x60-w-ramie-drewnianej-czarnej","32":"pa_size-finishing-60x90-standard","33":"pa_size-finishing-60x90-na-ptnie-woskim","34":"pa_size-finishing-60x90-premium-print","35":"pa_size-finishing-60x90-akustyczny","36":"pa_size-finishing-60x90-w-ramie-drewnianej-naturalnej","37":"pa_size-finishing-60x90-w-ramie-drewnianej-czarnej","38":"pa_size-finishing-80x120-standard","39":"pa_size-finishing-80x120-na-ptnie-woskim","40":"pa_size-finishing-80x120-premium-print","41":"pa_size-finishing-80x120-akustyczny","42":"pa_size-finishing-80x120-w-ramie-drewnianej-naturalnej","43":"pa_size-finishing-80x120-w-ramie-drewnianej-czarnej","45":"first","46":"instock","47":"purchasable","48":"product-type-variable","49":"has-default-attributes"},"aioseo_notices":[],"_links":{"self":[{"href":"https:\/\/interiorposter.com\/pl\/wp-json\/wp\/v2\/product\/406822","targetHints":{"allow":["GET"]}}],"collection":[{"href":"https:\/\/interiorposter.com\/pl\/wp-json\/wp\/v2\/product"}],"about":[{"href":"https:\/\/interiorposter.com\/pl\/wp-json\/wp\/v2\/types\/product"}],"replies":[{"embeddable":true,"href":"https:\/\/interiorposter.com\/pl\/wp-json\/wp\/v2\/comments?post=406822"}],"wp:featuredmedia":[{"embeddable":true,"href":"https:\/\/interiorposter.com\/pl\/wp-json\/wp\/v2\/media\/406824"}],"wp:attachment":[{"href":"https:\/\/interiorposter.com\/pl\/wp-json\/wp\/v2\/media?parent=406822"}],"wp:term":[{"taxonomy":"product_brand","embeddable":true,"href":"https:\/\/interiorposter.com\/pl\/wp-json\/wp\/v2\/product_brand?post=406822"},{"taxonomy":"product_cat","embeddable":true,"href":"https:\/\/interiorposter.com\/pl\/wp-json\/wp\/v2\/product_cat?post=406822"},{"taxonomy":"product_tag","embeddable":true,"href":"https:\/\/interiorposter.com\/pl\/wp-json\/wp\/v2\/product_tag?post=406822"}],"curies":[{"name":"wp","href":"https:\/\/api.w.org\/{rel}","templated":true}]}}