{"id":406384,"date":"2026-04-03T08:23:05","date_gmt":"2026-04-03T06:23:05","guid":{"rendered":"https:\/\/interiorposter.com\/?post_type=product&#038;p=406384"},"modified":"2026-05-09T22:01:44","modified_gmt":"2026-05-09T20:01:44","slug":"obraz-na-plotnie-rozowe-kwiaty-wisni","status":"publish","type":"product","link":"https:\/\/interiorposter.com\/pl\/product\/obraz-na-plotnie-rozowe-kwiaty-wisni\/","title":{"rendered":"Obraz na p\u0142\u00f3tnie r\u00f3\u017cowe kwiaty wi\u015bni"},"content":{"rendered":"<p>Obraz na p\u0142\u00f3tnie z kwitn\u0105cymi ga\u0142\u0119ziami wi\u015bni zachwyca lekko\u015bci\u0105, \u015bwie\u017co\u015bci\u0105 i romantycznym nastrojem. G\u0119sta korona delikatnych r\u00f3\u017cowych kwiat\u00f3w tworzy subteln\u0105, pe\u0142n\u0105 \u015bwiat\u0142a kompozycj\u0119, kt\u00f3ra ociepla wn\u0119trze i wprowadza atmosfer\u0119 wiosennego spokoju. To pi\u0119kny obraz na \u015bcian\u0119 do salonu, sypialni, biura, hotelu, przedpokoju lub eleganckiej restauracji, szczeg\u00f3lnie do aran\u017cacji nowoczesnych, skandynawskich i inspirowanych natur\u0105. Uk\u0142ad kolorystyczny jest jasny i pastelowy, z dominacj\u0105 r\u00f3\u017cu, bieli oraz naturalnych br\u0105z\u00f3w ga\u0142\u0119zi.<\/p>\n","protected":false},"excerpt":{"rendered":"<p>Delikatny obraz na p\u0142\u00f3tnie z r\u00f3\u017cowymi kwiatami wi\u015bni. Romantyczna dekoracja do salonu, sypialni, biura lub hotelu.<\/p>\n","protected":false},"featured_media":406386,"comment_status":"closed","ping_status":"closed","template":"","meta":[],"product_brand":[],"product_cat":[88,110,76,73,91,125,85,70],"product_tag":[1302,696,279,706,188],"class_list":{"0":"post-406384","1":"product","2":"type-product","3":"status-publish","4":"has-post-thumbnail","6":"product_cat-biuro","7":"product_cat-fotografia","8":"product_cat-hotel-pl","9":"product_cat-przedpokoj","10":"product_cat-restauracja","11":"product_cat-rosliny-i-kwiaty","12":"product_cat-salon","13":"product_cat-sypialnia","14":"product_tag-drzewo","15":"product_tag-nowoczesne-obrazy","16":"product_tag-pastelowe","17":"product_tag-pionowy","18":"product_tag-wielokolorowy","19":"pa_size-finishing-20x30-standard","20":"pa_size-finishing-20x30-na-ptnie-woskim","21":"pa_size-finishing-20x30-premium-print","22":"pa_size-finishing-20x30-akustyczny","23":"pa_size-finishing-40x60-standard","24":"pa_size-finishing-40x60-na-ptnie-woskim","25":"pa_size-finishing-40x60-premium-print","26":"pa_size-finishing-40x60-akustyczny","27":"pa_size-finishing-40x60-w-ramie-drewnianej-naturalnej","28":"pa_size-finishing-40x60-w-ramie-drewnianej-czarnej","29":"pa_size-finishing-60x90-standard","30":"pa_size-finishing-60x90-na-ptnie-woskim","31":"pa_size-finishing-60x90-premium-print","32":"pa_size-finishing-60x90-akustyczny","33":"pa_size-finishing-60x90-w-ramie-drewnianej-naturalnej","34":"pa_size-finishing-60x90-w-ramie-drewnianej-czarnej","35":"pa_size-finishing-80x120-standard","36":"pa_size-finishing-80x120-na-ptnie-woskim","37":"pa_size-finishing-80x120-premium-print","38":"pa_size-finishing-80x120-akustyczny","39":"pa_size-finishing-80x120-w-ramie-drewnianej-naturalnej","40":"pa_size-finishing-80x120-w-ramie-drewnianej-czarnej","42":"first","43":"instock","44":"purchasable","45":"product-type-variable","46":"has-default-attributes"},"aioseo_notices":[],"_links":{"self":[{"href":"https:\/\/interiorposter.com\/pl\/wp-json\/wp\/v2\/product\/406384","targetHints":{"allow":["GET"]}}],"collection":[{"href":"https:\/\/interiorposter.com\/pl\/wp-json\/wp\/v2\/product"}],"about":[{"href":"https:\/\/interiorposter.com\/pl\/wp-json\/wp\/v2\/types\/product"}],"replies":[{"embeddable":true,"href":"https:\/\/interiorposter.com\/pl\/wp-json\/wp\/v2\/comments?post=406384"}],"wp:featuredmedia":[{"embeddable":true,"href":"https:\/\/interiorposter.com\/pl\/wp-json\/wp\/v2\/media\/406386"}],"wp:attachment":[{"href":"https:\/\/interiorposter.com\/pl\/wp-json\/wp\/v2\/media?parent=406384"}],"wp:term":[{"taxonomy":"product_brand","embeddable":true,"href":"https:\/\/interiorposter.com\/pl\/wp-json\/wp\/v2\/product_brand?post=406384"},{"taxonomy":"product_cat","embeddable":true,"href":"https:\/\/interiorposter.com\/pl\/wp-json\/wp\/v2\/product_cat?post=406384"},{"taxonomy":"product_tag","embeddable":true,"href":"https:\/\/interiorposter.com\/pl\/wp-json\/wp\/v2\/product_tag?post=406384"}],"curies":[{"name":"wp","href":"https:\/\/api.w.org\/{rel}","templated":true}]}}