{"id":405727,"date":"2026-04-03T08:08:24","date_gmt":"2026-04-03T06:08:24","guid":{"rendered":"https:\/\/interiorposter.com\/?post_type=product&#038;p=405727"},"modified":"2026-05-03T00:22:38","modified_gmt":"2026-05-02T22:22:38","slug":"obraz-na-plotnie-bordowe-lilie-elegancja-natury","status":"publish","type":"product","link":"https:\/\/interiorposter.com\/pl\/product\/obraz-na-plotnie-bordowe-lilie-elegancja-natury\/","title":{"rendered":"Obraz na p\u0142\u00f3tnie Bordowe lilie Elegancja natury"},"content":{"rendered":"<p>Obraz na p\u0142\u00f3tnie z bordowymi liliami to dekoracja o g\u0142\u0119bokim, eleganckim charakterze, kt\u00f3ra przyci\u0105ga wzrok i dodaje wn\u0119trzu wyrafinowania. Kwiaty w odcieniach bordo, r\u00f3\u017cu i ciemnej czerwieni pi\u0119knie kontrastuj\u0105 z jasnym, lekko szarym t\u0142em oraz zieleni\u0105 p\u0105k\u00f3w. Ten obraz do salonu sprawdzi si\u0119 tak\u017ce w sypialni, hotelu, biurze, restauracji lub przedpokoju. Kwiatowy motyw pasuje do aran\u017cacji glamour, nowoczesnych, malarskich i klasycznie eleganckich.<\/p>\n","protected":false},"excerpt":{"rendered":"","protected":false},"featured_media":405729,"comment_status":"closed","ping_status":"closed","template":"","meta":[],"product_brand":[],"product_cat":[88,110,101,76,299,107,73,91,125,85,70],"product_tag":[696,706,188],"class_list":{"0":"post-405727","1":"product","2":"type-product","3":"status-publish","4":"has-post-thumbnail","6":"product_cat-biuro","7":"product_cat-fotografia","8":"product_cat-glamour-pl","9":"product_cat-hotel-pl","10":"product_cat-malarskie","11":"product_cat-nowoczesne","12":"product_cat-przedpokoj","13":"product_cat-restauracja","14":"product_cat-rosliny-i-kwiaty","15":"product_cat-salon","16":"product_cat-sypialnia","17":"product_tag-nowoczesne-obrazy","18":"product_tag-pionowy","19":"product_tag-wielokolorowy","20":"pa_size-finishing-20x30-standard","21":"pa_size-finishing-20x30-na-ptnie-woskim","22":"pa_size-finishing-20x30-premium-print","23":"pa_size-finishing-20x30-akustyczny","24":"pa_size-finishing-40x60-standard","25":"pa_size-finishing-40x60-na-ptnie-woskim","26":"pa_size-finishing-40x60-premium-print","27":"pa_size-finishing-40x60-akustyczny","28":"pa_size-finishing-40x60-w-ramie-drewnianej-naturalnej","29":"pa_size-finishing-40x60-w-ramie-drewnianej-czarnej","30":"pa_size-finishing-60x90-standard","31":"pa_size-finishing-60x90-na-ptnie-woskim","32":"pa_size-finishing-60x90-premium-print","33":"pa_size-finishing-60x90-akustyczny","34":"pa_size-finishing-60x90-w-ramie-drewnianej-naturalnej","35":"pa_size-finishing-60x90-w-ramie-drewnianej-czarnej","36":"pa_size-finishing-80x120-standard","37":"pa_size-finishing-80x120-na-ptnie-woskim","38":"pa_size-finishing-80x120-premium-print","39":"pa_size-finishing-80x120-akustyczny","40":"pa_size-finishing-80x120-w-ramie-drewnianej-naturalnej","41":"pa_size-finishing-80x120-w-ramie-drewnianej-czarnej","43":"first","44":"instock","45":"purchasable","46":"product-type-variable","47":"has-default-attributes"},"aioseo_notices":[],"_links":{"self":[{"href":"https:\/\/interiorposter.com\/pl\/wp-json\/wp\/v2\/product\/405727","targetHints":{"allow":["GET"]}}],"collection":[{"href":"https:\/\/interiorposter.com\/pl\/wp-json\/wp\/v2\/product"}],"about":[{"href":"https:\/\/interiorposter.com\/pl\/wp-json\/wp\/v2\/types\/product"}],"replies":[{"embeddable":true,"href":"https:\/\/interiorposter.com\/pl\/wp-json\/wp\/v2\/comments?post=405727"}],"wp:featuredmedia":[{"embeddable":true,"href":"https:\/\/interiorposter.com\/pl\/wp-json\/wp\/v2\/media\/405729"}],"wp:attachment":[{"href":"https:\/\/interiorposter.com\/pl\/wp-json\/wp\/v2\/media?parent=405727"}],"wp:term":[{"taxonomy":"product_brand","embeddable":true,"href":"https:\/\/interiorposter.com\/pl\/wp-json\/wp\/v2\/product_brand?post=405727"},{"taxonomy":"product_cat","embeddable":true,"href":"https:\/\/interiorposter.com\/pl\/wp-json\/wp\/v2\/product_cat?post=405727"},{"taxonomy":"product_tag","embeddable":true,"href":"https:\/\/interiorposter.com\/pl\/wp-json\/wp\/v2\/product_tag?post=405727"}],"curies":[{"name":"wp","href":"https:\/\/api.w.org\/{rel}","templated":true}]}}