{"id":405508,"date":"2026-04-03T08:03:38","date_gmt":"2026-04-03T06:03:38","guid":{"rendered":"https:\/\/interiorposter.com\/?post_type=product&#038;p=405508"},"modified":"2026-04-04T02:39:31","modified_gmt":"2026-04-04T00:39:31","slug":"obraz-na-plotnie-rozowe-maki-w-subtelnej-odslonie","status":"publish","type":"product","link":"https:\/\/interiorposter.com\/pl\/product\/obraz-na-plotnie-rozowe-maki-w-subtelnej-odslonie\/","title":{"rendered":"Obraz na p\u0142\u00f3tnie R\u00f3\u017cowe maki w subtelnej ods\u0142onie"},"content":{"rendered":"<p>Delikatny obraz na p\u0142\u00f3tnie z r\u00f3\u017cowymi makami urzeka lekko\u015bci\u0105 formy i eleganck\u0105 prostot\u0105. Kwiatowa kompozycja na jasnym tle wprowadza do wn\u0119trza \u015bwie\u017co\u015b\u0107, spok\u00f3j i subtelny romantyczny akcent. Odcienie r\u00f3\u017cu, bieli i przygaszonej zieleni tworz\u0105 harmonijn\u0105 ca\u0142o\u015b\u0107, kt\u00f3ra doskonale sprawdza si\u0119 jako obraz do salonu, sypialni, biura, hotelu lub przedpokoju. To stylowa dekoracja \u015bcienna do wn\u0119trz nowoczesnych, minimalistycznych i skandynawskich, kt\u00f3ra rozja\u015bnia przestrze\u0144 i dodaje jej lekko\u015bci. Kwiatowy motyw w tak eleganckim wydaniu pi\u0119knie dope\u0142nia jasne, spokojne aran\u017cacje.<\/p>\n","protected":false},"excerpt":{"rendered":"<p>Jasny obraz na p\u0142\u00f3tnie z r\u00f3\u017cowymi makami na subtelnym tle. Elegancka dekoracja do salonu, sypialni, biura i nowoczesnych jasnych wn\u0119trz.<\/p>\n","protected":false},"featured_media":405510,"comment_status":"closed","ping_status":"closed","template":"","meta":[],"product_brand":[],"product_cat":[88,110,76,104,107,73,125,85,113,70],"product_tag":[276,696,706,188],"class_list":{"0":"post-405508","1":"product","2":"type-product","3":"status-publish","4":"has-post-thumbnail","6":"product_cat-biuro","7":"product_cat-fotografia","8":"product_cat-hotel-pl","9":"product_cat-minimalistyczne","10":"product_cat-nowoczesne","11":"product_cat-przedpokoj","12":"product_cat-rosliny-i-kwiaty","13":"product_cat-salon","14":"product_cat-skandynawskie","15":"product_cat-sypialnia","16":"product_tag-jasne","17":"product_tag-nowoczesne-obrazy","18":"product_tag-pionowy","19":"product_tag-wielokolorowy","20":"pa_size-finishing-20x30-standard","21":"pa_size-finishing-20x30-na-ptnie-woskim","22":"pa_size-finishing-20x30-premium-print","23":"pa_size-finishing-20x30-akustyczny","24":"pa_size-finishing-40x60-standard","25":"pa_size-finishing-40x60-na-ptnie-woskim","26":"pa_size-finishing-40x60-premium-print","27":"pa_size-finishing-40x60-akustyczny","28":"pa_size-finishing-40x60-w-ramie-drewnianej-naturalnej","29":"pa_size-finishing-40x60-w-ramie-drewnianej-czarnej","30":"pa_size-finishing-60x90-standard","31":"pa_size-finishing-60x90-na-ptnie-woskim","32":"pa_size-finishing-60x90-premium-print","33":"pa_size-finishing-60x90-akustyczny","34":"pa_size-finishing-60x90-w-ramie-drewnianej-naturalnej","35":"pa_size-finishing-60x90-w-ramie-drewnianej-czarnej","36":"pa_size-finishing-80x120-standard","37":"pa_size-finishing-80x120-na-ptnie-woskim","38":"pa_size-finishing-80x120-premium-print","39":"pa_size-finishing-80x120-akustyczny","40":"pa_size-finishing-80x120-w-ramie-drewnianej-naturalnej","41":"pa_size-finishing-80x120-w-ramie-drewnianej-czarnej","43":"first","44":"instock","45":"purchasable","46":"product-type-variable","47":"has-default-attributes"},"aioseo_notices":[],"_links":{"self":[{"href":"https:\/\/interiorposter.com\/pl\/wp-json\/wp\/v2\/product\/405508","targetHints":{"allow":["GET"]}}],"collection":[{"href":"https:\/\/interiorposter.com\/pl\/wp-json\/wp\/v2\/product"}],"about":[{"href":"https:\/\/interiorposter.com\/pl\/wp-json\/wp\/v2\/types\/product"}],"replies":[{"embeddable":true,"href":"https:\/\/interiorposter.com\/pl\/wp-json\/wp\/v2\/comments?post=405508"}],"wp:featuredmedia":[{"embeddable":true,"href":"https:\/\/interiorposter.com\/pl\/wp-json\/wp\/v2\/media\/405510"}],"wp:attachment":[{"href":"https:\/\/interiorposter.com\/pl\/wp-json\/wp\/v2\/media?parent=405508"}],"wp:term":[{"taxonomy":"product_brand","embeddable":true,"href":"https:\/\/interiorposter.com\/pl\/wp-json\/wp\/v2\/product_brand?post=405508"},{"taxonomy":"product_cat","embeddable":true,"href":"https:\/\/interiorposter.com\/pl\/wp-json\/wp\/v2\/product_cat?post=405508"},{"taxonomy":"product_tag","embeddable":true,"href":"https:\/\/interiorposter.com\/pl\/wp-json\/wp\/v2\/product_tag?post=405508"}],"curies":[{"name":"wp","href":"https:\/\/api.w.org\/{rel}","templated":true}]}}