{"id":405070,"date":"2026-04-03T07:53:39","date_gmt":"2026-04-03T05:53:39","guid":{"rendered":"https:\/\/interiorposter.com\/?post_type=product&#038;p=405070"},"modified":"2026-05-11T03:17:15","modified_gmt":"2026-05-11T01:17:15","slug":"obraz-na-plotnie-roza-w-delikatnym-swietle","status":"publish","type":"product","link":"https:\/\/interiorposter.com\/pl\/product\/obraz-na-plotnie-roza-w-delikatnym-swietle\/","title":{"rendered":"Obraz na p\u0142\u00f3tnie r\u00f3\u017ca w delikatnym \u015bwietle"},"content":{"rendered":"<p>Obraz na p\u0142\u00f3tnie z subteln\u0105 r\u00f3\u017c\u0105 w jasnej, niemal eterycznej ods\u0142onie wprowadza do wn\u0119trza spok\u00f3j, romantyczny nastr\u00f3j i eleganck\u0105 lekko\u015b\u0107. Mi\u0119kkie p\u0142atki, pastelowy r\u00f3\u017c oraz roz\u015bwietlone t\u0142o tworz\u0105 kompozycj\u0119 pe\u0142n\u0105 harmonii i ponadczasowego uroku. To pi\u0119kny obraz na \u015bcian\u0119 do salonu, sypialni, biura, hotelu lub przedpokoju, szczeg\u00f3lnie do aran\u017cacji glamour, minimalistycznych, skandynawskich i inspirowanych natur\u0105. Dekoracja optycznie rozja\u015bnia przestrze\u0144, dodaje jej delikatno\u015bci i tworzy stylowy kwiatowy akcent. Uk\u0142ad kolorystyczny jest jasny i pastelowy, z dominacj\u0105 bieli, pudrowego r\u00f3\u017cu oraz mi\u0119kkich kremowych ton\u00f3w.<\/p>\n","protected":false},"excerpt":{"rendered":"<p>Subtelny obraz na p\u0142\u00f3tnie z jasn\u0105 r\u00f3\u017c\u0105 w delikatnym \u015bwietle. Romantyczna dekoracja do salonu, sypialni lub biura.<\/p>\n","protected":false},"featured_media":405072,"comment_status":"closed","ping_status":"closed","template":"","meta":[],"product_brand":[],"product_cat":[88,110,101,76,140,104,107,73,125,85,113,70],"product_tag":[276,696,279,706],"class_list":{"0":"post-405070","1":"product","2":"type-product","3":"status-publish","4":"has-post-thumbnail","6":"product_cat-biuro","7":"product_cat-fotografia","8":"product_cat-glamour-pl","9":"product_cat-hotel-pl","10":"product_cat-makro-pl","11":"product_cat-minimalistyczne","12":"product_cat-nowoczesne","13":"product_cat-przedpokoj","14":"product_cat-rosliny-i-kwiaty","15":"product_cat-salon","16":"product_cat-skandynawskie","17":"product_cat-sypialnia","18":"product_tag-jasne","19":"product_tag-nowoczesne-obrazy","20":"product_tag-pastelowe","21":"product_tag-pionowy","22":"pa_size-finishing-20x30-standard","23":"pa_size-finishing-20x30-na-ptnie-woskim","24":"pa_size-finishing-20x30-premium-print","25":"pa_size-finishing-20x30-akustyczny","26":"pa_size-finishing-40x60-standard","27":"pa_size-finishing-40x60-na-ptnie-woskim","28":"pa_size-finishing-40x60-premium-print","29":"pa_size-finishing-40x60-akustyczny","30":"pa_size-finishing-40x60-w-ramie-drewnianej-naturalnej","31":"pa_size-finishing-40x60-w-ramie-drewnianej-czarnej","32":"pa_size-finishing-60x90-standard","33":"pa_size-finishing-60x90-na-ptnie-woskim","34":"pa_size-finishing-60x90-premium-print","35":"pa_size-finishing-60x90-akustyczny","36":"pa_size-finishing-60x90-w-ramie-drewnianej-naturalnej","37":"pa_size-finishing-60x90-w-ramie-drewnianej-czarnej","38":"pa_size-finishing-80x120-standard","39":"pa_size-finishing-80x120-na-ptnie-woskim","40":"pa_size-finishing-80x120-premium-print","41":"pa_size-finishing-80x120-akustyczny","42":"pa_size-finishing-80x120-w-ramie-drewnianej-naturalnej","43":"pa_size-finishing-80x120-w-ramie-drewnianej-czarnej","45":"first","46":"instock","47":"purchasable","48":"product-type-variable","49":"has-default-attributes"},"aioseo_notices":[],"_links":{"self":[{"href":"https:\/\/interiorposter.com\/pl\/wp-json\/wp\/v2\/product\/405070","targetHints":{"allow":["GET"]}}],"collection":[{"href":"https:\/\/interiorposter.com\/pl\/wp-json\/wp\/v2\/product"}],"about":[{"href":"https:\/\/interiorposter.com\/pl\/wp-json\/wp\/v2\/types\/product"}],"replies":[{"embeddable":true,"href":"https:\/\/interiorposter.com\/pl\/wp-json\/wp\/v2\/comments?post=405070"}],"wp:featuredmedia":[{"embeddable":true,"href":"https:\/\/interiorposter.com\/pl\/wp-json\/wp\/v2\/media\/405072"}],"wp:attachment":[{"href":"https:\/\/interiorposter.com\/pl\/wp-json\/wp\/v2\/media?parent=405070"}],"wp:term":[{"taxonomy":"product_brand","embeddable":true,"href":"https:\/\/interiorposter.com\/pl\/wp-json\/wp\/v2\/product_brand?post=405070"},{"taxonomy":"product_cat","embeddable":true,"href":"https:\/\/interiorposter.com\/pl\/wp-json\/wp\/v2\/product_cat?post=405070"},{"taxonomy":"product_tag","embeddable":true,"href":"https:\/\/interiorposter.com\/pl\/wp-json\/wp\/v2\/product_tag?post=405070"}],"curies":[{"name":"wp","href":"https:\/\/api.w.org\/{rel}","templated":true}]}}