{"id":402490,"date":"2026-04-03T06:57:07","date_gmt":"2026-04-03T04:57:07","guid":{"rendered":"https:\/\/interiorposter.com\/?post_type=product&#038;p=402490"},"modified":"2026-05-03T00:06:02","modified_gmt":"2026-05-02T22:06:02","slug":"obraz-na-plotnie-biale-kwiaty-na-strukturze","status":"publish","type":"product","link":"https:\/\/interiorposter.com\/pl\/product\/obraz-na-plotnie-biale-kwiaty-na-strukturze\/","title":{"rendered":"Obraz na p\u0142\u00f3tnie Bia\u0142e kwiaty na strukturze"},"content":{"rendered":"<p>Obraz na p\u0142\u00f3tnie z bia\u0142ymi kwiatami na jasnym, delikatnie przecieranym tle to elegancka dekoracja, kt\u00f3ra wprowadza do wn\u0119trza \u015bwie\u017co\u015b\u0107, lekko\u015b\u0107 i spokojny nastr\u00f3j. Jasna kolorystyka z kremowymi i szarymi tonami pi\u0119knie rozja\u015bnia przestrze\u0144, tworz\u0105c harmonijny akcent na \u015bcianie. Ten obraz do salonu sprawdzi si\u0119 tak\u017ce w sypialni, \u0142azience, hotelu, biurze lub przedpokoju. Kwiatowy motyw pasuje do aran\u017cacji skandynawskich, minimalistycznych, nowoczesnych i glamour.<\/p>\n","protected":false},"excerpt":{"rendered":"","protected":false},"featured_media":402492,"comment_status":"closed","ping_status":"closed","template":"","meta":[],"product_brand":[],"product_cat":[88,101,76,67,104,107,73,125,85,113,70],"product_tag":[276,696,701,182],"class_list":{"0":"post-402490","1":"product","2":"type-product","3":"status-publish","4":"has-post-thumbnail","6":"product_cat-biuro","7":"product_cat-glamour-pl","8":"product_cat-hotel-pl","9":"product_cat-lazienka","10":"product_cat-minimalistyczne","11":"product_cat-nowoczesne","12":"product_cat-przedpokoj","13":"product_cat-rosliny-i-kwiaty","14":"product_cat-salon","15":"product_cat-skandynawskie","16":"product_cat-sypialnia","17":"product_tag-jasne","18":"product_tag-nowoczesne-obrazy","19":"product_tag-poziomy","20":"product_tag-szary","21":"pa_size-finishing-30x20-standard","22":"pa_size-finishing-30x20-na-ptnie-woskim","23":"pa_size-finishing-30x20-premium-print","24":"pa_size-finishing-30x20-akustyczny","25":"pa_size-finishing-60x40-standard","26":"pa_size-finishing-60x40-na-ptnie-woskim","27":"pa_size-finishing-60x40-premium-print","28":"pa_size-finishing-60x40-akustyczny","29":"pa_size-finishing-60x40-w-ramie-drewnianej-naturalnej","30":"pa_size-finishing-60x40-w-ramie-drewnianej-czarnej","31":"pa_size-finishing-90x60-standard","32":"pa_size-finishing-90x60-na-ptnie-woskim","33":"pa_size-finishing-90x60-premium-print","34":"pa_size-finishing-90x60-akustyczny","35":"pa_size-finishing-90x60-w-ramie-drewnianej-naturalnej","36":"pa_size-finishing-90x60-w-ramie-drewnianej-czarnej","37":"pa_size-finishing-120x80-standard","38":"pa_size-finishing-120x80-na-ptnie-woskim","39":"pa_size-finishing-120x80-premium-print","40":"pa_size-finishing-120x80-akustyczny","41":"pa_size-finishing-120x80-w-ramie-drewnianej-naturalnej","42":"pa_size-finishing-120x80-w-ramie-drewnianej-czarnej","44":"first","45":"instock","46":"purchasable","47":"product-type-variable","48":"has-default-attributes"},"aioseo_notices":[],"_links":{"self":[{"href":"https:\/\/interiorposter.com\/pl\/wp-json\/wp\/v2\/product\/402490","targetHints":{"allow":["GET"]}}],"collection":[{"href":"https:\/\/interiorposter.com\/pl\/wp-json\/wp\/v2\/product"}],"about":[{"href":"https:\/\/interiorposter.com\/pl\/wp-json\/wp\/v2\/types\/product"}],"replies":[{"embeddable":true,"href":"https:\/\/interiorposter.com\/pl\/wp-json\/wp\/v2\/comments?post=402490"}],"wp:featuredmedia":[{"embeddable":true,"href":"https:\/\/interiorposter.com\/pl\/wp-json\/wp\/v2\/media\/402492"}],"wp:attachment":[{"href":"https:\/\/interiorposter.com\/pl\/wp-json\/wp\/v2\/media?parent=402490"}],"wp:term":[{"taxonomy":"product_brand","embeddable":true,"href":"https:\/\/interiorposter.com\/pl\/wp-json\/wp\/v2\/product_brand?post=402490"},{"taxonomy":"product_cat","embeddable":true,"href":"https:\/\/interiorposter.com\/pl\/wp-json\/wp\/v2\/product_cat?post=402490"},{"taxonomy":"product_tag","embeddable":true,"href":"https:\/\/interiorposter.com\/pl\/wp-json\/wp\/v2\/product_tag?post=402490"}],"curies":[{"name":"wp","href":"https:\/\/api.w.org\/{rel}","templated":true}]}}