{"id":400758,"date":"2026-04-03T06:19:50","date_gmt":"2026-04-03T04:19:50","guid":{"rendered":"https:\/\/interiorposter.com\/?post_type=product&#038;p=400758"},"modified":"2026-04-04T02:28:52","modified_gmt":"2026-04-04T00:28:52","slug":"obraz-na-plotnie-dmuchawiec-w-bezowo-blekitnej-tonacji","status":"publish","type":"product","link":"https:\/\/interiorposter.com\/pl\/product\/obraz-na-plotnie-dmuchawiec-w-bezowo-blekitnej-tonacji\/","title":{"rendered":"Obraz na p\u0142\u00f3tnie Dmuchawiec w be\u017cowo b\u0142\u0119kitnej tonacji"},"content":{"rendered":"<p>Stylowy obraz na p\u0142\u00f3tnie z motywem dmuchawca w artystycznym uj\u0119ciu zachwyca lekko\u015bci\u0105, subtelno\u015bci\u0105 i dekoracyjn\u0105 mi\u0119kko\u015bci\u0105 formy. Delikatnie rozmyta kompozycja w odcieniach be\u017cu, bieli, szaro\u015bci i przygaszonego b\u0142\u0119kitu wprowadza do wn\u0119trza spok\u00f3j oraz harmonijny klimat. To elegancki obraz do salonu, sypialni, biura, hotelu lub przedpokoju, kt\u00f3ry doskonale odnajduje si\u0119 w aran\u017cacjach nowoczesnych, skandynawskich i minimalistycznych. Kwiatowy motyw w malarskiej ods\u0142onie przyci\u0105ga wzrok, a jednocze\u015bnie pozostaje lekki i nienachalny, dzi\u0119ki czemu obraz na \u015bcian\u0119 pi\u0119knie dope\u0142nia jasn\u0105, stylow\u0105 przestrze\u0144.<\/p>\n","protected":false},"excerpt":{"rendered":"<p>Subtelny obraz na p\u0142\u00f3tnie z dmuchawcem w be\u017cach, szaro\u015bciach i delikatnym b\u0142\u0119kicie. Elegancka dekoracja do salonu, sypialni, biura i jasnych nowoczesnych wn\u0119trz.<\/p>\n","protected":false},"featured_media":400760,"comment_status":"closed","ping_status":"closed","template":"","meta":[],"product_brand":[],"product_cat":[88,76,299,104,107,73,125,85,113,70],"product_tag":[276,696,279,701,182],"class_list":{"0":"post-400758","1":"product","2":"type-product","3":"status-publish","4":"has-post-thumbnail","6":"product_cat-biuro","7":"product_cat-hotel-pl","8":"product_cat-malarskie","9":"product_cat-minimalistyczne","10":"product_cat-nowoczesne","11":"product_cat-przedpokoj","12":"product_cat-rosliny-i-kwiaty","13":"product_cat-salon","14":"product_cat-skandynawskie","15":"product_cat-sypialnia","16":"product_tag-jasne","17":"product_tag-nowoczesne-obrazy","18":"product_tag-pastelowe","19":"product_tag-poziomy","20":"product_tag-szary","21":"pa_size-finishing-60x40-standard","22":"pa_size-finishing-60x40-na-ptnie-woskim","23":"pa_size-finishing-60x40-premium-print","24":"pa_size-finishing-60x40-akustyczny","25":"pa_size-finishing-60x40-w-ramie-drewnianej-naturalnej","26":"pa_size-finishing-60x40-w-ramie-drewnianej-czarnej","27":"pa_size-finishing-90x60-standard","28":"pa_size-finishing-90x60-na-ptnie-woskim","29":"pa_size-finishing-90x60-premium-print","30":"pa_size-finishing-90x60-akustyczny","31":"pa_size-finishing-90x60-w-ramie-drewnianej-naturalnej","32":"pa_size-finishing-90x60-w-ramie-drewnianej-czarnej","33":"pa_size-finishing-120x80-standard","34":"pa_size-finishing-120x80-na-ptnie-woskim","35":"pa_size-finishing-120x80-premium-print","36":"pa_size-finishing-120x80-akustyczny","37":"pa_size-finishing-120x80-w-ramie-drewnianej-naturalnej","38":"pa_size-finishing-120x80-w-ramie-drewnianej-czarnej","40":"first","41":"instock","42":"purchasable","43":"product-type-variable","44":"has-default-attributes"},"aioseo_notices":[],"_links":{"self":[{"href":"https:\/\/interiorposter.com\/pl\/wp-json\/wp\/v2\/product\/400758","targetHints":{"allow":["GET"]}}],"collection":[{"href":"https:\/\/interiorposter.com\/pl\/wp-json\/wp\/v2\/product"}],"about":[{"href":"https:\/\/interiorposter.com\/pl\/wp-json\/wp\/v2\/types\/product"}],"replies":[{"embeddable":true,"href":"https:\/\/interiorposter.com\/pl\/wp-json\/wp\/v2\/comments?post=400758"}],"wp:featuredmedia":[{"embeddable":true,"href":"https:\/\/interiorposter.com\/pl\/wp-json\/wp\/v2\/media\/400760"}],"wp:attachment":[{"href":"https:\/\/interiorposter.com\/pl\/wp-json\/wp\/v2\/media?parent=400758"}],"wp:term":[{"taxonomy":"product_brand","embeddable":true,"href":"https:\/\/interiorposter.com\/pl\/wp-json\/wp\/v2\/product_brand?post=400758"},{"taxonomy":"product_cat","embeddable":true,"href":"https:\/\/interiorposter.com\/pl\/wp-json\/wp\/v2\/product_cat?post=400758"},{"taxonomy":"product_tag","embeddable":true,"href":"https:\/\/interiorposter.com\/pl\/wp-json\/wp\/v2\/product_tag?post=400758"}],"curies":[{"name":"wp","href":"https:\/\/api.w.org\/{rel}","templated":true}]}}