{"id":398443,"date":"2026-04-03T05:29:55","date_gmt":"2026-04-03T03:29:55","guid":{"rendered":"https:\/\/interiorposter.com\/?post_type=product&#038;p=398443"},"modified":"2026-04-05T01:00:23","modified_gmt":"2026-04-04T23:00:23","slug":"szeroki-obraz-na-plotnie-zlote-drzewa-na-czarnym-tle","status":"publish","type":"product","link":"https:\/\/interiorposter.com\/pl\/product\/szeroki-obraz-na-plotnie-zlote-drzewa-na-czarnym-tle\/","title":{"rendered":"Szeroki obraz na p\u0142\u00f3tnie Z\u0142ote drzewa na czarnym tle"},"content":{"rendered":"<p>Szeroki obraz na p\u0142\u00f3tnie z motywem trzech z\u0142otych drzew na g\u0142\u0119bokim czarnym tle zachwyca elegancj\u0105, wyrazistym kontrastem i dekoracyjnym charakterem. Misternie ukazane ga\u0142\u0119zie tworz\u0105 efektown\u0105 kompozycj\u0119, kt\u00f3ra przyci\u0105ga wzrok i nadaje wn\u0119trzu luksusowy, nowoczesny klimat. Po\u0142\u0105czenie czerni i z\u0142ota sprawia, \u017ce obraz doskonale prezentuje si\u0119 w salonie, sypialni, biurze, hotelu, restauracji lub przedpokoju, szczeg\u00f3lnie w aran\u017cacjach glamour, nowoczesnych i minimalistycznych. Taka dekoracja na \u015bcian\u0119 wnosi do przestrzeni g\u0142\u0119bi\u0119, styl i ponadczasow\u0105 elegancj\u0119, staj\u0105c si\u0119 mocnym akcentem ca\u0142ego wn\u0119trza.<\/p>\n","protected":false},"excerpt":{"rendered":"<p>Szeroki obraz na p\u0142\u00f3tnie z trzema z\u0142otymi drzewami na czarnym tle. Elegancka dekoracja do salonu, sypialni lub biura, kt\u00f3ra wnosi luksusowy charakter, kontrast i nowoczesny styl.<\/p>\n","protected":false},"featured_media":398445,"comment_status":"closed","ping_status":"closed","template":"","meta":[],"product_brand":[],"product_cat":[88,101,76,137,104,107,73,91,125,85,70],"product_tag":[273,696,917,701],"class_list":{"0":"post-398443","1":"product","2":"type-product","3":"status-publish","4":"has-post-thumbnail","6":"product_cat-biuro","7":"product_cat-glamour-pl","8":"product_cat-hotel-pl","9":"product_cat-krajobrazy","10":"product_cat-minimalistyczne","11":"product_cat-nowoczesne","12":"product_cat-przedpokoj","13":"product_cat-restauracja","14":"product_cat-rosliny-i-kwiaty","15":"product_cat-salon","16":"product_cat-sypialnia","17":"product_tag-dark-pl","18":"product_tag-nowoczesne-obrazy","19":"product_tag-panoramiczne","20":"product_tag-poziomy","21":"pa_size-finishing-60x30-standard","22":"pa_size-finishing-60x30-na-ptnie-woskim","23":"pa_size-finishing-60x30-premium-print","24":"pa_size-finishing-60x30-akustyczny","25":"pa_size-finishing-60x30-w-ramie-drewnianej-naturalnej","26":"pa_size-finishing-60x30-w-ramie-drewnianej-czarnej","27":"pa_size-finishing-120x60-standard","28":"pa_size-finishing-120x60-na-ptnie-woskim","29":"pa_size-finishing-120x60-premium-print","30":"pa_size-finishing-120x60-akustyczny","31":"pa_size-finishing-120x60-w-ramie-drewnianej-naturalnej","32":"pa_size-finishing-120x60-w-ramie-drewnianej-czarnej","34":"first","35":"instock","36":"purchasable","37":"product-type-variable","38":"has-default-attributes"},"aioseo_notices":[],"_links":{"self":[{"href":"https:\/\/interiorposter.com\/pl\/wp-json\/wp\/v2\/product\/398443","targetHints":{"allow":["GET"]}}],"collection":[{"href":"https:\/\/interiorposter.com\/pl\/wp-json\/wp\/v2\/product"}],"about":[{"href":"https:\/\/interiorposter.com\/pl\/wp-json\/wp\/v2\/types\/product"}],"replies":[{"embeddable":true,"href":"https:\/\/interiorposter.com\/pl\/wp-json\/wp\/v2\/comments?post=398443"}],"wp:featuredmedia":[{"embeddable":true,"href":"https:\/\/interiorposter.com\/pl\/wp-json\/wp\/v2\/media\/398445"}],"wp:attachment":[{"href":"https:\/\/interiorposter.com\/pl\/wp-json\/wp\/v2\/media?parent=398443"}],"wp:term":[{"taxonomy":"product_brand","embeddable":true,"href":"https:\/\/interiorposter.com\/pl\/wp-json\/wp\/v2\/product_brand?post=398443"},{"taxonomy":"product_cat","embeddable":true,"href":"https:\/\/interiorposter.com\/pl\/wp-json\/wp\/v2\/product_cat?post=398443"},{"taxonomy":"product_tag","embeddable":true,"href":"https:\/\/interiorposter.com\/pl\/wp-json\/wp\/v2\/product_tag?post=398443"}],"curies":[{"name":"wp","href":"https:\/\/api.w.org\/{rel}","templated":true}]}}