{"id":398232,"date":"2026-04-03T05:25:10","date_gmt":"2026-04-03T03:25:10","guid":{"rendered":"https:\/\/interiorposter.com\/?post_type=product&#038;p=398232"},"modified":"2026-04-05T00:55:18","modified_gmt":"2026-04-04T22:55:18","slug":"obraz-na-plotnie-drzewo-o-zlotej-koronie-nad-woda","status":"publish","type":"product","link":"https:\/\/interiorposter.com\/pl\/product\/obraz-na-plotnie-drzewo-o-zlotej-koronie-nad-woda\/","title":{"rendered":"Obraz na p\u0142\u00f3tnie Drzewo o z\u0142otej koronie nad wod\u0105"},"content":{"rendered":"<p>Obraz na p\u0142\u00f3tnie z motywem roz\u0142o\u017cystego drzewa o \u015bwietlistej, z\u0142oto pomara\u0144czowej koronie zachwyca intensywn\u0105 kolorystyk\u0105 i malarsk\u0105 energi\u0105. Odbicia w wodzie, subtelne sylwetki ptak\u00f3w oraz po\u0142\u0105czenie ciep\u0142ych barw zachodu s\u0142o\u0144ca z akcentami fioletu, b\u0142\u0119kitu i r\u00f3\u017cu tworz\u0105 wyj\u0105tkow\u0105 dekoracj\u0119 pe\u0142n\u0105 g\u0142\u0119bi i emocji. To efektowny obraz do salonu, sypialni, biura, hotelu lub restauracji, idealny do wn\u0119trz nowoczesnych i artystycznych. Taki obraz na \u015bcian\u0119 przyci\u0105ga wzrok, o\u017cywia przestrze\u0144 i wprowadza do aran\u017cacji atmosfer\u0119 spokoju, \u015bwiat\u0142a oraz inspiruj\u0105cego kontaktu z natur\u0105.<\/p>\n","protected":false},"excerpt":{"rendered":"<p>Malarski obraz na p\u0142\u00f3tnie z drzewem o z\u0142otej koronie nad wod\u0105 w ciep\u0142ych pomara\u0144czach, fioletach i b\u0142\u0119kitach. Efektowna dekoracja do salonu, sypialni lub biura, kt\u00f3ra wnosi energi\u0119, \u015bwiat\u0142o i artystyczny klimat.<\/p>\n","protected":false},"featured_media":398234,"comment_status":"closed","ping_status":"closed","template":"","meta":[],"product_brand":[],"product_cat":[88,76,291,137,299,107,91,125,85,70,256],"product_tag":[273,696,701,188],"class_list":{"0":"post-398232","1":"product","2":"type-product","3":"status-publish","4":"has-post-thumbnail","6":"product_cat-biuro","7":"product_cat-hotel-pl","8":"product_cat-ilustracje","9":"product_cat-krajobrazy","10":"product_cat-malarskie","11":"product_cat-nowoczesne","12":"product_cat-restauracja","13":"product_cat-rosliny-i-kwiaty","14":"product_cat-salon","15":"product_cat-sypialnia","16":"product_cat-zwierzeta-i-natura","17":"product_tag-dark-pl","18":"product_tag-nowoczesne-obrazy","19":"product_tag-poziomy","20":"product_tag-wielokolorowy","21":"pa_size-finishing-30x20-standard","22":"pa_size-finishing-30x20-na-ptnie-woskim","23":"pa_size-finishing-30x20-premium-print","24":"pa_size-finishing-30x20-akustyczny","25":"pa_size-finishing-60x40-standard","26":"pa_size-finishing-60x40-na-ptnie-woskim","27":"pa_size-finishing-60x40-premium-print","28":"pa_size-finishing-60x40-akustyczny","29":"pa_size-finishing-60x40-w-ramie-drewnianej-naturalnej","30":"pa_size-finishing-60x40-w-ramie-drewnianej-czarnej","31":"pa_size-finishing-90x60-standard","32":"pa_size-finishing-90x60-na-ptnie-woskim","33":"pa_size-finishing-90x60-premium-print","34":"pa_size-finishing-90x60-akustyczny","35":"pa_size-finishing-90x60-w-ramie-drewnianej-naturalnej","36":"pa_size-finishing-90x60-w-ramie-drewnianej-czarnej","37":"pa_size-finishing-120x80-standard","38":"pa_size-finishing-120x80-na-ptnie-woskim","39":"pa_size-finishing-120x80-premium-print","40":"pa_size-finishing-120x80-akustyczny","41":"pa_size-finishing-120x80-w-ramie-drewnianej-naturalnej","42":"pa_size-finishing-120x80-w-ramie-drewnianej-czarnej","44":"first","45":"instock","46":"purchasable","47":"product-type-variable","48":"has-default-attributes"},"aioseo_notices":[],"_links":{"self":[{"href":"https:\/\/interiorposter.com\/pl\/wp-json\/wp\/v2\/product\/398232","targetHints":{"allow":["GET"]}}],"collection":[{"href":"https:\/\/interiorposter.com\/pl\/wp-json\/wp\/v2\/product"}],"about":[{"href":"https:\/\/interiorposter.com\/pl\/wp-json\/wp\/v2\/types\/product"}],"replies":[{"embeddable":true,"href":"https:\/\/interiorposter.com\/pl\/wp-json\/wp\/v2\/comments?post=398232"}],"wp:featuredmedia":[{"embeddable":true,"href":"https:\/\/interiorposter.com\/pl\/wp-json\/wp\/v2\/media\/398234"}],"wp:attachment":[{"href":"https:\/\/interiorposter.com\/pl\/wp-json\/wp\/v2\/media?parent=398232"}],"wp:term":[{"taxonomy":"product_brand","embeddable":true,"href":"https:\/\/interiorposter.com\/pl\/wp-json\/wp\/v2\/product_brand?post=398232"},{"taxonomy":"product_cat","embeddable":true,"href":"https:\/\/interiorposter.com\/pl\/wp-json\/wp\/v2\/product_cat?post=398232"},{"taxonomy":"product_tag","embeddable":true,"href":"https:\/\/interiorposter.com\/pl\/wp-json\/wp\/v2\/product_tag?post=398232"}],"curies":[{"name":"wp","href":"https:\/\/api.w.org\/{rel}","templated":true}]}}