{"id":398021,"date":"2026-04-03T05:20:27","date_gmt":"2026-04-03T03:20:27","guid":{"rendered":"https:\/\/interiorposter.com\/?post_type=product&#038;p=398021"},"modified":"2026-05-03T00:14:01","modified_gmt":"2026-05-02T22:14:01","slug":"obraz-na-plotnie-pastelowe-magnolie-w-swietle","status":"publish","type":"product","link":"https:\/\/interiorposter.com\/pl\/product\/obraz-na-plotnie-pastelowe-magnolie-w-swietle\/","title":{"rendered":"Obraz na p\u0142\u00f3tnie Pastelowe magnolie w \u015bwietle"},"content":{"rendered":"<p>Obraz na p\u0142\u00f3tnie z pastelowymi magnoliami na jasnym, lekko strukturalnym tle to delikatna dekoracja, kt\u00f3ra wnosi do wn\u0119trza \u015bwie\u017co\u015b\u0107, harmoni\u0119 i romantyczny nastr\u00f3j. Subtelne odcienie bieli, r\u00f3\u017cu, be\u017cu i ch\u0142odnej szaro\u015bci pi\u0119knie roz\u015bwietlaj\u0105 przestrze\u0144, tworz\u0105c elegancki akcent na \u015bcianie. Ten obraz do salonu sprawdzi si\u0119 tak\u017ce w sypialni, \u0142azience, hotelu, biurze lub przedpokoju. Kwiatowy motyw pasuje do aran\u017cacji skandynawskich, glamour, minimalistycznych i nowoczesnych.<\/p>\n","protected":false},"excerpt":{"rendered":"","protected":false},"featured_media":398023,"comment_status":"closed","ping_status":"closed","template":"","meta":[],"product_brand":[],"product_cat":[88,101,76,67,104,107,73,125,85,113,70],"product_tag":[276,696,279,701,182],"class_list":{"0":"post-398021","1":"product","2":"type-product","3":"status-publish","4":"has-post-thumbnail","6":"product_cat-biuro","7":"product_cat-glamour-pl","8":"product_cat-hotel-pl","9":"product_cat-lazienka","10":"product_cat-minimalistyczne","11":"product_cat-nowoczesne","12":"product_cat-przedpokoj","13":"product_cat-rosliny-i-kwiaty","14":"product_cat-salon","15":"product_cat-skandynawskie","16":"product_cat-sypialnia","17":"product_tag-jasne","18":"product_tag-nowoczesne-obrazy","19":"product_tag-pastelowe","20":"product_tag-poziomy","21":"product_tag-szary","22":"pa_size-finishing-30x20-standard","23":"pa_size-finishing-30x20-na-ptnie-woskim","24":"pa_size-finishing-30x20-premium-print","25":"pa_size-finishing-30x20-akustyczny","26":"pa_size-finishing-60x40-standard","27":"pa_size-finishing-60x40-na-ptnie-woskim","28":"pa_size-finishing-60x40-premium-print","29":"pa_size-finishing-60x40-akustyczny","30":"pa_size-finishing-60x40-w-ramie-drewnianej-naturalnej","31":"pa_size-finishing-60x40-w-ramie-drewnianej-czarnej","32":"pa_size-finishing-90x60-standard","33":"pa_size-finishing-90x60-na-ptnie-woskim","34":"pa_size-finishing-90x60-premium-print","35":"pa_size-finishing-90x60-akustyczny","36":"pa_size-finishing-90x60-w-ramie-drewnianej-naturalnej","37":"pa_size-finishing-90x60-w-ramie-drewnianej-czarnej","38":"pa_size-finishing-120x80-standard","39":"pa_size-finishing-120x80-na-ptnie-woskim","40":"pa_size-finishing-120x80-premium-print","41":"pa_size-finishing-120x80-akustyczny","42":"pa_size-finishing-120x80-w-ramie-drewnianej-naturalnej","43":"pa_size-finishing-120x80-w-ramie-drewnianej-czarnej","45":"first","46":"instock","47":"purchasable","48":"product-type-variable","49":"has-default-attributes"},"aioseo_notices":[],"_links":{"self":[{"href":"https:\/\/interiorposter.com\/pl\/wp-json\/wp\/v2\/product\/398021","targetHints":{"allow":["GET"]}}],"collection":[{"href":"https:\/\/interiorposter.com\/pl\/wp-json\/wp\/v2\/product"}],"about":[{"href":"https:\/\/interiorposter.com\/pl\/wp-json\/wp\/v2\/types\/product"}],"replies":[{"embeddable":true,"href":"https:\/\/interiorposter.com\/pl\/wp-json\/wp\/v2\/comments?post=398021"}],"wp:featuredmedia":[{"embeddable":true,"href":"https:\/\/interiorposter.com\/pl\/wp-json\/wp\/v2\/media\/398023"}],"wp:attachment":[{"href":"https:\/\/interiorposter.com\/pl\/wp-json\/wp\/v2\/media?parent=398021"}],"wp:term":[{"taxonomy":"product_brand","embeddable":true,"href":"https:\/\/interiorposter.com\/pl\/wp-json\/wp\/v2\/product_brand?post=398021"},{"taxonomy":"product_cat","embeddable":true,"href":"https:\/\/interiorposter.com\/pl\/wp-json\/wp\/v2\/product_cat?post=398021"},{"taxonomy":"product_tag","embeddable":true,"href":"https:\/\/interiorposter.com\/pl\/wp-json\/wp\/v2\/product_tag?post=398021"}],"curies":[{"name":"wp","href":"https:\/\/api.w.org\/{rel}","templated":true}]}}