{"id":397810,"date":"2026-04-03T05:16:00","date_gmt":"2026-04-03T03:16:00","guid":{"rendered":"https:\/\/interiorposter.com\/?post_type=product&#038;p=397810"},"modified":"2026-04-05T00:50:31","modified_gmt":"2026-04-04T22:50:31","slug":"obraz-na-plotnie-subtelny-las-w-bezowej-tonacji","status":"publish","type":"product","link":"https:\/\/interiorposter.com\/pl\/product\/obraz-na-plotnie-subtelny-las-w-bezowej-tonacji\/","title":{"rendered":"Obraz na p\u0142\u00f3tnie Subtelny las w be\u017cowej tonacji"},"content":{"rendered":"<p>Obraz na p\u0142\u00f3tnie z motywem delikatnych, smuk\u0142ych drzew zachwyca spokojem, lekko\u015bci\u0105 i minimalistyczn\u0105 elegancj\u0105. Jasna kompozycja w odcieniach be\u017cu, z\u0142amanej bieli i subtelnych szaro\u015bci tworzy harmonijn\u0105 dekoracj\u0119, kt\u00f3ra pi\u0119knie rozja\u015bnia wn\u0119trze i nadaje mu wyciszaj\u0105cy charakter. To stylowy obraz do salonu, sypialni, przedpokoju, biura lub hotelu, idealny do aran\u017cacji nowoczesnych, skandynawskich i minimalistycznych. Taki obraz na \u015bcian\u0119 doskonale buduje atmosfer\u0119 spokoju, optycznie porz\u0105dkuje przestrze\u0144 i staje si\u0119 ponadczasowym akcentem inspirowanym natur\u0105 oraz delikatn\u0105 estetyk\u0105.<\/p>\n","protected":false},"excerpt":{"rendered":"<p>Jasny obraz na p\u0142\u00f3tnie z motywem subtelnego lasu w be\u017cowo szarej tonacji. Elegancka dekoracja do salonu, sypialni lub biura, kt\u00f3ra wnosi harmoni\u0119, lekko\u015b\u0107 i spokojny klimat.<\/p>\n","protected":false},"featured_media":397812,"comment_status":"closed","ping_status":"closed","template":"","meta":[],"product_brand":[],"product_cat":[88,76,137,299,104,107,73,125,85,113,70],"product_tag":[276,696,279,701,182],"class_list":{"0":"post-397810","1":"product","2":"type-product","3":"status-publish","4":"has-post-thumbnail","6":"product_cat-biuro","7":"product_cat-hotel-pl","8":"product_cat-krajobrazy","9":"product_cat-malarskie","10":"product_cat-minimalistyczne","11":"product_cat-nowoczesne","12":"product_cat-przedpokoj","13":"product_cat-rosliny-i-kwiaty","14":"product_cat-salon","15":"product_cat-skandynawskie","16":"product_cat-sypialnia","17":"product_tag-jasne","18":"product_tag-nowoczesne-obrazy","19":"product_tag-pastelowe","20":"product_tag-poziomy","21":"product_tag-szary","22":"pa_size-finishing-30x20-standard","23":"pa_size-finishing-30x20-na-ptnie-woskim","24":"pa_size-finishing-30x20-premium-print","25":"pa_size-finishing-30x20-akustyczny","26":"pa_size-finishing-60x40-standard","27":"pa_size-finishing-60x40-na-ptnie-woskim","28":"pa_size-finishing-60x40-premium-print","29":"pa_size-finishing-60x40-akustyczny","30":"pa_size-finishing-60x40-w-ramie-drewnianej-naturalnej","31":"pa_size-finishing-60x40-w-ramie-drewnianej-czarnej","32":"pa_size-finishing-90x60-standard","33":"pa_size-finishing-90x60-na-ptnie-woskim","34":"pa_size-finishing-90x60-premium-print","35":"pa_size-finishing-90x60-akustyczny","36":"pa_size-finishing-90x60-w-ramie-drewnianej-naturalnej","37":"pa_size-finishing-90x60-w-ramie-drewnianej-czarnej","38":"pa_size-finishing-120x80-standard","39":"pa_size-finishing-120x80-na-ptnie-woskim","40":"pa_size-finishing-120x80-premium-print","41":"pa_size-finishing-120x80-akustyczny","42":"pa_size-finishing-120x80-w-ramie-drewnianej-naturalnej","43":"pa_size-finishing-120x80-w-ramie-drewnianej-czarnej","45":"first","46":"instock","47":"purchasable","48":"product-type-variable","49":"has-default-attributes"},"aioseo_notices":[],"_links":{"self":[{"href":"https:\/\/interiorposter.com\/pl\/wp-json\/wp\/v2\/product\/397810","targetHints":{"allow":["GET"]}}],"collection":[{"href":"https:\/\/interiorposter.com\/pl\/wp-json\/wp\/v2\/product"}],"about":[{"href":"https:\/\/interiorposter.com\/pl\/wp-json\/wp\/v2\/types\/product"}],"replies":[{"embeddable":true,"href":"https:\/\/interiorposter.com\/pl\/wp-json\/wp\/v2\/comments?post=397810"}],"wp:featuredmedia":[{"embeddable":true,"href":"https:\/\/interiorposter.com\/pl\/wp-json\/wp\/v2\/media\/397812"}],"wp:attachment":[{"href":"https:\/\/interiorposter.com\/pl\/wp-json\/wp\/v2\/media?parent=397810"}],"wp:term":[{"taxonomy":"product_brand","embeddable":true,"href":"https:\/\/interiorposter.com\/pl\/wp-json\/wp\/v2\/product_brand?post=397810"},{"taxonomy":"product_cat","embeddable":true,"href":"https:\/\/interiorposter.com\/pl\/wp-json\/wp\/v2\/product_cat?post=397810"},{"taxonomy":"product_tag","embeddable":true,"href":"https:\/\/interiorposter.com\/pl\/wp-json\/wp\/v2\/product_tag?post=397810"}],"curies":[{"name":"wp","href":"https:\/\/api.w.org\/{rel}","templated":true}]}}