{"id":393274,"date":"2026-04-03T03:32:02","date_gmt":"2026-04-03T01:32:02","guid":{"rendered":"https:\/\/interiorposter.com\/?post_type=product&#038;p=393274"},"modified":"2026-04-04T02:22:37","modified_gmt":"2026-04-04T00:22:37","slug":"obraz-na-plotnie-bialy-szkic-kwiatu-na-czarnym-tle","status":"publish","type":"product","link":"https:\/\/interiorposter.com\/pl\/product\/obraz-na-plotnie-bialy-szkic-kwiatu-na-czarnym-tle\/","title":{"rendered":"Obraz na p\u0142\u00f3tnie Bia\u0142y szkic kwiatu na czarnym tle"},"content":{"rendered":"<p>Nowoczesny obraz na p\u0142\u00f3tnie z bia\u0142ym szkicem kwiatu na g\u0142\u0119bokim czarnym tle zachwyca prostot\u0105, kontrastem i eleganck\u0105 form\u0105. Minimalistyczna kompozycja inspirowana rysunkiem linearnym \u015bwietnie podkre\u015bla styl wn\u0119trza, dodaj\u0105c mu wyrafinowania i artystycznego charakteru. To wyj\u0105tkowy obraz do salonu, sypialni, biura, hotelu lub przedpokoju, idealny do aran\u017cacji nowoczesnych, minimalistycznych i loftowych. Czarno-bia\u0142a kolorystyka sprawia, \u017ce dekoracja jest uniwersalna, a jednocze\u015bnie bardzo efektowna, dzi\u0119ki czemu obraz na \u015bcian\u0119 staje si\u0119 mocnym, stylowym akcentem we wn\u0119trzu.<\/p>\n","protected":false},"excerpt":{"rendered":"<p>Minimalistyczny obraz na p\u0142\u00f3tnie z bia\u0142ym szkicem kwiatu na czarnym tle. Elegancka dekoracja do salonu, sypialni, biura i nowoczesnych wn\u0119trz.<\/p>\n","protected":false},"featured_media":393276,"comment_status":"closed","ping_status":"closed","template":"","meta":[],"product_brand":[],"product_cat":[88,76,291,104,107,73,125,85,70],"product_tag":[273,696,706,182],"class_list":{"0":"post-393274","1":"product","2":"type-product","3":"status-publish","4":"has-post-thumbnail","6":"product_cat-biuro","7":"product_cat-hotel-pl","8":"product_cat-ilustracje","9":"product_cat-minimalistyczne","10":"product_cat-nowoczesne","11":"product_cat-przedpokoj","12":"product_cat-rosliny-i-kwiaty","13":"product_cat-salon","14":"product_cat-sypialnia","15":"product_tag-dark-pl","16":"product_tag-nowoczesne-obrazy","17":"product_tag-pionowy","18":"product_tag-szary","19":"pa_size-finishing-20x30-standard","20":"pa_size-finishing-20x30-na-ptnie-woskim","21":"pa_size-finishing-20x30-premium-print","22":"pa_size-finishing-20x30-akustyczny","23":"pa_size-finishing-40x60-standard","24":"pa_size-finishing-40x60-na-ptnie-woskim","25":"pa_size-finishing-40x60-premium-print","26":"pa_size-finishing-40x60-akustyczny","27":"pa_size-finishing-40x60-w-ramie-drewnianej-naturalnej","28":"pa_size-finishing-40x60-w-ramie-drewnianej-czarnej","29":"pa_size-finishing-60x90-standard","30":"pa_size-finishing-60x90-na-ptnie-woskim","31":"pa_size-finishing-60x90-premium-print","32":"pa_size-finishing-60x90-akustyczny","33":"pa_size-finishing-60x90-w-ramie-drewnianej-naturalnej","34":"pa_size-finishing-60x90-w-ramie-drewnianej-czarnej","35":"pa_size-finishing-80x120-standard","36":"pa_size-finishing-80x120-na-ptnie-woskim","37":"pa_size-finishing-80x120-premium-print","38":"pa_size-finishing-80x120-akustyczny","39":"pa_size-finishing-80x120-w-ramie-drewnianej-naturalnej","40":"pa_size-finishing-80x120-w-ramie-drewnianej-czarnej","42":"first","43":"instock","44":"purchasable","45":"product-type-variable","46":"has-default-attributes"},"aioseo_notices":[],"_links":{"self":[{"href":"https:\/\/interiorposter.com\/pl\/wp-json\/wp\/v2\/product\/393274","targetHints":{"allow":["GET"]}}],"collection":[{"href":"https:\/\/interiorposter.com\/pl\/wp-json\/wp\/v2\/product"}],"about":[{"href":"https:\/\/interiorposter.com\/pl\/wp-json\/wp\/v2\/types\/product"}],"replies":[{"embeddable":true,"href":"https:\/\/interiorposter.com\/pl\/wp-json\/wp\/v2\/comments?post=393274"}],"wp:featuredmedia":[{"embeddable":true,"href":"https:\/\/interiorposter.com\/pl\/wp-json\/wp\/v2\/media\/393276"}],"wp:attachment":[{"href":"https:\/\/interiorposter.com\/pl\/wp-json\/wp\/v2\/media?parent=393274"}],"wp:term":[{"taxonomy":"product_brand","embeddable":true,"href":"https:\/\/interiorposter.com\/pl\/wp-json\/wp\/v2\/product_brand?post=393274"},{"taxonomy":"product_cat","embeddable":true,"href":"https:\/\/interiorposter.com\/pl\/wp-json\/wp\/v2\/product_cat?post=393274"},{"taxonomy":"product_tag","embeddable":true,"href":"https:\/\/interiorposter.com\/pl\/wp-json\/wp\/v2\/product_tag?post=393274"}],"curies":[{"name":"wp","href":"https:\/\/api.w.org\/{rel}","templated":true}]}}