{"id":392617,"date":"2026-04-03T03:17:37","date_gmt":"2026-04-03T01:17:37","guid":{"rendered":"https:\/\/interiorposter.com\/?post_type=product&#038;p=392617"},"modified":"2026-05-11T03:51:35","modified_gmt":"2026-05-11T01:51:35","slug":"obraz-na-plotnie-kwiaty-pelne-koloru-i-elegancji","status":"publish","type":"product","link":"https:\/\/interiorposter.com\/pl\/product\/obraz-na-plotnie-kwiaty-pelne-koloru-i-elegancji\/","title":{"rendered":"Obraz na p\u0142\u00f3tnie kwiaty pe\u0142ne koloru i elegancji"},"content":{"rendered":"<p>Obraz na p\u0142\u00f3tnie z kompozycj\u0105 czerwonych i r\u00f3\u017cowych kwiat\u00f3w na ciemnym tle przyci\u0105ga wzrok intensywnym kolorem, elegancj\u0105 i zmys\u0142owym charakterem. G\u0142\u0119bokie odcienie czerwieni pi\u0119knie kontrastuj\u0105 z delikatnym r\u00f3\u017cem piwonii, fioletem drobnych kwiat\u00f3w oraz \u015bwie\u017c\u0105 zieleni\u0105 li\u015bci. To efektowny obraz na \u015bcian\u0119 do salonu, sypialni, biura, hotelu, restauracji lub przedpokoju, szczeg\u00f3lnie do wn\u0119trz nowoczesnych, glamour i inspirowanych natur\u0105. Dekoracja o\u017cywia aran\u017cacj\u0119, dodaje jej wyrazisto\u015bci i tworzy przytulny, kwiatowy akcent. Uk\u0142ad kolorystyczny jest ciemny i wielokolorowy, z dominacj\u0105 czerwieni, r\u00f3\u017cu, zieleni, fioletu i czerni.<\/p>\n","protected":false},"excerpt":{"rendered":"<p>Efektowny obraz na p\u0142\u00f3tnie z czerwonymi i r\u00f3\u017cowymi kwiatami na ciemnym tle. Elegancka dekoracja do salonu, sypialni lub biura.<\/p>\n","protected":false},"featured_media":392619,"comment_status":"closed","ping_status":"closed","template":"","meta":[],"product_brand":[],"product_cat":[88,110,76,73,91,125,85,70],"product_tag":[696,706,188],"class_list":{"0":"post-392617","1":"product","2":"type-product","3":"status-publish","4":"has-post-thumbnail","6":"product_cat-biuro","7":"product_cat-fotografia","8":"product_cat-hotel-pl","9":"product_cat-przedpokoj","10":"product_cat-restauracja","11":"product_cat-rosliny-i-kwiaty","12":"product_cat-salon","13":"product_cat-sypialnia","14":"product_tag-nowoczesne-obrazy","15":"product_tag-pionowy","16":"product_tag-wielokolorowy","17":"pa_size-finishing-20x30-standard","18":"pa_size-finishing-20x30-na-ptnie-woskim","19":"pa_size-finishing-20x30-premium-print","20":"pa_size-finishing-20x30-akustyczny","21":"pa_size-finishing-40x60-standard","22":"pa_size-finishing-40x60-na-ptnie-woskim","23":"pa_size-finishing-40x60-premium-print","24":"pa_size-finishing-40x60-akustyczny","25":"pa_size-finishing-40x60-w-ramie-drewnianej-naturalnej","26":"pa_size-finishing-40x60-w-ramie-drewnianej-czarnej","27":"pa_size-finishing-60x90-standard","28":"pa_size-finishing-60x90-na-ptnie-woskim","29":"pa_size-finishing-60x90-premium-print","30":"pa_size-finishing-60x90-akustyczny","31":"pa_size-finishing-60x90-w-ramie-drewnianej-naturalnej","32":"pa_size-finishing-60x90-w-ramie-drewnianej-czarnej","33":"pa_size-finishing-80x120-standard","34":"pa_size-finishing-80x120-na-ptnie-woskim","35":"pa_size-finishing-80x120-premium-print","36":"pa_size-finishing-80x120-akustyczny","37":"pa_size-finishing-80x120-w-ramie-drewnianej-naturalnej","38":"pa_size-finishing-80x120-w-ramie-drewnianej-czarnej","40":"first","41":"instock","42":"purchasable","43":"product-type-variable","44":"has-default-attributes"},"aioseo_notices":[],"_links":{"self":[{"href":"https:\/\/interiorposter.com\/pl\/wp-json\/wp\/v2\/product\/392617","targetHints":{"allow":["GET"]}}],"collection":[{"href":"https:\/\/interiorposter.com\/pl\/wp-json\/wp\/v2\/product"}],"about":[{"href":"https:\/\/interiorposter.com\/pl\/wp-json\/wp\/v2\/types\/product"}],"replies":[{"embeddable":true,"href":"https:\/\/interiorposter.com\/pl\/wp-json\/wp\/v2\/comments?post=392617"}],"wp:featuredmedia":[{"embeddable":true,"href":"https:\/\/interiorposter.com\/pl\/wp-json\/wp\/v2\/media\/392619"}],"wp:attachment":[{"href":"https:\/\/interiorposter.com\/pl\/wp-json\/wp\/v2\/media?parent=392617"}],"wp:term":[{"taxonomy":"product_brand","embeddable":true,"href":"https:\/\/interiorposter.com\/pl\/wp-json\/wp\/v2\/product_brand?post=392617"},{"taxonomy":"product_cat","embeddable":true,"href":"https:\/\/interiorposter.com\/pl\/wp-json\/wp\/v2\/product_cat?post=392617"},{"taxonomy":"product_tag","embeddable":true,"href":"https:\/\/interiorposter.com\/pl\/wp-json\/wp\/v2\/product_tag?post=392617"}],"curies":[{"name":"wp","href":"https:\/\/api.w.org\/{rel}","templated":true}]}}