{"id":391542,"date":"2026-04-03T02:51:14","date_gmt":"2026-04-03T00:51:14","guid":{"rendered":"https:\/\/interiorposter.com\/?post_type=product&#038;p=391542"},"modified":"2026-04-04T02:15:55","modified_gmt":"2026-04-04T00:15:55","slug":"szeroki-obraz-na-plotnie-czerwone-maki-w-eleganckim-kontrascie","status":"publish","type":"product","link":"https:\/\/interiorposter.com\/pl\/product\/szeroki-obraz-na-plotnie-czerwone-maki-w-eleganckim-kontrascie\/","title":{"rendered":"Szeroki obraz na p\u0142\u00f3tnie Czerwone maki w eleganckim kontra\u015bcie"},"content":{"rendered":"<p>Efektowny szeroki obraz na p\u0142\u00f3tnie z czerwonymi makami przyci\u0105ga spojrzenia wyrazist\u0105 kompozycj\u0105 i dekoracyjnym kontrastem. Intensywne czerwienie kwiat\u00f3w na jasnym, subtelnie szarym tle tworz\u0105 nowoczesny, a zarazem elegancki akcent, kt\u00f3ry o\u017cywia wn\u0119trze i dodaje mu energii. To doskona\u0142y obraz do salonu, sypialni, restauracji, hotelu, biura lub przedpokoju, szczeg\u00f3lnie tam, gdzie liczy si\u0119 stylowa dekoracja \u015bciany o mocniejszym charakterze. Kwiatowy motyw w panoramicznym uk\u0142adzie \u015bwietnie prezentuje si\u0119 nad sof\u0105, \u0142\u00f3\u017ckiem lub sto\u0142em, podkre\u015blaj\u0105c nowoczesn\u0105 aran\u017cacj\u0119 przestrzeni.<\/p>\n","protected":false},"excerpt":{"rendered":"<p>Szeroki obraz na p\u0142\u00f3tnie z czerwonymi makami na jasnym tle. Wyrazista i elegancka dekoracja do salonu, sypialni, restauracji i nowoczesnych wn\u0119trz.<\/p>\n","protected":false},"featured_media":391544,"comment_status":"closed","ping_status":"closed","template":"","meta":[],"product_brand":[],"product_cat":[88,76,299,104,107,73,91,125,85,70],"product_tag":[696,917,701,182,188],"class_list":{"0":"post-391542","1":"product","2":"type-product","3":"status-publish","4":"has-post-thumbnail","6":"product_cat-biuro","7":"product_cat-hotel-pl","8":"product_cat-malarskie","9":"product_cat-minimalistyczne","10":"product_cat-nowoczesne","11":"product_cat-przedpokoj","12":"product_cat-restauracja","13":"product_cat-rosliny-i-kwiaty","14":"product_cat-salon","15":"product_cat-sypialnia","16":"product_tag-nowoczesne-obrazy","17":"product_tag-panoramiczne","18":"product_tag-poziomy","19":"product_tag-szary","20":"product_tag-wielokolorowy","21":"pa_size-finishing-90x30-w-ramie-drewnianej-naturalnej","22":"pa_size-finishing-90x30-w-ramie-drewnianej-czarnej","23":"pa_size-finishing-120x40-standard","24":"pa_size-finishing-120x40-na-ptnie-woskim","25":"pa_size-finishing-120x40-premium-print","26":"pa_size-finishing-120x40-akustyczny","27":"pa_size-finishing-120x40-w-ramie-drewnianej-naturalnej","28":"pa_size-finishing-120x40-w-ramie-drewnianej-czarnej","29":"pa_size-finishing-135x45-standard","30":"pa_size-finishing-135x45-na-ptnie-woskim","31":"pa_size-finishing-135x45-premium-print","32":"pa_size-finishing-135x45-akustyczny","33":"pa_size-finishing-150x50-standard","34":"pa_size-finishing-150x50-na-ptnie-woskim","35":"pa_size-finishing-150x50-premium-print","36":"pa_size-finishing-150x50-akustyczny","37":"pa_size-finishing-150x50-w-ramie-drewnianej-naturalnej","38":"pa_size-finishing-150x50-w-ramie-drewnianej-czarnej","40":"first","41":"instock","42":"purchasable","43":"product-type-variable","44":"has-default-attributes"},"aioseo_notices":[],"_links":{"self":[{"href":"https:\/\/interiorposter.com\/pl\/wp-json\/wp\/v2\/product\/391542","targetHints":{"allow":["GET"]}}],"collection":[{"href":"https:\/\/interiorposter.com\/pl\/wp-json\/wp\/v2\/product"}],"about":[{"href":"https:\/\/interiorposter.com\/pl\/wp-json\/wp\/v2\/types\/product"}],"replies":[{"embeddable":true,"href":"https:\/\/interiorposter.com\/pl\/wp-json\/wp\/v2\/comments?post=391542"}],"wp:featuredmedia":[{"embeddable":true,"href":"https:\/\/interiorposter.com\/pl\/wp-json\/wp\/v2\/media\/391544"}],"wp:attachment":[{"href":"https:\/\/interiorposter.com\/pl\/wp-json\/wp\/v2\/media?parent=391542"}],"wp:term":[{"taxonomy":"product_brand","embeddable":true,"href":"https:\/\/interiorposter.com\/pl\/wp-json\/wp\/v2\/product_brand?post=391542"},{"taxonomy":"product_cat","embeddable":true,"href":"https:\/\/interiorposter.com\/pl\/wp-json\/wp\/v2\/product_cat?post=391542"},{"taxonomy":"product_tag","embeddable":true,"href":"https:\/\/interiorposter.com\/pl\/wp-json\/wp\/v2\/product_tag?post=391542"}],"curies":[{"name":"wp","href":"https:\/\/api.w.org\/{rel}","templated":true}]}}