{"id":39029,"date":"2025-12-28T17:09:35","date_gmt":"2025-12-28T16:09:35","guid":{"rendered":"https:\/\/interiorposter.com\/?post_type=product&#038;p=39029"},"modified":"2026-02-14T17:17:31","modified_gmt":"2026-02-14T16:17:31","slug":"zielony-las-we-mgle-obraz-na-plotnie-5-czesci","status":"publish","type":"product","link":"https:\/\/interiorposter.com\/pl\/product\/zielony-las-we-mgle-obraz-na-plotnie-5-czesci\/","title":{"rendered":"Obraz na p\u0142\u00f3tnie Zielony las we mgle 5 cz\u0119\u015bci"},"content":{"rendered":"<p>Ten 5-cz\u0119\u015bciowy obraz na p\u0142\u00f3tnie przedstawia g\u0119sty, zielony las iglasty zanurzony w mgle. Kompozycja ma wyra\u017ane warstwy &#8211; wida\u0107 kolejne plany drzew, a mi\u0119kka mg\u0142a przechodzi pomi\u0119dzy koronami, tworz\u0105c spokojny, lekko tajemniczy klimat. Wielocz\u0119\u015bciowy uk\u0142ad dodaje \u015bcianie rytmu i sprawia, \u017ce obraz na \u015bcian\u0119 wygl\u0105da nowocze\u015bnie, a jednocze\u015bnie nie jest ci\u0119\u017cki wizualnie. To dekoracja, kt\u00f3ra dobrze dzia\u0142a na co dzie\u0144 &#8211; uspokaja, porz\u0105dkuje przestrze\u0144 i daje wra\u017cenie \u015bwie\u017co\u015bci.<\/p>\n<p>Kolorystyka jest ch\u0142odna i naturalna: dominuj\u0105 r\u00f3\u017cne odcienie g\u0142\u0119bokiej zieleni oraz turkusowo-szare mg\u0142y, prze\u0142amane ciemniejszymi akcentami drzew. Taki obraz na p\u0142\u00f3tnie \u015bwietnie pasuje do wn\u0119trz skandynawskich, minimalistycznych i nowoczesnych, a tak\u017ce do aran\u017cacji z drewnem, jasnymi \u015bcianami i czarnymi dodatkami. Jako obraz do salonu sprawdzi si\u0119 nad sof\u0105 lub w strefie relaksu, gdzie ma budowa\u0107 spokojny nastr\u00f3j. W sypialni wprowadzi wyciszenie, w biurze pomo\u017ce skupi\u0107 uwag\u0119, a w przedpokoju stworzy eleganckie, naturalne pierwsze wra\u017cenie. To r\u00f3wnie\u017c dobry wyb\u00f3r do hotelu i restauracji, gdzie obrazy na \u015bcian\u0119 powinny tworzy\u0107 klimat i by\u0107 przyjemnym t\u0142em.<\/p>\n<p>Je\u015bli lubisz foto obrazy na p\u0142\u00f3tnie z motywem natury i szukasz dekoracji, kt\u00f3r\u0105 \u0142atwo dopasowa\u0107 do wielu kolor\u00f3w \u015bcian, ten wz\u00f3r b\u0119dzie bardzo uniwersalny. Obraz dost\u0119pny jest w 3 rozmiarach, a do wyboru s\u0105 dwa rodzaje p\u0142\u00f3tna: Canvas oraz Canvas Naturalny.<\/p>\n","protected":false},"excerpt":{"rendered":"<p>5-cz\u0119\u015bciowy obraz z zielonym lasem we mgle, w ch\u0142odnych zieleniach i szaro\u015bciach. Obraz na p\u0142\u00f3tnie do salonu i sypialni &#8211; spok\u00f3j, \u015bwie\u017co\u015b\u0107 i g\u0142\u0119bia.<\/p>\n","protected":false},"featured_media":141888,"comment_status":"open","ping_status":"closed","template":"","meta":[],"product_brand":[],"product_cat":[88,110,76,137,107,73,91,85,70],"product_tag":[531,188],"class_list":{"0":"post-39029","1":"product","2":"type-product","3":"status-publish","4":"has-post-thumbnail","6":"product_cat-biuro","7":"product_cat-fotografia","8":"product_cat-hotel-pl","9":"product_cat-krajobrazy","10":"product_cat-nowoczesne","11":"product_cat-przedpokoj","12":"product_cat-restauracja","13":"product_cat-salon","14":"product_cat-sypialnia","15":"product_tag-obraz-wieloczesciowy","16":"product_tag-wielokolorowy","18":"first","19":"instock","20":"taxable","21":"shipping-taxable","22":"purchasable","23":"product-type-variable","24":"has-default-attributes"},"aioseo_notices":[],"_links":{"self":[{"href":"https:\/\/interiorposter.com\/pl\/wp-json\/wp\/v2\/product\/39029","targetHints":{"allow":["GET"]}}],"collection":[{"href":"https:\/\/interiorposter.com\/pl\/wp-json\/wp\/v2\/product"}],"about":[{"href":"https:\/\/interiorposter.com\/pl\/wp-json\/wp\/v2\/types\/product"}],"replies":[{"embeddable":true,"href":"https:\/\/interiorposter.com\/pl\/wp-json\/wp\/v2\/comments?post=39029"}],"wp:featuredmedia":[{"embeddable":true,"href":"https:\/\/interiorposter.com\/pl\/wp-json\/wp\/v2\/media\/141888"}],"wp:attachment":[{"href":"https:\/\/interiorposter.com\/pl\/wp-json\/wp\/v2\/media?parent=39029"}],"wp:term":[{"taxonomy":"product_brand","embeddable":true,"href":"https:\/\/interiorposter.com\/pl\/wp-json\/wp\/v2\/product_brand?post=39029"},{"taxonomy":"product_cat","embeddable":true,"href":"https:\/\/interiorposter.com\/pl\/wp-json\/wp\/v2\/product_cat?post=39029"},{"taxonomy":"product_tag","embeddable":true,"href":"https:\/\/interiorposter.com\/pl\/wp-json\/wp\/v2\/product_tag?post=39029"}],"curies":[{"name":"wp","href":"https:\/\/api.w.org\/{rel}","templated":true}]}}