{"id":388656,"date":"2026-04-03T01:22:19","date_gmt":"2026-04-02T23:22:19","guid":{"rendered":"https:\/\/interiorposter.com\/?post_type=product&#038;p=388656"},"modified":"2026-04-04T01:57:01","modified_gmt":"2026-04-03T23:57:01","slug":"obraz-na-plotnie-lotos-i-kamienie-w-spokojnej-harmonii","status":"publish","type":"product","link":"https:\/\/interiorposter.com\/pl\/product\/obraz-na-plotnie-lotos-i-kamienie-w-spokojnej-harmonii\/","title":{"rendered":"Obraz na p\u0142\u00f3tnie Lotos i kamienie w spokojnej harmonii"},"content":{"rendered":"<p>Subtelny obraz na p\u0142\u00f3tnie z bia\u0142ym lotosem i g\u0142adkimi kamieniami na tafli wody wnosi do wn\u0119trza wyciszenie, r\u00f3wnowag\u0119 i elegancki minimalizm. Delikatna kompozycja inspirowana estetyk\u0105 spa zachwyca spokojnym uk\u0142adem oraz mi\u0119kkim przej\u015bciem mi\u0119dzy biel\u0105, szaro\u015bci\u0105 i jasnymi be\u017cami. To doskona\u0142y obraz do salonu, sypialni, \u0142azienki, hotelu lub biura, gdzie liczy si\u0119 harmonia i relaksuj\u0105ca atmosfera. Motyw natury w nowoczesnym, minimalistycznym wydaniu pi\u0119knie dope\u0142nia jasne aran\u017cacje i sprawia, \u017ce obraz na \u015bcian\u0119 staje si\u0119 stylowym akcentem sprzyjaj\u0105cym odpoczynkowi.<\/p>\n","protected":false},"excerpt":{"rendered":"<p>Jasny obraz na p\u0142\u00f3tnie z lotosem, kamieniami i spokojn\u0105 tafl\u0105 wody. Elegancka dekoracja do salonu, sypialni, \u0142azienki, hotelu i wn\u0119trz w stylu spa.<\/p>\n","protected":false},"featured_media":388658,"comment_status":"closed","ping_status":"closed","template":"","meta":[],"product_brand":[],"product_cat":[88,110,76,67,104,107,125,85,113,70],"product_tag":[276,696,279,701,182],"class_list":{"0":"post-388656","1":"product","2":"type-product","3":"status-publish","4":"has-post-thumbnail","6":"product_cat-biuro","7":"product_cat-fotografia","8":"product_cat-hotel-pl","9":"product_cat-lazienka","10":"product_cat-minimalistyczne","11":"product_cat-nowoczesne","12":"product_cat-rosliny-i-kwiaty","13":"product_cat-salon","14":"product_cat-skandynawskie","15":"product_cat-sypialnia","16":"product_tag-jasne","17":"product_tag-nowoczesne-obrazy","18":"product_tag-pastelowe","19":"product_tag-poziomy","20":"product_tag-szary","21":"pa_size-finishing-30x20-standard","22":"pa_size-finishing-30x20-na-ptnie-woskim","23":"pa_size-finishing-30x20-premium-print","24":"pa_size-finishing-30x20-akustyczny","25":"pa_size-finishing-60x40-standard","26":"pa_size-finishing-60x40-na-ptnie-woskim","27":"pa_size-finishing-60x40-premium-print","28":"pa_size-finishing-60x40-akustyczny","29":"pa_size-finishing-60x40-w-ramie-drewnianej-naturalnej","30":"pa_size-finishing-60x40-w-ramie-drewnianej-czarnej","31":"pa_size-finishing-90x60-standard","32":"pa_size-finishing-90x60-na-ptnie-woskim","33":"pa_size-finishing-90x60-premium-print","34":"pa_size-finishing-90x60-akustyczny","35":"pa_size-finishing-90x60-w-ramie-drewnianej-naturalnej","36":"pa_size-finishing-90x60-w-ramie-drewnianej-czarnej","37":"pa_size-finishing-120x80-standard","38":"pa_size-finishing-120x80-na-ptnie-woskim","39":"pa_size-finishing-120x80-premium-print","40":"pa_size-finishing-120x80-akustyczny","41":"pa_size-finishing-120x80-w-ramie-drewnianej-naturalnej","42":"pa_size-finishing-120x80-w-ramie-drewnianej-czarnej","44":"first","45":"instock","46":"purchasable","47":"product-type-variable","48":"has-default-attributes"},"aioseo_notices":[],"_links":{"self":[{"href":"https:\/\/interiorposter.com\/pl\/wp-json\/wp\/v2\/product\/388656","targetHints":{"allow":["GET"]}}],"collection":[{"href":"https:\/\/interiorposter.com\/pl\/wp-json\/wp\/v2\/product"}],"about":[{"href":"https:\/\/interiorposter.com\/pl\/wp-json\/wp\/v2\/types\/product"}],"replies":[{"embeddable":true,"href":"https:\/\/interiorposter.com\/pl\/wp-json\/wp\/v2\/comments?post=388656"}],"wp:featuredmedia":[{"embeddable":true,"href":"https:\/\/interiorposter.com\/pl\/wp-json\/wp\/v2\/media\/388658"}],"wp:attachment":[{"href":"https:\/\/interiorposter.com\/pl\/wp-json\/wp\/v2\/media?parent=388656"}],"wp:term":[{"taxonomy":"product_brand","embeddable":true,"href":"https:\/\/interiorposter.com\/pl\/wp-json\/wp\/v2\/product_brand?post=388656"},{"taxonomy":"product_cat","embeddable":true,"href":"https:\/\/interiorposter.com\/pl\/wp-json\/wp\/v2\/product_cat?post=388656"},{"taxonomy":"product_tag","embeddable":true,"href":"https:\/\/interiorposter.com\/pl\/wp-json\/wp\/v2\/product_tag?post=388656"}],"curies":[{"name":"wp","href":"https:\/\/api.w.org\/{rel}","templated":true}]}}