{"id":388437,"date":"2026-04-03T01:04:57","date_gmt":"2026-04-02T23:04:57","guid":{"rendered":"https:\/\/interiorposter.com\/?post_type=product&#038;p=388437"},"modified":"2026-04-04T01:50:22","modified_gmt":"2026-04-03T23:50:22","slug":"obraz-na-plotnie-deszczowy-wieczor-w-miejskim-blasku","status":"publish","type":"product","link":"https:\/\/interiorposter.com\/pl\/product\/obraz-na-plotnie-deszczowy-wieczor-w-miejskim-blasku\/","title":{"rendered":"Obraz na p\u0142\u00f3tnie Deszczowy wiecz\u00f3r w miejskim blasku"},"content":{"rendered":"<p>Nastrojowy obraz na p\u0142\u00f3tnie przedstawiaj\u0105cy deszczow\u0105 ulic\u0119 w miejskiej scenerii zachwyca artystycznym klimatem i eleganck\u0105 gr\u0105 \u015bwiate\u0142. Rozmyte sylwetki budynk\u00f3w, refleksy na mokrej jezdni oraz ciep\u0142e \u017c\u00f3\u0142te akcenty tworz\u0105 wyj\u0105tkow\u0105 kompozycj\u0119 pe\u0142n\u0105 g\u0142\u0119bi i emocji. To stylowy obraz do salonu, biura, hotelu, restauracji lub przedpokoju, kt\u00f3ry doskonale podkre\u015bla nowoczesny charakter wn\u0119trza. Ciemniejsza kolorystyka prze\u0142amana \u015bwiat\u0142em i kontrastem nadaje dekoracji wyrazisto\u015bci, a malarskie uj\u0119cie sprawia, \u017ce obraz na \u015bcian\u0119 przyci\u0105ga wzrok i buduje atmosfer\u0119 wielkiego miasta.<\/p>\n","protected":false},"excerpt":{"rendered":"<p>Klimatyczny obraz na p\u0142\u00f3tnie z deszczow\u0105 ulic\u0105 i \u015bwiat\u0142ami miasta. Stylowa dekoracja do salonu, biura, hotelu i nowoczesnych wn\u0119trz z charakterem.<\/p>\n","protected":false},"featured_media":388439,"comment_status":"closed","ping_status":"closed","template":"","meta":[],"product_brand":[],"product_cat":[88,76,299,122,104,267,107,73,91,85],"product_tag":[273,696,706,188],"class_list":{"0":"post-388437","1":"product","2":"type-product","3":"status-publish","4":"has-post-thumbnail","6":"product_cat-biuro","7":"product_cat-hotel-pl","8":"product_cat-malarskie","9":"product_cat-miasta-i-mosty","10":"product_cat-minimalistyczne","11":"product_cat-nocne","12":"product_cat-nowoczesne","13":"product_cat-przedpokoj","14":"product_cat-restauracja","15":"product_cat-salon","16":"product_tag-dark-pl","17":"product_tag-nowoczesne-obrazy","18":"product_tag-pionowy","19":"product_tag-wielokolorowy","20":"pa_size-finishing-20x30-standard","21":"pa_size-finishing-20x30-na-ptnie-woskim","22":"pa_size-finishing-20x30-premium-print","23":"pa_size-finishing-20x30-akustyczny","24":"pa_size-finishing-40x60-standard","25":"pa_size-finishing-40x60-na-ptnie-woskim","26":"pa_size-finishing-40x60-premium-print","27":"pa_size-finishing-40x60-akustyczny","28":"pa_size-finishing-40x60-w-ramie-drewnianej-naturalnej","29":"pa_size-finishing-40x60-w-ramie-drewnianej-czarnej","30":"pa_size-finishing-60x90-standard","31":"pa_size-finishing-60x90-na-ptnie-woskim","32":"pa_size-finishing-60x90-premium-print","33":"pa_size-finishing-60x90-akustyczny","34":"pa_size-finishing-60x90-w-ramie-drewnianej-naturalnej","35":"pa_size-finishing-60x90-w-ramie-drewnianej-czarnej","36":"pa_size-finishing-80x120-standard","37":"pa_size-finishing-80x120-na-ptnie-woskim","38":"pa_size-finishing-80x120-premium-print","39":"pa_size-finishing-80x120-akustyczny","40":"pa_size-finishing-80x120-w-ramie-drewnianej-naturalnej","41":"pa_size-finishing-80x120-w-ramie-drewnianej-czarnej","43":"first","44":"instock","45":"purchasable","46":"product-type-variable","47":"has-default-attributes"},"aioseo_notices":[],"_links":{"self":[{"href":"https:\/\/interiorposter.com\/pl\/wp-json\/wp\/v2\/product\/388437","targetHints":{"allow":["GET"]}}],"collection":[{"href":"https:\/\/interiorposter.com\/pl\/wp-json\/wp\/v2\/product"}],"about":[{"href":"https:\/\/interiorposter.com\/pl\/wp-json\/wp\/v2\/types\/product"}],"replies":[{"embeddable":true,"href":"https:\/\/interiorposter.com\/pl\/wp-json\/wp\/v2\/comments?post=388437"}],"wp:featuredmedia":[{"embeddable":true,"href":"https:\/\/interiorposter.com\/pl\/wp-json\/wp\/v2\/media\/388439"}],"wp:attachment":[{"href":"https:\/\/interiorposter.com\/pl\/wp-json\/wp\/v2\/media?parent=388437"}],"wp:term":[{"taxonomy":"product_brand","embeddable":true,"href":"https:\/\/interiorposter.com\/pl\/wp-json\/wp\/v2\/product_brand?post=388437"},{"taxonomy":"product_cat","embeddable":true,"href":"https:\/\/interiorposter.com\/pl\/wp-json\/wp\/v2\/product_cat?post=388437"},{"taxonomy":"product_tag","embeddable":true,"href":"https:\/\/interiorposter.com\/pl\/wp-json\/wp\/v2\/product_tag?post=388437"}],"curies":[{"name":"wp","href":"https:\/\/api.w.org\/{rel}","templated":true}]}}