{"id":386904,"date":"2026-04-03T00:30:49","date_gmt":"2026-04-02T22:30:49","guid":{"rendered":"https:\/\/interiorposter.com\/?post_type=product&#038;p=386904"},"modified":"2026-04-04T01:43:08","modified_gmt":"2026-04-03T23:43:08","slug":"obraz-na-plotnie-wieza-eiffla-w-artystycznej-odslonie","status":"publish","type":"product","link":"https:\/\/interiorposter.com\/pl\/product\/obraz-na-plotnie-wieza-eiffla-w-artystycznej-odslonie\/","title":{"rendered":"Obraz na p\u0142\u00f3tnie Wie\u017ca Eiffla w artystycznej ods\u0142onie"},"content":{"rendered":"<p>Stylowy obraz na p\u0142\u00f3tnie z Wie\u017c\u0105 Eiffla w malarskim uj\u0119ciu to elegancka dekoracja \u015bcienna, kt\u00f3ra wnosi do wn\u0119trza klimat podr\u00f3\u017cy, lekko\u015b\u0107 i ponadczasowy urok paryskiej architektury. Subtelnie rozmyta kompozycja w odcieniach b\u0142\u0119kitu, be\u017cu, br\u0105zu i bieli tworzy harmonijny efekt, kt\u00f3ry doskonale pasuje do salonu, sypialni, biura, hotelu, restauracji lub przedpokoju. To obraz na \u015bcian\u0119 idealny do wn\u0119trz nowoczesnych, minimalistycznych i inspirowanych miejskim stylem. Dekoracja przyci\u0105ga wzrok, a jednocze\u015bnie zachowuje delikatny, artystyczny charakter, dzi\u0119ki czemu pi\u0119knie dope\u0142nia eleganck\u0105 aran\u017cacj\u0119.<\/p>\n","protected":false},"excerpt":{"rendered":"<p>Artystyczny obraz na p\u0142\u00f3tnie z Wie\u017c\u0105 Eiffla w jasnej, stylowej kompozycji. Elegancka dekoracja do salonu, sypialni, biura i wn\u0119trz inspirowanych podr\u00f3\u017cami.<\/p>\n","protected":false},"featured_media":386906,"comment_status":"closed","ping_status":"closed","template":"","meta":[],"product_brand":[],"product_cat":[88,76,299,122,104,107,73,91,85,70],"product_tag":[276,696,279,706,188],"class_list":{"0":"post-386904","1":"product","2":"type-product","3":"status-publish","4":"has-post-thumbnail","6":"product_cat-biuro","7":"product_cat-hotel-pl","8":"product_cat-malarskie","9":"product_cat-miasta-i-mosty","10":"product_cat-minimalistyczne","11":"product_cat-nowoczesne","12":"product_cat-przedpokoj","13":"product_cat-restauracja","14":"product_cat-salon","15":"product_cat-sypialnia","16":"product_tag-jasne","17":"product_tag-nowoczesne-obrazy","18":"product_tag-pastelowe","19":"product_tag-pionowy","20":"product_tag-wielokolorowy","21":"pa_size-finishing-20x30-standard","22":"pa_size-finishing-20x30-na-ptnie-woskim","23":"pa_size-finishing-20x30-premium-print","24":"pa_size-finishing-20x30-akustyczny","25":"pa_size-finishing-40x60-standard","26":"pa_size-finishing-40x60-na-ptnie-woskim","27":"pa_size-finishing-40x60-premium-print","28":"pa_size-finishing-40x60-akustyczny","29":"pa_size-finishing-40x60-w-ramie-drewnianej-naturalnej","30":"pa_size-finishing-40x60-w-ramie-drewnianej-czarnej","31":"pa_size-finishing-60x90-standard","32":"pa_size-finishing-60x90-na-ptnie-woskim","33":"pa_size-finishing-60x90-premium-print","34":"pa_size-finishing-60x90-akustyczny","35":"pa_size-finishing-60x90-w-ramie-drewnianej-naturalnej","36":"pa_size-finishing-60x90-w-ramie-drewnianej-czarnej","37":"pa_size-finishing-80x120-standard","38":"pa_size-finishing-80x120-na-ptnie-woskim","39":"pa_size-finishing-80x120-premium-print","40":"pa_size-finishing-80x120-akustyczny","41":"pa_size-finishing-80x120-w-ramie-drewnianej-naturalnej","42":"pa_size-finishing-80x120-w-ramie-drewnianej-czarnej","44":"first","45":"instock","46":"purchasable","47":"product-type-variable","48":"has-default-attributes"},"aioseo_notices":[],"_links":{"self":[{"href":"https:\/\/interiorposter.com\/pl\/wp-json\/wp\/v2\/product\/386904","targetHints":{"allow":["GET"]}}],"collection":[{"href":"https:\/\/interiorposter.com\/pl\/wp-json\/wp\/v2\/product"}],"about":[{"href":"https:\/\/interiorposter.com\/pl\/wp-json\/wp\/v2\/types\/product"}],"replies":[{"embeddable":true,"href":"https:\/\/interiorposter.com\/pl\/wp-json\/wp\/v2\/comments?post=386904"}],"wp:featuredmedia":[{"embeddable":true,"href":"https:\/\/interiorposter.com\/pl\/wp-json\/wp\/v2\/media\/386906"}],"wp:attachment":[{"href":"https:\/\/interiorposter.com\/pl\/wp-json\/wp\/v2\/media?parent=386904"}],"wp:term":[{"taxonomy":"product_brand","embeddable":true,"href":"https:\/\/interiorposter.com\/pl\/wp-json\/wp\/v2\/product_brand?post=386904"},{"taxonomy":"product_cat","embeddable":true,"href":"https:\/\/interiorposter.com\/pl\/wp-json\/wp\/v2\/product_cat?post=386904"},{"taxonomy":"product_tag","embeddable":true,"href":"https:\/\/interiorposter.com\/pl\/wp-json\/wp\/v2\/product_tag?post=386904"}],"curies":[{"name":"wp","href":"https:\/\/api.w.org\/{rel}","templated":true}]}}