{"id":381270,"date":"2026-04-02T22:31:58","date_gmt":"2026-04-02T20:31:58","guid":{"rendered":"https:\/\/interiorposter.com\/?post_type=product&#038;p=381270"},"modified":"2026-04-05T00:39:49","modified_gmt":"2026-04-04T22:39:49","slug":"szeroki-obraz-na-plotnie-panorama-nowego-jorku-o-zmierzchu","status":"publish","type":"product","link":"https:\/\/interiorposter.com\/pl\/product\/szeroki-obraz-na-plotnie-panorama-nowego-jorku-o-zmierzchu\/","title":{"rendered":"Szeroki obraz na p\u0142\u00f3tnie Panorama Nowego Jorku o zmierzchu"},"content":{"rendered":"<p>Szeroki obraz na p\u0142\u00f3tnie z panoram\u0105 Nowego Jorku o zmierzchu zachwyca elegancj\u0105, nowoczesnym stylem i wyj\u0105tkowym blaskiem wielkiego miasta. Roz\u015bwietlone wie\u017cowce Manhattanu odbijaj\u0105ce si\u0119 w spokojnej tafli wody tworz\u0105 efektown\u0105 kompozycj\u0119 pe\u0142n\u0105 g\u0142\u0119bi, harmonii i miejskiego charakteru. Odcienie granatu, b\u0142\u0119kitu, fioletu i ciep\u0142ych \u015bwiate\u0142 nadaj\u0105 wn\u0119trzu wyrazisto\u015b\u0107, a jednocze\u015bnie buduj\u0105 stylowy, nastrojowy klimat. To doskona\u0142y obraz do salonu, biura, hotelu, restauracji lub przedpokoju, szczeg\u00f3lnie do aran\u017cacji nowoczesnych, loftowych i industrialnych. Taka dekoracja na \u015bcian\u0119 przyci\u0105ga wzrok i wnosi do przestrzeni energi\u0119, presti\u017c oraz atmosfer\u0119 Nowego Jorku.<\/p>\n","protected":false},"excerpt":{"rendered":"<p>Szeroki obraz na p\u0142\u00f3tnie z panoram\u0105 Nowego Jorku o zmierzchu i odbiciami \u015bwiate\u0142 w wodzie. Nowoczesna dekoracja do salonu, biura lub hotelu, kt\u00f3ra wnosi elegancj\u0119, energi\u0119 i wielkomiejski klimat.<\/p>\n","protected":false},"featured_media":381272,"comment_status":"closed","ping_status":"closed","template":"","meta":[],"product_brand":[],"product_cat":[88,110,76,134,137,122,267,107,73,91,85,70],"product_tag":[273,696,917,701,188],"class_list":{"0":"post-381270","1":"product","2":"type-product","3":"status-publish","4":"has-post-thumbnail","6":"product_cat-biuro","7":"product_cat-fotografia","8":"product_cat-hotel-pl","9":"product_cat-industrialne","10":"product_cat-krajobrazy","11":"product_cat-miasta-i-mosty","12":"product_cat-nocne","13":"product_cat-nowoczesne","14":"product_cat-przedpokoj","15":"product_cat-restauracja","16":"product_cat-salon","17":"product_cat-sypialnia","18":"product_tag-dark-pl","19":"product_tag-nowoczesne-obrazy","20":"product_tag-panoramiczne","21":"product_tag-poziomy","22":"product_tag-wielokolorowy","23":"pa_size-finishing-90x30-w-ramie-drewnianej-naturalnej","24":"pa_size-finishing-90x30-w-ramie-drewnianej-czarnej","25":"pa_size-finishing-120x40-standard","26":"pa_size-finishing-120x40-na-ptnie-woskim","27":"pa_size-finishing-120x40-premium-print","28":"pa_size-finishing-120x40-akustyczny","29":"pa_size-finishing-120x40-w-ramie-drewnianej-naturalnej","30":"pa_size-finishing-120x40-w-ramie-drewnianej-czarnej","31":"pa_size-finishing-135x45-standard","32":"pa_size-finishing-135x45-na-ptnie-woskim","33":"pa_size-finishing-135x45-premium-print","34":"pa_size-finishing-135x45-akustyczny","35":"pa_size-finishing-150x50-standard","36":"pa_size-finishing-150x50-na-ptnie-woskim","37":"pa_size-finishing-150x50-premium-print","38":"pa_size-finishing-150x50-akustyczny","39":"pa_size-finishing-150x50-w-ramie-drewnianej-naturalnej","40":"pa_size-finishing-150x50-w-ramie-drewnianej-czarnej","42":"first","43":"instock","44":"purchasable","45":"product-type-variable","46":"has-default-attributes"},"aioseo_notices":[],"_links":{"self":[{"href":"https:\/\/interiorposter.com\/pl\/wp-json\/wp\/v2\/product\/381270","targetHints":{"allow":["GET"]}}],"collection":[{"href":"https:\/\/interiorposter.com\/pl\/wp-json\/wp\/v2\/product"}],"about":[{"href":"https:\/\/interiorposter.com\/pl\/wp-json\/wp\/v2\/types\/product"}],"replies":[{"embeddable":true,"href":"https:\/\/interiorposter.com\/pl\/wp-json\/wp\/v2\/comments?post=381270"}],"wp:featuredmedia":[{"embeddable":true,"href":"https:\/\/interiorposter.com\/pl\/wp-json\/wp\/v2\/media\/381272"}],"wp:attachment":[{"href":"https:\/\/interiorposter.com\/pl\/wp-json\/wp\/v2\/media?parent=381270"}],"wp:term":[{"taxonomy":"product_brand","embeddable":true,"href":"https:\/\/interiorposter.com\/pl\/wp-json\/wp\/v2\/product_brand?post=381270"},{"taxonomy":"product_cat","embeddable":true,"href":"https:\/\/interiorposter.com\/pl\/wp-json\/wp\/v2\/product_cat?post=381270"},{"taxonomy":"product_tag","embeddable":true,"href":"https:\/\/interiorposter.com\/pl\/wp-json\/wp\/v2\/product_tag?post=381270"}],"curies":[{"name":"wp","href":"https:\/\/api.w.org\/{rel}","templated":true}]}}