{"id":380872,"date":"2026-04-02T22:24:05","date_gmt":"2026-04-02T20:24:05","guid":{"rendered":"https:\/\/interiorposter.com\/?post_type=product&#038;p=380872"},"modified":"2026-04-05T00:33:34","modified_gmt":"2026-04-04T22:33:34","slug":"szeroki-obraz-na-plotnie-panorama-nowego-jorku-w-czerni-i-bieli","status":"publish","type":"product","link":"https:\/\/interiorposter.com\/pl\/product\/szeroki-obraz-na-plotnie-panorama-nowego-jorku-w-czerni-i-bieli\/","title":{"rendered":"Szeroki obraz na p\u0142\u00f3tnie Panorama Nowego Jorku w czerni i bieli"},"content":{"rendered":"<p>Szeroki obraz na p\u0142\u00f3tnie z panoram\u0105 Nowego Jorku w czerni i bieli zachwyca elegancj\u0105, nowoczesnym charakterem i ponadczasowym stylem. Monumentalne wie\u017cowce Manhattanu, most oraz spokojna tafla wody tworz\u0105 efektown\u0105 kompozycj\u0119, kt\u00f3ra doskonale podkre\u015bla klimat loftowych i minimalistycznych wn\u0119trz. Kontrastowe odcienie czerni, bieli i szaro\u015bci nadaj\u0105 dekoracji wyrazisto\u015b\u0107, a jednocze\u015bnie pozwalaj\u0105 \u0142atwo dopasowa\u0107 j\u0105 do r\u00f3\u017cnych aran\u017cacji. To stylowy obraz do salonu, biura, hotelu, restauracji lub przedpokoju, kt\u00f3ry przyci\u0105ga wzrok i wnosi do przestrzeni wielkomiejsk\u0105 elegancj\u0119, harmoni\u0119 oraz wyj\u0105tkowy klimat Nowego Jorku.<\/p>\n","protected":false},"excerpt":{"rendered":"<p>Szeroki obraz na p\u0142\u00f3tnie z panoram\u0105 Nowego Jorku w czerni i bieli. Nowoczesna dekoracja do salonu, biura lub hotelu, kt\u00f3ra wnosi elegancj\u0119, miejski charakter i ponadczasowy styl.<\/p>\n","protected":false},"featured_media":380874,"comment_status":"closed","ping_status":"closed","template":"","meta":[],"product_brand":[],"product_cat":[88,110,76,134,137,122,107,73,91,85,70],"product_tag":[696,917,701,182],"class_list":{"0":"post-380872","1":"product","2":"type-product","3":"status-publish","4":"has-post-thumbnail","6":"product_cat-biuro","7":"product_cat-fotografia","8":"product_cat-hotel-pl","9":"product_cat-industrialne","10":"product_cat-krajobrazy","11":"product_cat-miasta-i-mosty","12":"product_cat-nowoczesne","13":"product_cat-przedpokoj","14":"product_cat-restauracja","15":"product_cat-salon","16":"product_cat-sypialnia","17":"product_tag-nowoczesne-obrazy","18":"product_tag-panoramiczne","19":"product_tag-poziomy","20":"product_tag-szary","21":"pa_size-finishing-90x30-w-ramie-drewnianej-naturalnej","22":"pa_size-finishing-90x30-w-ramie-drewnianej-czarnej","23":"pa_size-finishing-120x40-standard","24":"pa_size-finishing-120x40-na-ptnie-woskim","25":"pa_size-finishing-120x40-premium-print","26":"pa_size-finishing-120x40-akustyczny","27":"pa_size-finishing-120x40-w-ramie-drewnianej-naturalnej","28":"pa_size-finishing-120x40-w-ramie-drewnianej-czarnej","29":"pa_size-finishing-135x45-standard","30":"pa_size-finishing-135x45-na-ptnie-woskim","31":"pa_size-finishing-135x45-premium-print","32":"pa_size-finishing-135x45-akustyczny","33":"pa_size-finishing-150x50-standard","34":"pa_size-finishing-150x50-na-ptnie-woskim","35":"pa_size-finishing-150x50-premium-print","36":"pa_size-finishing-150x50-akustyczny","37":"pa_size-finishing-150x50-w-ramie-drewnianej-naturalnej","38":"pa_size-finishing-150x50-w-ramie-drewnianej-czarnej","40":"first","41":"instock","42":"purchasable","43":"product-type-variable","44":"has-default-attributes"},"aioseo_notices":[],"_links":{"self":[{"href":"https:\/\/interiorposter.com\/pl\/wp-json\/wp\/v2\/product\/380872","targetHints":{"allow":["GET"]}}],"collection":[{"href":"https:\/\/interiorposter.com\/pl\/wp-json\/wp\/v2\/product"}],"about":[{"href":"https:\/\/interiorposter.com\/pl\/wp-json\/wp\/v2\/types\/product"}],"replies":[{"embeddable":true,"href":"https:\/\/interiorposter.com\/pl\/wp-json\/wp\/v2\/comments?post=380872"}],"wp:featuredmedia":[{"embeddable":true,"href":"https:\/\/interiorposter.com\/pl\/wp-json\/wp\/v2\/media\/380874"}],"wp:attachment":[{"href":"https:\/\/interiorposter.com\/pl\/wp-json\/wp\/v2\/media?parent=380872"}],"wp:term":[{"taxonomy":"product_brand","embeddable":true,"href":"https:\/\/interiorposter.com\/pl\/wp-json\/wp\/v2\/product_brand?post=380872"},{"taxonomy":"product_cat","embeddable":true,"href":"https:\/\/interiorposter.com\/pl\/wp-json\/wp\/v2\/product_cat?post=380872"},{"taxonomy":"product_tag","embeddable":true,"href":"https:\/\/interiorposter.com\/pl\/wp-json\/wp\/v2\/product_tag?post=380872"}],"curies":[{"name":"wp","href":"https:\/\/api.w.org\/{rel}","templated":true}]}}