{"id":376897,"date":"2026-04-02T17:07:13","date_gmt":"2026-04-02T15:07:13","guid":{"rendered":"https:\/\/interiorposter.com\/?post_type=product&#038;p=376897"},"modified":"2026-05-03T00:00:07","modified_gmt":"2026-05-02T22:00:07","slug":"obraz-na-plotnie-wieza-eiffla-kolorowe-linie","status":"publish","type":"product","link":"https:\/\/interiorposter.com\/pl\/product\/obraz-na-plotnie-wieza-eiffla-kolorowe-linie\/","title":{"rendered":"Obraz na p\u0142\u00f3tnie Wie\u017ca Eiffla Kolorowe linie"},"content":{"rendered":"<p>Obraz na p\u0142\u00f3tnie z Wie\u017c\u0105 Eiffla i dynamicznymi kolorowymi liniami to dekoracja pe\u0142na energii, lekko\u015bci i miejskiego stylu. Minimalistyczna sylwetka na jasnym tle \u0142\u0105czy si\u0119 z czerwieni\u0105, \u017c\u00f3\u0142ci\u0105, b\u0142\u0119kitem, zieleni\u0105 i fioletem, tworz\u0105c nowoczesny akcent do wn\u0119trza. Ten obraz na \u015bcian\u0119 \u015bwietnie pasuje do salonu, sypialni, biura, hotelu, restauracji lub przedpokoju. Kompozycja sprawdzi si\u0119 w aran\u017cacjach nowoczesnych, minimalistycznych i skandynawskich, dodaj\u0105c przestrzeni \u015bwie\u017co\u015bci oraz artystycznego charakteru.<\/p>\n","protected":false},"excerpt":{"rendered":"","protected":false},"featured_media":376899,"comment_status":"closed","ping_status":"closed","template":"","meta":[],"product_brand":[],"product_cat":[88,212,76,291,122,104,107,73,91,85,70,209],"product_tag":[276,696,706,188],"class_list":{"0":"post-376897","1":"product","2":"type-product","3":"status-publish","4":"has-post-thumbnail","6":"product_cat-biuro","7":"product_cat-geometryczne","8":"product_cat-hotel-pl","9":"product_cat-ilustracje","10":"product_cat-miasta-i-mosty","11":"product_cat-minimalistyczne","12":"product_cat-nowoczesne","13":"product_cat-przedpokoj","14":"product_cat-restauracja","15":"product_cat-salon","16":"product_cat-sypialnia","17":"product_cat-sztuka-koncepcyjna","18":"product_tag-jasne","19":"product_tag-nowoczesne-obrazy","20":"product_tag-pionowy","21":"product_tag-wielokolorowy","22":"pa_size-finishing-20x30-standard","23":"pa_size-finishing-20x30-na-ptnie-woskim","24":"pa_size-finishing-20x30-premium-print","25":"pa_size-finishing-20x30-akustyczny","26":"pa_size-finishing-40x60-standard","27":"pa_size-finishing-40x60-na-ptnie-woskim","28":"pa_size-finishing-40x60-premium-print","29":"pa_size-finishing-40x60-akustyczny","30":"pa_size-finishing-40x60-w-ramie-drewnianej-naturalnej","31":"pa_size-finishing-40x60-w-ramie-drewnianej-czarnej","32":"pa_size-finishing-60x90-standard","33":"pa_size-finishing-60x90-na-ptnie-woskim","34":"pa_size-finishing-60x90-premium-print","35":"pa_size-finishing-60x90-akustyczny","36":"pa_size-finishing-60x90-w-ramie-drewnianej-naturalnej","37":"pa_size-finishing-60x90-w-ramie-drewnianej-czarnej","38":"pa_size-finishing-80x120-standard","39":"pa_size-finishing-80x120-na-ptnie-woskim","40":"pa_size-finishing-80x120-premium-print","41":"pa_size-finishing-80x120-akustyczny","42":"pa_size-finishing-80x120-w-ramie-drewnianej-naturalnej","43":"pa_size-finishing-80x120-w-ramie-drewnianej-czarnej","45":"first","46":"instock","47":"purchasable","48":"product-type-variable","49":"has-default-attributes"},"aioseo_notices":[],"_links":{"self":[{"href":"https:\/\/interiorposter.com\/pl\/wp-json\/wp\/v2\/product\/376897","targetHints":{"allow":["GET"]}}],"collection":[{"href":"https:\/\/interiorposter.com\/pl\/wp-json\/wp\/v2\/product"}],"about":[{"href":"https:\/\/interiorposter.com\/pl\/wp-json\/wp\/v2\/types\/product"}],"replies":[{"embeddable":true,"href":"https:\/\/interiorposter.com\/pl\/wp-json\/wp\/v2\/comments?post=376897"}],"wp:featuredmedia":[{"embeddable":true,"href":"https:\/\/interiorposter.com\/pl\/wp-json\/wp\/v2\/media\/376899"}],"wp:attachment":[{"href":"https:\/\/interiorposter.com\/pl\/wp-json\/wp\/v2\/media?parent=376897"}],"wp:term":[{"taxonomy":"product_brand","embeddable":true,"href":"https:\/\/interiorposter.com\/pl\/wp-json\/wp\/v2\/product_brand?post=376897"},{"taxonomy":"product_cat","embeddable":true,"href":"https:\/\/interiorposter.com\/pl\/wp-json\/wp\/v2\/product_cat?post=376897"},{"taxonomy":"product_tag","embeddable":true,"href":"https:\/\/interiorposter.com\/pl\/wp-json\/wp\/v2\/product_tag?post=376897"}],"curies":[{"name":"wp","href":"https:\/\/api.w.org\/{rel}","templated":true}]}}