{"id":375380,"date":"2026-04-02T16:38:58","date_gmt":"2026-04-02T14:38:58","guid":{"rendered":"https:\/\/interiorposter.com\/?post_type=product&#038;p=375380"},"modified":"2026-05-02T23:53:27","modified_gmt":"2026-05-02T21:53:27","slug":"obraz-na-plotnie-biale-piora-lekkosc-i-spokoj","status":"publish","type":"product","link":"https:\/\/interiorposter.com\/pl\/product\/obraz-na-plotnie-biale-piora-lekkosc-i-spokoj\/","title":{"rendered":"Obraz na p\u0142\u00f3tnie Bia\u0142e pi\u00f3ra Lekko\u015b\u0107 i spok\u00f3j"},"content":{"rendered":"<p>Obraz na p\u0142\u00f3tnie z delikatnymi bia\u0142ymi pi\u00f3rami na szarym, strukturalnym tle to subtelna dekoracja, kt\u00f3ra wnosi do wn\u0119trza lekko\u015b\u0107, spok\u00f3j i elegancj\u0119. Jasno-szara kolorystyka z mi\u0119kkimi kontrastami sprawia, \u017ce kompozycja pi\u0119knie prezentuje si\u0119 w salonie, sypialni, \u0142azience, hotelu, biurze lub przedpokoju. Motyw pi\u00f3r pasuje do aran\u017cacji nowoczesnych, glamour, skandynawskich i minimalistycznych, tworz\u0105c spokojny akcent na \u015bcianie.<\/p>\n","protected":false},"excerpt":{"rendered":"","protected":false},"featured_media":375382,"comment_status":"closed","ping_status":"closed","template":"","meta":[],"product_brand":[],"product_cat":[88,101,76,67,104,107,73,85,113,70,209,256],"product_tag":[276,696,706,182],"class_list":{"0":"post-375380","1":"product","2":"type-product","3":"status-publish","4":"has-post-thumbnail","6":"product_cat-biuro","7":"product_cat-glamour-pl","8":"product_cat-hotel-pl","9":"product_cat-lazienka","10":"product_cat-minimalistyczne","11":"product_cat-nowoczesne","12":"product_cat-przedpokoj","13":"product_cat-salon","14":"product_cat-skandynawskie","15":"product_cat-sypialnia","16":"product_cat-sztuka-koncepcyjna","17":"product_cat-zwierzeta-i-natura","18":"product_tag-jasne","19":"product_tag-nowoczesne-obrazy","20":"product_tag-pionowy","21":"product_tag-szary","22":"pa_size-finishing-20x30-standard","23":"pa_size-finishing-20x30-na-ptnie-woskim","24":"pa_size-finishing-20x30-premium-print","25":"pa_size-finishing-20x30-akustyczny","26":"pa_size-finishing-40x60-standard","27":"pa_size-finishing-40x60-na-ptnie-woskim","28":"pa_size-finishing-40x60-premium-print","29":"pa_size-finishing-40x60-akustyczny","30":"pa_size-finishing-40x60-w-ramie-drewnianej-naturalnej","31":"pa_size-finishing-40x60-w-ramie-drewnianej-czarnej","32":"pa_size-finishing-60x90-standard","33":"pa_size-finishing-60x90-na-ptnie-woskim","34":"pa_size-finishing-60x90-premium-print","35":"pa_size-finishing-60x90-akustyczny","36":"pa_size-finishing-60x90-w-ramie-drewnianej-naturalnej","37":"pa_size-finishing-60x90-w-ramie-drewnianej-czarnej","38":"pa_size-finishing-80x120-standard","39":"pa_size-finishing-80x120-na-ptnie-woskim","40":"pa_size-finishing-80x120-premium-print","41":"pa_size-finishing-80x120-akustyczny","42":"pa_size-finishing-80x120-w-ramie-drewnianej-naturalnej","43":"pa_size-finishing-80x120-w-ramie-drewnianej-czarnej","45":"first","46":"instock","47":"purchasable","48":"product-type-variable","49":"has-default-attributes"},"aioseo_notices":[],"_links":{"self":[{"href":"https:\/\/interiorposter.com\/pl\/wp-json\/wp\/v2\/product\/375380","targetHints":{"allow":["GET"]}}],"collection":[{"href":"https:\/\/interiorposter.com\/pl\/wp-json\/wp\/v2\/product"}],"about":[{"href":"https:\/\/interiorposter.com\/pl\/wp-json\/wp\/v2\/types\/product"}],"replies":[{"embeddable":true,"href":"https:\/\/interiorposter.com\/pl\/wp-json\/wp\/v2\/comments?post=375380"}],"wp:featuredmedia":[{"embeddable":true,"href":"https:\/\/interiorposter.com\/pl\/wp-json\/wp\/v2\/media\/375382"}],"wp:attachment":[{"href":"https:\/\/interiorposter.com\/pl\/wp-json\/wp\/v2\/media?parent=375380"}],"wp:term":[{"taxonomy":"product_brand","embeddable":true,"href":"https:\/\/interiorposter.com\/pl\/wp-json\/wp\/v2\/product_brand?post=375380"},{"taxonomy":"product_cat","embeddable":true,"href":"https:\/\/interiorposter.com\/pl\/wp-json\/wp\/v2\/product_cat?post=375380"},{"taxonomy":"product_tag","embeddable":true,"href":"https:\/\/interiorposter.com\/pl\/wp-json\/wp\/v2\/product_tag?post=375380"}],"curies":[{"name":"wp","href":"https:\/\/api.w.org\/{rel}","templated":true}]}}