{"id":367852,"date":"2026-04-02T14:22:34","date_gmt":"2026-04-02T12:22:34","guid":{"rendered":"https:\/\/interiorposter.com\/?post_type=product&#038;p=367852"},"modified":"2026-05-02T23:42:48","modified_gmt":"2026-05-02T21:42:48","slug":"obraz-na-plotnie-wieza-eiffla-czarno-biala-minimalistyczna","status":"publish","type":"product","link":"https:\/\/interiorposter.com\/pl\/product\/obraz-na-plotnie-wieza-eiffla-czarno-biala-minimalistyczna\/","title":{"rendered":"Obraz na p\u0142\u00f3tnie Wie\u017ca Eiffla Czarno-bia\u0142a minimalistyczna"},"content":{"rendered":"<p>Obraz na p\u0142\u00f3tnie z minimalistyczn\u0105 sylwetk\u0105 Wie\u017cy Eiffla to elegancka dekoracja dla mi\u0142o\u015bnik\u00f3w Pary\u017ca, podr\u00f3\u017cy i prostych, wyrazistych form. Czarno-bia\u0142a kompozycja na jasnym tle wprowadza do wn\u0119trza lekko\u015b\u0107, klas\u0119 i miejski charakter. Ten obraz na \u015bcian\u0119 \u015bwietnie sprawdzi si\u0119 w salonie, sypialni, biurze, hotelu, restauracji lub przedpokoju. Oszcz\u0119dna forma pasuje do aran\u017cacji nowoczesnych, skandynawskich i minimalistycznych, tworz\u0105c stylowy akcent bez przyt\u0142aczania przestrzeni.<\/p>\n","protected":false},"excerpt":{"rendered":"","protected":false},"featured_media":367854,"comment_status":"closed","ping_status":"closed","template":"","meta":[],"product_brand":[],"product_cat":[88,76,122,104,107,73,91,85,70],"product_tag":[276,696,701,182],"class_list":{"0":"post-367852","1":"product","2":"type-product","3":"status-publish","4":"has-post-thumbnail","6":"product_cat-biuro","7":"product_cat-hotel-pl","8":"product_cat-miasta-i-mosty","9":"product_cat-minimalistyczne","10":"product_cat-nowoczesne","11":"product_cat-przedpokoj","12":"product_cat-restauracja","13":"product_cat-salon","14":"product_cat-sypialnia","15":"product_tag-jasne","16":"product_tag-nowoczesne-obrazy","17":"product_tag-poziomy","18":"product_tag-szary","19":"pa_size-finishing-20x30-standard","20":"pa_size-finishing-20x30-na-ptnie-woskim","21":"pa_size-finishing-20x30-premium-print","22":"pa_size-finishing-20x30-akustyczny","23":"pa_size-finishing-40x60-standard","24":"pa_size-finishing-40x60-na-ptnie-woskim","25":"pa_size-finishing-40x60-premium-print","26":"pa_size-finishing-40x60-akustyczny","27":"pa_size-finishing-40x60-w-ramie-drewnianej-naturalnej","28":"pa_size-finishing-40x60-w-ramie-drewnianej-czarnej","29":"pa_size-finishing-60x90-standard","30":"pa_size-finishing-60x90-na-ptnie-woskim","31":"pa_size-finishing-60x90-premium-print","32":"pa_size-finishing-60x90-akustyczny","33":"pa_size-finishing-60x90-w-ramie-drewnianej-naturalnej","34":"pa_size-finishing-60x90-w-ramie-drewnianej-czarnej","35":"pa_size-finishing-80x120-standard","36":"pa_size-finishing-80x120-na-ptnie-woskim","37":"pa_size-finishing-80x120-premium-print","38":"pa_size-finishing-80x120-akustyczny","39":"pa_size-finishing-80x120-w-ramie-drewnianej-naturalnej","40":"pa_size-finishing-80x120-w-ramie-drewnianej-czarnej","42":"first","43":"instock","44":"purchasable","45":"product-type-variable","46":"has-default-attributes"},"aioseo_notices":[],"_links":{"self":[{"href":"https:\/\/interiorposter.com\/pl\/wp-json\/wp\/v2\/product\/367852","targetHints":{"allow":["GET"]}}],"collection":[{"href":"https:\/\/interiorposter.com\/pl\/wp-json\/wp\/v2\/product"}],"about":[{"href":"https:\/\/interiorposter.com\/pl\/wp-json\/wp\/v2\/types\/product"}],"replies":[{"embeddable":true,"href":"https:\/\/interiorposter.com\/pl\/wp-json\/wp\/v2\/comments?post=367852"}],"wp:featuredmedia":[{"embeddable":true,"href":"https:\/\/interiorposter.com\/pl\/wp-json\/wp\/v2\/media\/367854"}],"wp:attachment":[{"href":"https:\/\/interiorposter.com\/pl\/wp-json\/wp\/v2\/media?parent=367852"}],"wp:term":[{"taxonomy":"product_brand","embeddable":true,"href":"https:\/\/interiorposter.com\/pl\/wp-json\/wp\/v2\/product_brand?post=367852"},{"taxonomy":"product_cat","embeddable":true,"href":"https:\/\/interiorposter.com\/pl\/wp-json\/wp\/v2\/product_cat?post=367852"},{"taxonomy":"product_tag","embeddable":true,"href":"https:\/\/interiorposter.com\/pl\/wp-json\/wp\/v2\/product_tag?post=367852"}],"curies":[{"name":"wp","href":"https:\/\/api.w.org\/{rel}","templated":true}]}}