{"id":35479,"date":"2025-06-23T05:05:04","date_gmt":"2025-06-23T03:05:04","guid":{"rendered":"https:\/\/interiorposter.com\/?post_type=product&#038;p=35479"},"modified":"2026-03-19T01:30:06","modified_gmt":"2026-03-19T00:30:06","slug":"obraz-na-plotnie-fale-morskie-o-zachodzie-slonca","status":"publish","type":"product","link":"https:\/\/interiorposter.com\/pl\/product\/obraz-na-plotnie-fale-morskie-o-zachodzie-slonca\/","title":{"rendered":"Obraz na p\u0142\u00f3tnie Fale morskie o zachodzie s\u0142o\u0144ca"},"content":{"rendered":"<p>Wprowad\u017a do wn\u0119trza koj\u0105cy rytm morza: mi\u0119kkie fale rozbijaj\u0105 si\u0119 o brzeg, a s\u0142o\u0144ce chowa si\u0119 za horyzontem, zostawiaj\u0105c na wodzie \u015bwietlist\u0105 smug\u0119. Ten obraz na p\u0142\u00f3tnie tworzy spokojny, relaksuj\u0105cy nastr\u00f3j i pi\u0119knie otwiera przestrze\u0144, dodaj\u0105c jej lekko\u015bci. Pastelowa paleta b\u0142\u0119kit\u00f3w i turkus\u00f3w po\u0142\u0105czona z ciep\u0142ymi r\u00f3\u017cami oraz z\u0142otym odbiciem zachodu daje harmonijny, elegancki efekt na \u015bcianie. Idealny jako obraz do salonu, sypialni, biura, hotelu, restauracji lub przedpokoju, gdy szukasz nowoczesnych obraz\u00f3w na \u015bcian\u0119 z motywem morza.<\/p>\n","protected":false},"excerpt":{"rendered":"<p>Obraz na p\u0142\u00f3tnie z morskimi falami i zachodem s\u0142o\u0144ca. Turkusy i b\u0142\u0119kity po\u0142\u0105czone z r\u00f3\u017cowym \u015bwiat\u0142em wprowadzaj\u0105 spok\u00f3j i przyjemne ciep\u0142o.<\/p>\n","protected":false},"featured_media":146989,"comment_status":"open","ping_status":"closed","template":"","meta":[],"product_brand":[],"product_cat":[88,110,76,137,143,73,91,85,113,70],"product_tag":[701,188],"class_list":{"0":"post-35479","1":"product","2":"type-product","3":"status-publish","4":"has-post-thumbnail","6":"product_cat-biuro","7":"product_cat-fotografia","8":"product_cat-hotel-pl","9":"product_cat-krajobrazy","10":"product_cat-morze-i-wybrzeze","11":"product_cat-przedpokoj","12":"product_cat-restauracja","13":"product_cat-salon","14":"product_cat-skandynawskie","15":"product_cat-sypialnia","16":"product_tag-poziomy","17":"product_tag-wielokolorowy","19":"first","20":"instock","21":"taxable","22":"shipping-taxable","23":"purchasable","24":"product-type-variable","25":"has-default-attributes"},"aioseo_notices":[],"_links":{"self":[{"href":"https:\/\/interiorposter.com\/pl\/wp-json\/wp\/v2\/product\/35479","targetHints":{"allow":["GET"]}}],"collection":[{"href":"https:\/\/interiorposter.com\/pl\/wp-json\/wp\/v2\/product"}],"about":[{"href":"https:\/\/interiorposter.com\/pl\/wp-json\/wp\/v2\/types\/product"}],"replies":[{"embeddable":true,"href":"https:\/\/interiorposter.com\/pl\/wp-json\/wp\/v2\/comments?post=35479"}],"wp:featuredmedia":[{"embeddable":true,"href":"https:\/\/interiorposter.com\/pl\/wp-json\/wp\/v2\/media\/146989"}],"wp:attachment":[{"href":"https:\/\/interiorposter.com\/pl\/wp-json\/wp\/v2\/media?parent=35479"}],"wp:term":[{"taxonomy":"product_brand","embeddable":true,"href":"https:\/\/interiorposter.com\/pl\/wp-json\/wp\/v2\/product_brand?post=35479"},{"taxonomy":"product_cat","embeddable":true,"href":"https:\/\/interiorposter.com\/pl\/wp-json\/wp\/v2\/product_cat?post=35479"},{"taxonomy":"product_tag","embeddable":true,"href":"https:\/\/interiorposter.com\/pl\/wp-json\/wp\/v2\/product_tag?post=35479"}],"curies":[{"name":"wp","href":"https:\/\/api.w.org\/{rel}","templated":true}]}}