{"id":35386,"date":"2025-06-23T05:01:01","date_gmt":"2025-06-23T03:01:01","guid":{"rendered":"https:\/\/interiorposter.com\/?post_type=product&#038;p=35386"},"modified":"2026-03-19T01:30:10","modified_gmt":"2026-03-19T00:30:10","slug":"obraz-na-plotnie-potega-fali-w-turkusach-morskich","status":"publish","type":"product","link":"https:\/\/interiorposter.com\/pl\/product\/obraz-na-plotnie-potega-fali-w-turkusach-morskich\/","title":{"rendered":"Obraz na p\u0142\u00f3tnie Pot\u0119ga fali w turkusach morskich"},"content":{"rendered":"<p>Poczuj energi\u0119 oceanu we w\u0142asnym wn\u0119trzu: pot\u0119\u017cna, zawijaj\u0105ca si\u0119 fala tworzy dynamiczny kadr i natychmiast przyci\u0105ga wzrok. Ten obraz na p\u0142\u00f3tnie w stylu malarskim dodaje przestrzeni charakteru, \u015bwie\u017co\u015bci i wra\u017cenia ruchu, a jednocze\u015bnie wprowadza koj\u0105cy, nadmorski klimat. Ch\u0142odna paleta turkus\u00f3w, zieleni i g\u0142\u0119bokich b\u0142\u0119kit\u00f3w prze\u0142amana biel\u0105 piany pi\u0119knie roz\u015bwietla \u015bcian\u0119 i pasuje do aran\u017cacji nowoczesnych oraz skandynawskich. \u015awietny wyb\u00f3r jako obraz do salonu, sypialni, biura, hotelu, restauracji, przedpokoju, a tak\u017ce do \u0142azienki, gdy szukasz wyrazistej grafiki na \u015bcian\u0119 z motywem morza.<\/p>\n","protected":false},"excerpt":{"rendered":"<p>Dynamiczny obraz na p\u0142\u00f3tnie z monumentaln\u0105 fal\u0105 oceanu. Turkusy, b\u0142\u0119kity i biel piany wnosz\u0105 \u015bwie\u017co\u015b\u0107, energi\u0119 i nadmorski klimat.<\/p>\n","protected":false},"featured_media":146390,"comment_status":"open","ping_status":"closed","template":"","meta":[],"product_brand":[],"product_cat":[88,76,137,67,299,143,73,91,85,70],"product_tag":[701,188],"class_list":{"0":"post-35386","1":"product","2":"type-product","3":"status-publish","4":"has-post-thumbnail","6":"product_cat-biuro","7":"product_cat-hotel-pl","8":"product_cat-krajobrazy","9":"product_cat-lazienka","10":"product_cat-malarskie","11":"product_cat-morze-i-wybrzeze","12":"product_cat-przedpokoj","13":"product_cat-restauracja","14":"product_cat-salon","15":"product_cat-sypialnia","16":"product_tag-poziomy","17":"product_tag-wielokolorowy","19":"first","20":"instock","21":"taxable","22":"shipping-taxable","23":"purchasable","24":"product-type-variable","25":"has-default-attributes"},"aioseo_notices":[],"_links":{"self":[{"href":"https:\/\/interiorposter.com\/pl\/wp-json\/wp\/v2\/product\/35386","targetHints":{"allow":["GET"]}}],"collection":[{"href":"https:\/\/interiorposter.com\/pl\/wp-json\/wp\/v2\/product"}],"about":[{"href":"https:\/\/interiorposter.com\/pl\/wp-json\/wp\/v2\/types\/product"}],"replies":[{"embeddable":true,"href":"https:\/\/interiorposter.com\/pl\/wp-json\/wp\/v2\/comments?post=35386"}],"wp:featuredmedia":[{"embeddable":true,"href":"https:\/\/interiorposter.com\/pl\/wp-json\/wp\/v2\/media\/146390"}],"wp:attachment":[{"href":"https:\/\/interiorposter.com\/pl\/wp-json\/wp\/v2\/media?parent=35386"}],"wp:term":[{"taxonomy":"product_brand","embeddable":true,"href":"https:\/\/interiorposter.com\/pl\/wp-json\/wp\/v2\/product_brand?post=35386"},{"taxonomy":"product_cat","embeddable":true,"href":"https:\/\/interiorposter.com\/pl\/wp-json\/wp\/v2\/product_cat?post=35386"},{"taxonomy":"product_tag","embeddable":true,"href":"https:\/\/interiorposter.com\/pl\/wp-json\/wp\/v2\/product_tag?post=35386"}],"curies":[{"name":"wp","href":"https:\/\/api.w.org\/{rel}","templated":true}]}}