{"id":353047,"date":"2026-04-02T07:59:39","date_gmt":"2026-04-02T05:59:39","guid":{"rendered":"https:\/\/interiorposter.com\/?post_type=product&#038;p=353047"},"modified":"2026-04-05T00:18:49","modified_gmt":"2026-04-04T22:18:49","slug":"obraz-na-plotnie-kieliszki-wina-nad-brzegiem-morza","status":"publish","type":"product","link":"https:\/\/interiorposter.com\/pl\/product\/obraz-na-plotnie-kieliszki-wina-nad-brzegiem-morza\/","title":{"rendered":"Obraz na p\u0142\u00f3tnie Kieliszki wina nad brzegiem morza"},"content":{"rendered":"<p>Obraz na p\u0142\u00f3tnie z motywem dw\u00f3ch kieliszk\u00f3w czerwonego wina ustawionych przy nadmorskim brzegu zachwyca elegancj\u0105, spokojem i atmosfer\u0105 luksusowego relaksu. Ciep\u0142e \u015bwiat\u0142o, delikatny b\u0142\u0119kit wody, naturalny odcie\u0144 drewna oraz subtelne kwiatowe akcenty tworz\u0105 harmonijn\u0105 kompozycj\u0119 pe\u0142n\u0105 letniego uroku. To wyj\u0105tkowa dekoracja do salonu, kuchni, restauracji, hotelu lub jadalnianej cz\u0119\u015bci biura, idealna do wn\u0119trz nowoczesnych, stylowych i inspirowanych wakacyjnym klimatem. Ten obraz na \u015bcian\u0119 wprowadza do przestrzeni lekko\u015b\u0107, przyjemny nastr\u00f3j i elegancki charakter, przywo\u0142uj\u0105c skojarzenia z odpoczynkiem, smakiem i chwil\u0105 dla siebie.<\/p>\n","protected":false},"excerpt":{"rendered":"<p>Elegancki obraz na p\u0142\u00f3tnie z kieliszkami czerwonego wina nad morzem. Stylowa dekoracja do kuchni, salonu, restauracji lub hotelu, kt\u00f3ra wnosi relaks, ciep\u0142o i wakacyjny klimat.<\/p>\n","protected":false},"featured_media":353049,"comment_status":"closed","ping_status":"closed","template":"","meta":[],"product_brand":[],"product_cat":[88,110,101,76,82,143,107,91,85,128],"product_tag":[696,706,188],"class_list":{"0":"post-353047","1":"product","2":"type-product","3":"status-publish","4":"has-post-thumbnail","6":"product_cat-biuro","7":"product_cat-fotografia","8":"product_cat-glamour-pl","9":"product_cat-hotel-pl","10":"product_cat-kuchnia","11":"product_cat-morze-i-wybrzeze","12":"product_cat-nowoczesne","13":"product_cat-restauracja","14":"product_cat-salon","15":"product_cat-zywnosc","16":"product_tag-nowoczesne-obrazy","17":"product_tag-pionowy","18":"product_tag-wielokolorowy","19":"pa_size-finishing-20x30-standard","20":"pa_size-finishing-20x30-na-ptnie-woskim","21":"pa_size-finishing-20x30-premium-print","22":"pa_size-finishing-20x30-akustyczny","23":"pa_size-finishing-40x60-standard","24":"pa_size-finishing-40x60-na-ptnie-woskim","25":"pa_size-finishing-40x60-premium-print","26":"pa_size-finishing-40x60-akustyczny","27":"pa_size-finishing-40x60-w-ramie-drewnianej-naturalnej","28":"pa_size-finishing-40x60-w-ramie-drewnianej-czarnej","29":"pa_size-finishing-60x90-standard","30":"pa_size-finishing-60x90-na-ptnie-woskim","31":"pa_size-finishing-60x90-premium-print","32":"pa_size-finishing-60x90-akustyczny","33":"pa_size-finishing-60x90-w-ramie-drewnianej-naturalnej","34":"pa_size-finishing-60x90-w-ramie-drewnianej-czarnej","35":"pa_size-finishing-80x120-standard","36":"pa_size-finishing-80x120-na-ptnie-woskim","37":"pa_size-finishing-80x120-premium-print","38":"pa_size-finishing-80x120-akustyczny","39":"pa_size-finishing-80x120-w-ramie-drewnianej-naturalnej","40":"pa_size-finishing-80x120-w-ramie-drewnianej-czarnej","42":"first","43":"instock","44":"purchasable","45":"product-type-variable","46":"has-default-attributes"},"aioseo_notices":[],"_links":{"self":[{"href":"https:\/\/interiorposter.com\/pl\/wp-json\/wp\/v2\/product\/353047","targetHints":{"allow":["GET"]}}],"collection":[{"href":"https:\/\/interiorposter.com\/pl\/wp-json\/wp\/v2\/product"}],"about":[{"href":"https:\/\/interiorposter.com\/pl\/wp-json\/wp\/v2\/types\/product"}],"replies":[{"embeddable":true,"href":"https:\/\/interiorposter.com\/pl\/wp-json\/wp\/v2\/comments?post=353047"}],"wp:featuredmedia":[{"embeddable":true,"href":"https:\/\/interiorposter.com\/pl\/wp-json\/wp\/v2\/media\/353049"}],"wp:attachment":[{"href":"https:\/\/interiorposter.com\/pl\/wp-json\/wp\/v2\/media?parent=353047"}],"wp:term":[{"taxonomy":"product_brand","embeddable":true,"href":"https:\/\/interiorposter.com\/pl\/wp-json\/wp\/v2\/product_brand?post=353047"},{"taxonomy":"product_cat","embeddable":true,"href":"https:\/\/interiorposter.com\/pl\/wp-json\/wp\/v2\/product_cat?post=353047"},{"taxonomy":"product_tag","embeddable":true,"href":"https:\/\/interiorposter.com\/pl\/wp-json\/wp\/v2\/product_tag?post=353047"}],"curies":[{"name":"wp","href":"https:\/\/api.w.org\/{rel}","templated":true}]}}