{"id":352836,"date":"2026-04-02T07:56:34","date_gmt":"2026-04-02T05:56:34","guid":{"rendered":"https:\/\/interiorposter.com\/?post_type=product&#038;p=352836"},"modified":"2026-04-05T00:10:53","modified_gmt":"2026-04-04T22:10:53","slug":"obraz-na-plotnie-ptaki-na-tle-malarskiego-nieba","status":"publish","type":"product","link":"https:\/\/interiorposter.com\/pl\/product\/obraz-na-plotnie-ptaki-na-tle-malarskiego-nieba\/","title":{"rendered":"Obraz na p\u0142\u00f3tnie Ptaki na tle malarskiego nieba"},"content":{"rendered":"<p>Obraz na p\u0142\u00f3tnie z motywem stada ptak\u00f3w unosz\u0105cych si\u0119 na tle ekspresyjnego nieba zachwyca swobod\u0105, lekko\u015bci\u0105 i artystyczn\u0105 energi\u0105. Dynamiczna kompozycja w odcieniach b\u0142\u0119kitu, granatu, bieli, fioletu oraz delikatnych r\u00f3\u017c\u00f3w i z\u0142amanych \u017c\u00f3\u0142ci tworzy wyj\u0105tkow\u0105 dekoracj\u0119, kt\u00f3ra wnosi do wn\u0119trza przestrze\u0144, \u015bwiat\u0142o i wyrazisty charakter. To stylowy obraz do salonu, sypialni, biura, hotelu lub restauracji, idealny do aran\u017cacji nowoczesnych, malarskich i inspirowanych natur\u0105. Taki obraz na \u015bcian\u0119 przyci\u0105ga wzrok, o\u017cywia wn\u0119trze i buduje atmosfer\u0119 wolno\u015bci, spokoju oraz subtelnej elegancji.<\/p>\n","protected":false},"excerpt":{"rendered":"<p>Artystyczny obraz na p\u0142\u00f3tnie z ptakami na tle b\u0142\u0119kitno fioletowego nieba. Efektowna dekoracja do salonu, sypialni lub biura, kt\u00f3ra wnosi lekko\u015b\u0107, przestrze\u0144 i nowoczesny klimat.<\/p>\n","protected":false},"featured_media":352838,"comment_status":"closed","ping_status":"closed","template":"","meta":[],"product_brand":[],"product_cat":[88,76,137,299,104,91,85,70,256],"product_tag":[696,701,188],"class_list":{"0":"post-352836","1":"product","2":"type-product","3":"status-publish","4":"has-post-thumbnail","6":"product_cat-biuro","7":"product_cat-hotel-pl","8":"product_cat-krajobrazy","9":"product_cat-malarskie","10":"product_cat-minimalistyczne","11":"product_cat-restauracja","12":"product_cat-salon","13":"product_cat-sypialnia","14":"product_cat-zwierzeta-i-natura","15":"product_tag-nowoczesne-obrazy","16":"product_tag-poziomy","17":"product_tag-wielokolorowy","18":"pa_size-finishing-30x20-standard","19":"pa_size-finishing-30x20-na-ptnie-woskim","20":"pa_size-finishing-30x20-premium-print","21":"pa_size-finishing-30x20-akustyczny","22":"pa_size-finishing-60x40-standard","23":"pa_size-finishing-60x40-na-ptnie-woskim","24":"pa_size-finishing-60x40-premium-print","25":"pa_size-finishing-60x40-akustyczny","26":"pa_size-finishing-60x40-w-ramie-drewnianej-naturalnej","27":"pa_size-finishing-60x40-w-ramie-drewnianej-czarnej","28":"pa_size-finishing-90x60-standard","29":"pa_size-finishing-90x60-na-ptnie-woskim","30":"pa_size-finishing-90x60-premium-print","31":"pa_size-finishing-90x60-akustyczny","32":"pa_size-finishing-90x60-w-ramie-drewnianej-naturalnej","33":"pa_size-finishing-90x60-w-ramie-drewnianej-czarnej","34":"pa_size-finishing-120x80-standard","35":"pa_size-finishing-120x80-na-ptnie-woskim","36":"pa_size-finishing-120x80-premium-print","37":"pa_size-finishing-120x80-akustyczny","38":"pa_size-finishing-120x80-w-ramie-drewnianej-naturalnej","39":"pa_size-finishing-120x80-w-ramie-drewnianej-czarnej","41":"first","42":"instock","43":"purchasable","44":"product-type-variable","45":"has-default-attributes"},"aioseo_notices":[],"_links":{"self":[{"href":"https:\/\/interiorposter.com\/pl\/wp-json\/wp\/v2\/product\/352836","targetHints":{"allow":["GET"]}}],"collection":[{"href":"https:\/\/interiorposter.com\/pl\/wp-json\/wp\/v2\/product"}],"about":[{"href":"https:\/\/interiorposter.com\/pl\/wp-json\/wp\/v2\/types\/product"}],"replies":[{"embeddable":true,"href":"https:\/\/interiorposter.com\/pl\/wp-json\/wp\/v2\/comments?post=352836"}],"wp:featuredmedia":[{"embeddable":true,"href":"https:\/\/interiorposter.com\/pl\/wp-json\/wp\/v2\/media\/352838"}],"wp:attachment":[{"href":"https:\/\/interiorposter.com\/pl\/wp-json\/wp\/v2\/media?parent=352836"}],"wp:term":[{"taxonomy":"product_brand","embeddable":true,"href":"https:\/\/interiorposter.com\/pl\/wp-json\/wp\/v2\/product_brand?post=352836"},{"taxonomy":"product_cat","embeddable":true,"href":"https:\/\/interiorposter.com\/pl\/wp-json\/wp\/v2\/product_cat?post=352836"},{"taxonomy":"product_tag","embeddable":true,"href":"https:\/\/interiorposter.com\/pl\/wp-json\/wp\/v2\/product_tag?post=352836"}],"curies":[{"name":"wp","href":"https:\/\/api.w.org\/{rel}","templated":true}]}}